{"id":448217,"date":"2013-11-01T10:07:43","date_gmt":"2013-11-01T10:07:43","guid":{"rendered":"https:\/\/2013.porto.wordcamp.org\/?page_id=448217"},"modified":"2013-11-01T10:09:30","modified_gmt":"2013-11-01T10:09:30","slug":"programa","status":"publish","type":"page","link":"https:\/\/porto.wordcamp.org\/2013\/programa\/","title":{"rendered":"Programa"},"content":{"rendered":"<table class=\"wcpt-schedule\" border=\"0\"><thead><tr><th class=\"wcpt-col-time\">Hora<\/th><th class=\"wcpt-col-track\"> <span class=\"wcpt-track-name\"><\/span> <span class=\"wcpt-track-description\"><\/span> <\/th><\/tr><\/thead><tbody><tr class=\"wcpt-time-830 global-session registo\"><td class=\"wcpt-time\">8:30<\/td><td colspan=\"1\" class=\"wcpt-session-type-custom wcb-session-registo\" data-track-title=\"\" data-session-id=\"448240\"><div class=\"wcb-session-cell-content\"><span class=\"wcpt-session-title\">Registo<\/span><\/div><\/td><\/tr><tr class=\"wcpt-time-930 global-session abertura-oficial\"><td class=\"wcpt-time\">9:30<\/td><td colspan=\"1\" class=\"wcpt-session-type-session wcb-session-abertura-oficial\" data-track-title=\"\" data-session-id=\"448242\"><div class=\"wcb-session-cell-content\"><span class=\"wcpt-session-title\">Abertura oficial<\/span><\/div><div class=\"wcb-session-favourite-icon\"><a href=\"#\" role=\"button\" class=\"fav-session-button\" aria-pressed=\"false\"><span class=\"screen-reader-text\">Sess\u00e3o favorita: Abertura oficial<\/span><span class=\"dashicons dashicons-star-filled\"><\/span><\/a><\/div><\/td><\/tr><tr class=\"wcpt-time-945 global-session como-nasceu-a-comunidade-portuguesa-de-wordpress\"><td class=\"wcpt-time\">9:45<\/td><td colspan=\"1\" class=\"wcb-speaker-americo-dias wcpt-session-type-session wcb-session-americo-dias\" data-track-title=\"\" data-session-id=\"342669\"><div class=\"wcb-session-cell-content\"><span class=\"wcpt-session-title\">Como Nasceu a Comunidade Portuguesa de WordPress<\/span> <span class=\"wcpt-session-speakers\"><a href=\"https:\/\/porto.wordcamp.org\/2013\/oradores-confirmados\/#wcorg-speaker-americo-dias\">Am\u00e9rico Dias<\/a><\/span><\/div><div class=\"wcb-session-favourite-icon\"><a href=\"#\" role=\"button\" class=\"fav-session-button\" aria-pressed=\"false\"><span class=\"screen-reader-text\">Sess\u00e3o favorita: Como Nasceu a Comunidade Portuguesa de WordPress<\/span><span class=\"dashicons dashicons-star-filled\"><\/span><\/a><\/div><\/td><\/tr><tr class=\"wcpt-time-1000 global-session introduo-ao-wordpress-estruturas-de-contedo-e-arquitectura-de-informao\"><td class=\"wcpt-time\">10:00<\/td><td colspan=\"1\" class=\"wcb-speaker-hugo-baeta wcpt-session-type-session wcb-session-introducao-ao-wordpress-estruturas-de-conteudo-e-arquitectura-de-informacao\" data-track-title=\"\" data-session-id=\"448222\"><div class=\"wcb-session-cell-content\"><span class=\"wcpt-session-title\">Introdu\u00e7\u00e3o ao WordPress: Estruturas de conte\u00fado e arquitectura de informa\u00e7\u00e3o<\/span> <span class=\"wcpt-session-speakers\"><a href=\"https:\/\/porto.wordcamp.org\/2013\/oradores-confirmados\/#wcorg-speaker-hugo-baeta\">Hugo Baeta<\/a><\/span><\/div><div class=\"wcb-session-favourite-icon\"><a href=\"#\" role=\"button\" class=\"fav-session-button\" aria-pressed=\"false\"><span class=\"screen-reader-text\">Sess\u00e3o favorita: Introdu\u00e7\u00e3o ao WordPress: Estruturas de conte\u00fado e arquitectura de informa\u00e7\u00e3o<\/span><span class=\"dashicons dashicons-star-filled\"><\/span><\/a><\/div><\/td><\/tr><tr class=\"wcpt-time-1030 global-session wordpress-como-ferramenta-essencial-para-as-pme\"><td class=\"wcpt-time\">10:30<\/td><td colspan=\"1\" class=\"wcb-speaker-pedro-fonseca wcpt-session-type-session wcb-session-wordpress-como-ferramenta-essencial-para-as-pme\" data-track-title=\"\" data-session-id=\"448234\"><div class=\"wcb-session-cell-content\"><span class=\"wcpt-session-title\">WordPress como ferramenta essencial para as PME<\/span> <span class=\"wcpt-session-speakers\"><a href=\"https:\/\/porto.wordcamp.org\/2013\/oradores-confirmados\/#wcorg-speaker-pedro-fonseca\">Pedro Fonseca<\/a><\/span><\/div><div class=\"wcb-session-favourite-icon\"><a href=\"#\" role=\"button\" class=\"fav-session-button\" aria-pressed=\"false\"><span class=\"screen-reader-text\">Sess\u00e3o favorita: WordPress como ferramenta essencial para as PME<\/span><span class=\"dashicons dashicons-star-filled\"><\/span><\/a><\/div><\/td><\/tr><tr class=\"wcpt-time-1100 global-session pausa-para-caf\"><td class=\"wcpt-time\">11:00<\/td><td colspan=\"1\" class=\"wcpt-session-type-custom wcb-session-pausa-para-cafe\" data-track-title=\"\" data-session-id=\"448238\"><div class=\"wcb-session-cell-content\"><span class=\"wcpt-session-title\">Pausa para caf\u00e9<\/span><\/div><\/td><\/tr><tr class=\"wcpt-time-1130 global-session wordpress-tapas-tasty-small-recipes-for-delightful-development\"><td class=\"wcpt-time\">11:30<\/td><td colspan=\"1\" class=\"wcb-speaker-andrea-rota wcpt-session-type-session wcb-session-wordpress-tapas-tasty-small-recipes-for-delightful-development\" data-track-title=\"\" data-session-id=\"448236\"><div class=\"wcb-session-cell-content\"><span class=\"wcpt-session-title\">WordPress Tapas: tasty small recipes for delightful development<\/span> <span class=\"wcpt-session-speakers\"><a href=\"https:\/\/porto.wordcamp.org\/2013\/oradores-confirmados\/#wcorg-speaker-andrea-rota\">Andrea Rota<\/a><\/span><\/div><div class=\"wcb-session-favourite-icon\"><a href=\"#\" role=\"button\" class=\"fav-session-button\" aria-pressed=\"false\"><span class=\"screen-reader-text\">Sess\u00e3o favorita: WordPress Tapas: tasty small recipes for delightful development<\/span><span class=\"dashicons dashicons-star-filled\"><\/span><\/a><\/div><\/td><\/tr><tr class=\"wcpt-time-1200 global-session trs-hbitos-de-pessoas-altamente-ineficazes-os-clientes\"><td class=\"wcpt-time\">12:00<\/td><td colspan=\"1\" class=\"wcb-speaker-ana-aires wcpt-session-type-session wcb-session-tres-habitos-de-pessoas-altamente-ineficazes-os-clientes\" data-track-title=\"\" data-session-id=\"448244\"><div class=\"wcb-session-cell-content\"><span class=\"wcpt-session-title\">Tr\u00eas h\u00e1bitos de pessoas altamente ineficazes: Os clientes<\/span> <span class=\"wcpt-session-speakers\"><a href=\"https:\/\/porto.wordcamp.org\/2013\/oradores-confirmados\/#wcorg-speaker-ana-aires\">Ana Aires<\/a><\/span><\/div><div class=\"wcb-session-favourite-icon\"><a href=\"#\" role=\"button\" class=\"fav-session-button\" aria-pressed=\"false\"><span class=\"screen-reader-text\">Sess\u00e3o favorita: Tr\u00eas h\u00e1bitos de pessoas altamente ineficazes: Os clientes<\/span><span class=\"dashicons dashicons-star-filled\"><\/span><\/a><\/div><\/td><\/tr><tr class=\"wcpt-time-1230 global-session open-source-portal-wordpress\"><td class=\"wcpt-time\">12:30<\/td><td colspan=\"1\" class=\"wcb-speaker-vasco-leiria wcpt-session-type-session wcb-session-open-source-portal-wordpress\" data-track-title=\"\" data-session-id=\"448246\"><div class=\"wcb-session-cell-content\"><span class=\"wcpt-session-title\">Open Source + Portal = WordPress<\/span> <span class=\"wcpt-session-speakers\"><a href=\"https:\/\/porto.wordcamp.org\/2013\/oradores-confirmados\/#wcorg-speaker-vasco-leiria\">Vasco Leiria<\/a><\/span><\/div><div class=\"wcb-session-favourite-icon\"><a href=\"#\" role=\"button\" class=\"fav-session-button\" aria-pressed=\"false\"><span class=\"screen-reader-text\">Sess\u00e3o favorita: Open Source + Portal = WordPress<\/span><span class=\"dashicons dashicons-star-filled\"><\/span><\/a><\/div><\/td><\/tr><tr class=\"wcpt-time-1300 global-session almoo\"><td class=\"wcpt-time\">13:00<\/td><td colspan=\"1\" class=\"wcpt-session-type-custom wcb-session-almoco\" data-track-title=\"\" data-session-id=\"448248\"><div class=\"wcb-session-cell-content\"><span class=\"wcpt-session-title\">Almo\u00e7o<\/span><\/div><\/td><\/tr><tr class=\"wcpt-time-1430 global-session destruir-para-construir\"><td class=\"wcpt-time\">14:30<\/td><td colspan=\"1\" class=\"wcb-speaker-ana-neves wcpt-session-type-session wcb-session-destruir-para-construir\" data-track-title=\"\" data-session-id=\"448250\"><div class=\"wcb-session-cell-content\"><span class=\"wcpt-session-title\">Destruir para Construir<\/span> <span class=\"wcpt-session-speakers\"><a href=\"https:\/\/porto.wordcamp.org\/2013\/oradores-confirmados\/#wcorg-speaker-ana-neves\">Ana Neves<\/a><\/span><\/div><div class=\"wcb-session-favourite-icon\"><a href=\"#\" role=\"button\" class=\"fav-session-button\" aria-pressed=\"false\"><span class=\"screen-reader-text\">Sess\u00e3o favorita: Destruir para Construir<\/span><span class=\"dashicons dashicons-star-filled\"><\/span><\/a><\/div><\/td><\/tr><tr class=\"wcpt-time-1500 global-session 8-ways-to-hack-a-wordpress-site\"><td class=\"wcpt-time\">15:00<\/td><td colspan=\"1\" class=\"wcb-speaker-daniel-kanchev wcpt-session-type-session wcb-session-8-ways-to-hack-a-wordpress-site\" data-track-title=\"\" data-session-id=\"448252\"><div class=\"wcb-session-cell-content\"><span class=\"wcpt-session-title\">8 Ways to Hack a WordPress Site<\/span> <span class=\"wcpt-session-speakers\"><a href=\"https:\/\/porto.wordcamp.org\/2013\/oradores-confirmados\/#wcorg-speaker-daniel-kanchev\">Daniel Kanchev<\/a><\/span><\/div><div class=\"wcb-session-favourite-icon\"><a href=\"#\" role=\"button\" class=\"fav-session-button\" aria-pressed=\"false\"><span class=\"screen-reader-text\">Sess\u00e3o favorita: 8 Ways to Hack a WordPress Site<\/span><span class=\"dashicons dashicons-star-filled\"><\/span><\/a><\/div><\/td><\/tr><tr class=\"wcpt-time-1530 global-session going-global--build-and-manage-wordpress-multilingual-websites\"><td class=\"wcpt-time\">15:30<\/td><td colspan=\"1\" class=\"wcb-speaker-ana-couto wcpt-session-type-session wcb-session-going-global-build-and-manage-wordpress-multilingual-websites\" data-track-title=\"\" data-session-id=\"448254\"><div class=\"wcb-session-cell-content\"><span class=\"wcpt-session-title\">Going Global \u2013 Build and Manage WordPress Multilingual Websites<\/span> <span class=\"wcpt-session-speakers\"><a href=\"https:\/\/porto.wordcamp.org\/2013\/oradores-confirmados\/#wcorg-speaker-ana-couto\">Ana Couto<\/a><\/span><\/div><div class=\"wcb-session-favourite-icon\"><a href=\"#\" role=\"button\" class=\"fav-session-button\" aria-pressed=\"false\"><span class=\"screen-reader-text\">Sess\u00e3o favorita: Going Global \u2013 Build and Manage WordPress Multilingual Websites<\/span><span class=\"dashicons dashicons-star-filled\"><\/span><\/a><\/div><\/td><\/tr><tr class=\"wcpt-time-1600 global-session wordpress-setup-for-large-projects\"><td class=\"wcpt-time\">16:00<\/td><td colspan=\"1\" class=\"wcb-speaker-mario-peshev wcpt-session-type-session wcb-session-wordpress-setup-for-large-projects\" data-track-title=\"\" data-session-id=\"448258\"><div class=\"wcb-session-cell-content\"><span class=\"wcpt-session-title\">WordPress Setup for Large Projects<\/span> <span class=\"wcpt-session-speakers\"><a href=\"https:\/\/porto.wordcamp.org\/2013\/oradores-confirmados\/#wcorg-speaker-mario-peshev\">Mario Peshev<\/a><\/span><\/div><div class=\"wcb-session-favourite-icon\"><a href=\"#\" role=\"button\" class=\"fav-session-button\" aria-pressed=\"false\"><span class=\"screen-reader-text\">Sess\u00e3o favorita: WordPress Setup for Large Projects<\/span><span class=\"dashicons dashicons-star-filled\"><\/span><\/a><\/div><\/td><\/tr><tr class=\"wcpt-time-1630 global-session pausa-para-caf\"><td class=\"wcpt-time\">16:30<\/td><td colspan=\"1\" class=\"wcpt-session-type-custom wcb-session-pausa-para-cafe-2\" data-track-title=\"\" data-session-id=\"448256\"><div class=\"wcb-session-cell-content\"><span class=\"wcpt-session-title\">Pausa para caf\u00e9<\/span><\/div><\/td><\/tr><tr class=\"wcpt-time-1700 global-session wordpress-and-the-ten-year-itch\"><td class=\"wcpt-time\">17:00<\/td><td colspan=\"1\" class=\"wcb-speaker-siobhan-mckeown wcpt-session-type-session wcb-session-wordpress-and-the-ten-year-itch\" data-track-title=\"\" data-session-id=\"448260\"><div class=\"wcb-session-cell-content\"><span class=\"wcpt-session-title\">WordPress and the Ten Year Itch<\/span> <span class=\"wcpt-session-speakers\"><a href=\"https:\/\/porto.wordcamp.org\/2013\/oradores-confirmados\/#wcorg-speaker-siobhan-mckeown\">Siobhan McKeown<\/a><\/span><\/div><div class=\"wcb-session-favourite-icon\"><a href=\"#\" role=\"button\" class=\"fav-session-button\" aria-pressed=\"false\"><span class=\"screen-reader-text\">Sess\u00e3o favorita: WordPress and the Ten Year Itch<\/span><span class=\"dashicons dashicons-star-filled\"><\/span><\/a><\/div><\/td><\/tr><tr class=\"wcpt-time-1730 global-session hello-ideas-2-0\"><td class=\"wcpt-time\">17:30<\/td><td colspan=\"1\" class=\"wcb-speaker-hugo-fernandes wcpt-session-type-session wcb-session-hello-ideas-2-0\" data-track-title=\"\" data-session-id=\"448262\"><div class=\"wcb-session-cell-content\"><span class=\"wcpt-session-title\">Hello Ideas 2.0<\/span> <span class=\"wcpt-session-speakers\"><a href=\"https:\/\/porto.wordcamp.org\/2013\/oradores-confirmados\/#wcorg-speaker-hugo-fernandes\">Hugo Fernandes<\/a><\/span><\/div><div class=\"wcb-session-favourite-icon\"><a href=\"#\" role=\"button\" class=\"fav-session-button\" aria-pressed=\"false\"><span class=\"screen-reader-text\">Sess\u00e3o favorita: Hello Ideas 2.0<\/span><span class=\"dashicons dashicons-star-filled\"><\/span><\/a><\/div><\/td><\/tr><tr class=\"wcpt-time-1800 global-session comunidade-portuguesa-de-wordpress--desafios-para-o-futuro\"><td class=\"wcpt-time\">18:00<\/td><td colspan=\"1\" class=\"wcb-speaker-ze-fontainhas wcpt-session-type-session wcb-session-comunidade-portuguesa-de-wordpress-desafios-para-o-futuro\" data-track-title=\"\" data-session-id=\"448264\"><div class=\"wcb-session-cell-content\"><span class=\"wcpt-session-title\">Comunidade Portuguesa de WordPress \u2013 Desafios para o Futuro<\/span> <span class=\"wcpt-session-speakers\"><a href=\"https:\/\/porto.wordcamp.org\/2013\/oradores-confirmados\/#wcorg-speaker-ze-fontainhas\">Z\u00e9 Fontainhas<\/a><\/span><\/div><div class=\"wcb-session-favourite-icon\"><a href=\"#\" role=\"button\" class=\"fav-session-button\" aria-pressed=\"false\"><span class=\"screen-reader-text\">Sess\u00e3o favorita: Comunidade Portuguesa de WordPress \u2013 Desafios para o Futuro<\/span><span class=\"dashicons dashicons-star-filled\"><\/span><\/a><\/div><\/td><\/tr><tr class=\"wcpt-time-1830 global-session fecho-e-foto-de-famlia\"><td class=\"wcpt-time\">18:30<\/td><td colspan=\"1\" class=\"wcpt-session-type-custom wcb-session-fecho-e-foto-de-familia\" data-track-title=\"\" data-session-id=\"448266\"><div class=\"wcb-session-cell-content\"><span class=\"wcpt-session-title\">Fecho e Foto de Fam\u00edlia<\/span><\/div><\/td><\/tr><\/tbody><\/table>\n\t<div class=\"email-form fav-session-email-form-hide\">\n\t\t<!-- Tab links -->\n\t\t<div class=\"fav-session-share-tab\">\n\t\t\t\t\t\t\t<div class=\"fav-session-tablinks\" id=\"fav-session-btn-email\">\n\t\t\t\t\tEmail\t\t\t\t<\/div>\n\t\t\t\n\t\t\t<div class=\"fav-session-tablinks\" id=\"fav-session-btn-link\">\n\t\t\t\tLiga\u00e7\u00e3o\t\t\t<\/div>\n\n\t\t\t<div class=\"fav-session-tablinks\" id=\"fav-session-btn-print\">\n\t\t\t\tImprimir\t\t\t<\/div>\n\t\t<\/div>\n\n\t\t<!-- Tab content -->\n\t\t\t\t\t<div id=\"fav-session-tab-email\" class=\"fav-session-share-tabcontent\">\n\t\t\t\t<div id=\"fav-session-email-form\">\n\t\t\t\t\tEnvie-me as minhas sess\u00f5es favoritas:\n\t\t\t\t\t<form id=\"fav-sessions-form\">\n\t\t\t\t\t\t<input\n\t\t\t\t\t\t\ttype=\"text\"\n\t\t\t\t\t\t\tname=\"email_address\"\n\t\t\t\t\t\t\tid=\"fav-sessions-email-address\"\n\t\t\t\t\t\t\tplaceholder=\"me@protonmail.com\"\n\t\t\t\t\t\t\/>\n\t\t\t\t\t\t<input type=\"submit\" value=\"Enviar\" \/>\n\t\t\t\t\t<\/form>\n\t\t\t\t<\/div>\n\n\t\t\t\t<div class=\"fav-session-email-wait-spinner\"><\/div>\n\t\t\t\t<div class=\"fav-session-email-result\"><\/div>\n\t\t\t<\/div>\n\t\t\n\t\t<div id=\"fav-session-tab-link\" class=\"fav-session-share-tabcontent\">\n\t\t\tShareable link:\t\t\t<br \/>\n\t\t\t<a id=\"fav-sessions-link\" href=\"\"><\/a>\n\t\t<\/div>\n\n\t\t<div id=\"fav-session-tab-print\" class=\"fav-session-share-tabcontent\">\n\t\t\t<button id=\"fav-session-print\">\n\t\t\t\tPrint favorite sessions\t\t\t<\/button>\n\t\t<\/div>\n\t<\/div>\n\n\t<a class=\"show-email-form\" href=\"javascript:\">\n\t\t<span class=\"dashicons dashicons-star-filled\"><\/span>\n\t\t<span class=\"dashicons dashicons-email-alt\"><\/span>\n\t<\/a>\n\n\t\n","protected":false},"excerpt":{"rendered":"","protected":false},"author":113620,"featured_media":0,"parent":0,"menu_order":0,"comment_status":"closed","ping_status":"open","template":"","meta":{"_crdt_document":"","jetpack_post_was_ever_published":false,"footnotes":""},"class_list":["post-448217","page","type-page","status-publish","hentry"],"jetpack_sharing_enabled":true,"jetpack_shortlink":"https:\/\/wp.me\/P3pPTH-1SBj","_links":{"self":[{"href":"https:\/\/porto.wordcamp.org\/2013\/wp-json\/wp\/v2\/pages\/448217","targetHints":{"allow":["GET"]}}],"collection":[{"href":"https:\/\/porto.wordcamp.org\/2013\/wp-json\/wp\/v2\/pages"}],"about":[{"href":"https:\/\/porto.wordcamp.org\/2013\/wp-json\/wp\/v2\/types\/page"}],"author":[{"embeddable":true,"href":"https:\/\/porto.wordcamp.org\/2013\/wp-json\/wp\/v2\/users\/113620"}],"replies":[{"embeddable":true,"href":"https:\/\/porto.wordcamp.org\/2013\/wp-json\/wp\/v2\/comments?post=448217"}],"version-history":[{"count":4,"href":"https:\/\/porto.wordcamp.org\/2013\/wp-json\/wp\/v2\/pages\/448217\/revisions"}],"predecessor-version":[{"id":448233,"href":"https:\/\/porto.wordcamp.org\/2013\/wp-json\/wp\/v2\/pages\/448217\/revisions\/448233"}],"wp:attachment":[{"href":"https:\/\/porto.wordcamp.org\/2013\/wp-json\/wp\/v2\/media?parent=448217"}],"curies":[{"name":"wp","href":"https:\/\/api.w.org\/{rel}","templated":true}]}}