{"id":454083,"date":"2013-11-02T16:46:35","date_gmt":"2013-11-02T16:46:35","guid":{"rendered":"https:\/\/2013.porto.wordcamp.org\/?page_id=454083"},"modified":"2013-11-02T16:46:35","modified_gmt":"2013-11-02T16:46:35","slug":"apoios","status":"publish","type":"page","link":"https:\/\/porto.wordcamp.org\/2013\/apoios\/","title":{"rendered":"Apoios"},"content":{"rendered":"\n\t\t<div class=\"sponsors\">\n\t\t\t\t\t\t\t\n\t\t\t\t<div class=\"sponsor-level porto-vintage-ou-ouro\">\n\t\t\t\t\t<h2 class=\"sponsor-level-title\">\n\t\t\t\t\t\tPORTO VINTAGE\t\t\t\t\t<\/h2>\n\n\t\t\t\t\t\n\t\t\t\t\t<div id=\"post-317293\" class=\"sponsor post-317293 wcb_sponsor type-wcb_sponsor status-publish has-post-thumbnail hentry wcb_sponsor_level-porto-vintage-ou-ouro\" >\n\t\t\t\t\t\t<h3 class=\"entry-title sponsor-title\">\n\t\t\t\t\t\t\t<a href=\"https:\/\/porto.wordcamp.org\/2013\/sponsor\/bluehost\/\">\n\t\t\t\t\t\t\t\t<img loading=\"lazy\" decoding=\"async\" width=\"940\" height=\"198\" src=\"https:\/\/porto.wordcamp.org\/2013\/files\/2013\/09\/bluehost-logo13-940x198.png\" class=\"attachment-post-thumbnail size-post-thumbnail wp-post-image\" alt=\"\" \/>\t\t\t\t\t\t\t<\/a>\n\t\t\t\t\t\t<\/h3>\n\n\t\t\t\t\t\t<div class=\"entry-content sponsor-description\">\n\t\t\t\t\t\t\t<p>Bluehost has been a WordPress partner since 2005 and powers over one million WordPress sites. Their goal is to provide outstanding hosting services and customer support for the best possible price. Bluehost is also constantly innovating and upgrading their services and infrastructure at no additional cost to their customers. Join the millions of other website owners that have already chosen Bluehost and see how they can help you with your site.<\/p>\n\t\t\t\t\t\t<\/div>\n\t\t\t\t\t<\/div>\n\n\t\t\t\t\t\n\t\t\t\t<\/div>\n\t\t\t\t\t\t\t\n\t\t\t\t<div class=\"sponsor-level porto-late-bottled-vintage-ou-prata\">\n\t\t\t\t\t<h2 class=\"sponsor-level-title\">\n\t\t\t\t\t\tPORTO LATE BOTTLED VINTAGE\t\t\t\t\t<\/h2>\n\n\t\t\t\t\t\n\t\t\t\t\t<div id=\"post-317296\" class=\"sponsor post-317296 wcb_sponsor type-wcb_sponsor status-publish has-post-thumbnail hentry wcb_sponsor_level-porto-late-bottled-vintage-ou-prata\" >\n\t\t\t\t\t\t<h3 class=\"entry-title sponsor-title\">\n\t\t\t\t\t\t\t<a href=\"https:\/\/porto.wordcamp.org\/2013\/sponsor\/code-poet\/\">\n\t\t\t\t\t\t\t\t<img loading=\"lazy\" decoding=\"async\" width=\"280\" height=\"100\" src=\"https:\/\/porto.wordcamp.org\/2013\/files\/2013\/09\/Code-Poet-2.png\" class=\"attachment-post-thumbnail size-post-thumbnail wp-post-image\" alt=\"\" \/>\t\t\t\t\t\t\t<\/a>\n\t\t\t\t\t\t<\/h3>\n\n\t\t\t\t\t\t<div class=\"entry-content sponsor-description\">\n\t\t\t\t\t\t\t<p>\u201cIf you use WordPress to build things for other people, Code Poet wants to make your life easier. No matter whether you freelance on a solo basis, lead a small web shop, make plugins in a dark closet, or crack the whip at a large design firm, Code Poet\u2019s aim is to become your go-to source of information and resources to help you expand your WordPress skills and know-how. To make you better at what you do. To make it easier to make your living and look great doing it.<\/p>\n<p>You\u2019re part of a tribe of WordPress designers and developers over 10,000 strong, spanning the entire globe.\u00a0<a href=\"http:\/\/codepoet.com\/\" target=\"_blank\" rel=\"nofollow\">codepoet.com<\/a>\u00a0aims to bring the working knowledge and real world strategies of those people into one place, for you to tap into.\u201d<\/p>\n\t\t\t\t\t\t<\/div>\n\t\t\t\t\t<\/div>\n\n\t\t\t\t\t\n\t\t\t\t<\/div>\n\t\t\t\t\t\t\t\n\t\t\t\t<div class=\"sponsor-level porto-reserva-ou-bronze\">\n\t\t\t\t\t<h2 class=\"sponsor-level-title\">\n\t\t\t\t\t\tPORTO RESERVA\t\t\t\t\t<\/h2>\n\n\t\t\t\t\t\n\t\t\t\t\t<div id=\"post-317299\" class=\"sponsor post-317299 wcb_sponsor type-wcb_sponsor status-publish has-post-thumbnail hentry wcb_sponsor_level-porto-reserva-ou-bronze\" >\n\t\t\t\t\t\t<h3 class=\"entry-title sponsor-title\">\n\t\t\t\t\t\t\t<a href=\"https:\/\/porto.wordcamp.org\/2013\/sponsor\/samsys\/\">\n\t\t\t\t\t\t\t\t<img loading=\"lazy\" decoding=\"async\" width=\"544\" height=\"198\" src=\"https:\/\/porto.wordcamp.org\/2013\/files\/2013\/09\/samsys-1.png\" class=\"attachment-post-thumbnail size-post-thumbnail wp-post-image\" alt=\"\" srcset=\"https:\/\/porto.wordcamp.org\/2013\/files\/2013\/09\/samsys-1.png 544w, https:\/\/porto.wordcamp.org\/2013\/files\/2013\/09\/samsys-1-300x109.png 300w\" sizes=\"auto, (max-width: 544px) 100vw, 544px\" \/>\t\t\t\t\t\t\t<\/a>\n\t\t\t\t\t\t<\/h3>\n\n\t\t\t\t\t\t<div class=\"entry-content sponsor-description\">\n\t\t\t\t\t\t\t<p>A Samsys atua na \u00e1rea das TI&#8217;s e integra a presta\u00e7\u00e3o de servi\u00e7os de consultoria inform\u00e1tica, com a miss\u00e3o de desenvolver solu\u00e7\u00f5es que ajudem as empresas a crescer.<\/p>\n<p>A principal miss\u00e3o da Samsys \u00e9 encontrar a melhor solu\u00e7\u00e3o tecnol\u00f3gica, que colmate integralmente as necessidades espec\u00edficas dos nossos parceiros. N\u00e3o promove marcas, mas sim solu\u00e7\u00f5es globais cont\u00ednuas, ajustadas e personalizadas, permitindo a cria\u00e7\u00e3o de uma rela\u00e7\u00e3o de proximidade, estabilidade e fiabilidade.<\/p>\n<p>Conhe\u00e7a todas as solu\u00e7\u00f5es da Samsys em <a href=\"http:\/\/www.samsys.pt\" rel=\"nofollow\">Samsys.pt<\/a><\/p>\n\t\t\t\t\t\t<\/div>\n\t\t\t\t\t<\/div>\n\n\t\t\t\t\t\n\t\t\t\t\t<div id=\"post-381210\" class=\"sponsor post-381210 wcb_sponsor type-wcb_sponsor status-publish has-post-thumbnail hentry wcb_sponsor_level-porto-reserva-ou-bronze\" >\n\t\t\t\t\t\t<h3 class=\"entry-title sponsor-title\">\n\t\t\t\t\t\t\t<a href=\"https:\/\/porto.wordcamp.org\/2013\/sponsor\/woo-themes\/\">\n\t\t\t\t\t\t\t\t<img loading=\"lazy\" decoding=\"async\" width=\"600\" height=\"151\" src=\"https:\/\/porto.wordcamp.org\/2013\/files\/2013\/10\/woothemes-logo.png\" class=\"attachment-post-thumbnail size-post-thumbnail wp-post-image\" alt=\"\" srcset=\"https:\/\/porto.wordcamp.org\/2013\/files\/2013\/10\/woothemes-logo.png 600w, https:\/\/porto.wordcamp.org\/2013\/files\/2013\/10\/woothemes-logo-300x75.png 300w\" sizes=\"auto, (max-width: 600px) 100vw, 600px\" \/>\t\t\t\t\t\t\t<\/a>\n\t\t\t\t\t\t<\/h3>\n\n\t\t\t\t\t\t<div class=\"entry-content sponsor-description\">\n\t\t\t\t\t\t\t<p>A <a title=\"WooThemes\" href=\"http:\/\/www.woothemes.com\/\" target=\"_blank\" rel=\"nofollow\">WooThemes<\/a> cria temas de WordPress de qualidade superior, para todos os tipos de site, com um suporte ao cliente excepcional. D\u00ea ao seu site WordPress um aspecto profissional instalando um dos nossos temas em poucos minutos.<\/p>\n<p>Porqu\u00ea escolher a WooThemes?<br \/>\nOs nossos 92 temas 92 foram descarregados mais de 8 milh\u00f5es de vezes, por mais de 250 mil pessoas que preferiram os nossos temas.<\/p>\n<p>C\u00f3digo s\u00f3lido<br \/>\nTodos os temas assentam na WooFramework que torna f\u00e1cil a configura\u00e7\u00e3o de seu tema, op\u00e7\u00f5es de SEO e funcionalidades adicionais.<\/p>\n<p>Desenhos deslumbrantes<br \/>\nTemos um olho para bom design e muitos dos nossos temas s\u00e3o desenvolvidos por webdesigners conceituados.<\/p>\n<p>Suporte incr\u00edvel<br \/>\nTemos documenta\u00e7\u00e3o detalhada para todos os temas com v\u00eddeos profissionais, tutoriais, o WooCodex e provavelmente o melhor f\u00f3rum de suporte do mundo!<\/p>\n<p>Temas novos todos os meses<br \/>\nDisponibilizamos no m\u00ednimo de 1 tema novo por m\u00eas para que tenha sempre \u00e0 escolha uma grande variedade de novos desenhos para a constru\u00e7\u00e3o do seu site.<\/p>\n\t\t\t\t\t\t<\/div>\n\t\t\t\t\t<\/div>\n\n\t\t\t\t\t\n\t\t\t\t\t<div id=\"post-402519\" class=\"sponsor post-402519 wcb_sponsor type-wcb_sponsor status-publish has-post-thumbnail hentry wcb_sponsor_level-porto-reserva-ou-bronze\" >\n\t\t\t\t\t\t<h3 class=\"entry-title sponsor-title\">\n\t\t\t\t\t\t\t<a href=\"https:\/\/porto.wordcamp.org\/2013\/sponsor\/cssigniter\/\">\n\t\t\t\t\t\t\t\t<img loading=\"lazy\" decoding=\"async\" width=\"617\" height=\"198\" src=\"https:\/\/porto.wordcamp.org\/2013\/files\/2013\/10\/ci_logo-617x198.png\" class=\"attachment-post-thumbnail size-post-thumbnail wp-post-image\" alt=\"\" \/>\t\t\t\t\t\t\t<\/a>\n\t\t\t\t\t\t<\/h3>\n\n\t\t\t\t\t\t<div class=\"entry-content sponsor-description\">\n\t\t\t\t\t\t\t<p><a href=\"http:\/\/www.cssigniter.com\/ignite\/\" target=\"_blank\" rel=\"nofollow\">CSSIgniter<\/a>\u00a0are a commercial\u00a0<a href=\"http:\/\/www.cssigniter.com\/ignite\/themes\" target=\"_blank\" rel=\"nofollow\">WordPress theme company<\/a>\u00a0who provide some amazing looking themes ( currently over 45+ ) to 10,000+ customers so far. They aim to provide 2 new themes each and every month and they have a simple pricing model; $39 a year buys you access to all the current and future themes, a good deal when you consider the quality of them.<\/p>\n\t\t\t\t\t\t<\/div>\n\t\t\t\t\t<\/div>\n\n\t\t\t\t\t\n\t\t\t\t\t<div id=\"post-414894\" class=\"sponsor post-414894 wcb_sponsor type-wcb_sponsor status-publish has-post-thumbnail hentry wcb_sponsor_level-porto-reserva-ou-bronze\" >\n\t\t\t\t\t\t<h3 class=\"entry-title sponsor-title\">\n\t\t\t\t\t\t\t<a href=\"https:\/\/porto.wordcamp.org\/2013\/sponsor\/siteground\/\">\n\t\t\t\t\t\t\t\t<img loading=\"lazy\" decoding=\"async\" width=\"488\" height=\"111\" src=\"https:\/\/porto.wordcamp.org\/2013\/files\/2013\/10\/SITEGROUND.png\" class=\"attachment-post-thumbnail size-post-thumbnail wp-post-image\" alt=\"\" srcset=\"https:\/\/porto.wordcamp.org\/2013\/files\/2013\/10\/SITEGROUND.png 488w, https:\/\/porto.wordcamp.org\/2013\/files\/2013\/10\/SITEGROUND-300x68.png 300w\" sizes=\"auto, (max-width: 488px) 100vw, 488px\" \/>\t\t\t\t\t\t\t<\/a>\n\t\t\t\t\t\t<\/h3>\n\n\t\t\t\t\t\t<div class=\"entry-content sponsor-description\">\n\t\t\t\t\t\t\t<p><a href=\"http:\/\/www.siteground.com\/wordpress-hosting.htm\" target=\"_blank\" rel=\"nofollow\">SiteGround<\/a>, with over 9 years in the business, provides managed WordPress hosting that does not miss a thing!<\/p>\n<p>Their servers, available in 3 different data centers across the world including one in Europe, are optimized for ultimate WordPress speed and security and they provide many goodies for the WordPress fans \u2013 automatic updates for the core WordPress and its plugins, WordPress SuperCacher for ultimate speed acceleration, staging tool and GIT integration for the coders and unique WordPress autoinstaller for the starting users \u2013 all crafted in-house by the SiteGround team.<\/p>\n<p>And still they do not forget the importance of the good old standard hosting features like the domain name registration, the email service, control panel and the reasonable pricing. They also have a support team that is not only available 24\/7 by phone, chat and ticketing, but consists of WordPress enthusiasts who will help you with specific WordPress issues.<\/p>\n\t\t\t\t\t\t<\/div>\n\t\t\t\t\t<\/div>\n\n\t\t\t\t\t\n\t\t\t\t\t<div id=\"post-432977\" class=\"sponsor post-432977 wcb_sponsor type-wcb_sponsor status-publish has-post-thumbnail hentry wcb_sponsor_level-porto-reserva-ou-bronze\" >\n\t\t\t\t\t\t<h3 class=\"entry-title sponsor-title\">\n\t\t\t\t\t\t\t<a href=\"https:\/\/porto.wordcamp.org\/2013\/sponsor\/ptservidor\/\">\n\t\t\t\t\t\t\t\t<img loading=\"lazy\" decoding=\"async\" width=\"352\" height=\"122\" src=\"https:\/\/porto.wordcamp.org\/2013\/files\/2013\/10\/PTServidor.png\" class=\"attachment-post-thumbnail size-post-thumbnail wp-post-image\" alt=\"\" srcset=\"https:\/\/porto.wordcamp.org\/2013\/files\/2013\/10\/PTServidor.png 352w, https:\/\/porto.wordcamp.org\/2013\/files\/2013\/10\/PTServidor-300x103.png 300w\" sizes=\"auto, (max-width: 352px) 100vw, 352px\" \/>\t\t\t\t\t\t\t<\/a>\n\t\t\t\t\t\t<\/h3>\n\n\t\t\t\t\t\t<div class=\"entry-content sponsor-description\">\n\t\t\t\t\t\t\t<p>A <a title=\"PTServidor\" href=\"http:\/\/ptservidor.pt\/\" target=\"_blank\" rel=\"nofollow\">PTServidor<\/a> nasceu em Junho de 2006 est\u00e1 integrada no <em>pool<\/em> de servi\u00e7os da Sampling Line, Lda. e \u00e9 atualmente uma das marcas de refer\u00eancia em alojamento web, servi\u00e7os de internet e registo de dom\u00ednios a n\u00edvel Nacional.<\/p>\n<p>O nosso rigor, profissionalismo e compromisso ao longo dos anos fazem da PTServidor a empresa eleita para desenvolvimento e manuten\u00e7\u00e3o dos projetos de milhares de clientes.<\/p>\n<p>Oferecemos solu\u00e7\u00f5es de alojamento em <em>cloud<\/em>, sites WordPress chave na m\u00e3o, servidores virtuais, servidores dedicados, stream de r\u00e1dio, lojas <em>e-commerce<\/em> e servi\u00e7os de registro de dom\u00ednios, bem como uma vasta gama de solu\u00e7\u00f5es de software e licenciamento.<\/p>\n<p>No segmento de servi\u00e7os Premium disponibilizamos solu\u00e7\u00f5es de\u00a0<em>cloud<\/em>\u00a0empresarial, servidores dedicados, <em>housing<\/em> de servidores, solu\u00e7\u00f5es de infra-estrutura de datacenter e manuten\u00e7\u00e3o. Fornecemos ainda consultoria de TI, <em>hosting<\/em> e servi\u00e7os de manuten\u00e7\u00e3o para uma ampla gama de clientes (entidades p\u00fablicas, organiza\u00e7\u00f5es e empresas dos mais diversos ramos).<br \/>\nSomos um\u00a0<em><b>Registrar<\/b><\/em><strong> oficial<\/strong> da Associa\u00e7\u00e3o <b><a href=\"http:\/\/DNS.PT\" target=\"_blank\" rel=\"nofollow\">DNS.PT<\/a><\/b>, disponibilizando registo de dom\u00ednios de hierarquia .PT em condi\u00e7\u00f5es extremamente competitivas, ocupamos um lugar no Top 10 das maiores Registrars e fomos a primeira empresa Nacional a disponibilizar aos seus clientes a possibilidade de efetuar assinaturas criptogr\u00e1ficas de seguran\u00e7a <b>DNSSEC<\/b> em dom\u00ednios .PT.<\/p>\n<p>Membros associados da <b>ACEPI<\/b> (Associa\u00e7\u00e3o de Com\u00e9rcio Electr\u00f3nico e Publicidade Interactiva), da<b> ESOP<\/b> (Associa\u00e7\u00e3o de Empresas de Software Open Source Portuguesas) e da <b>RIPE NCC<\/b> (entidade respons\u00e1vel pela gest\u00e3o de endere\u00e7os IP na zona Europeia) sendo membro efetivo com o estatuto de <b>LIR<\/b> (Local Internet Registry) permitindo-nos assim dispor de gamas de endere\u00e7amento IPv4 e IPv6 pr\u00f3prias.<\/p>\n<p>Como pol\u00edtica de qualidade de servi\u00e7os a PT Servidor associou-se a parceiros estrat\u00e9gicos como a <strong>Microsoft, R1Soft, cPanel, Softaculous, Cloudlinux, Cloudflare, GlobalSign, Attracta, Google e Sapo <\/strong><strong>entre outras<\/strong>.<\/p>\n<p>A nossa empresa aposta na forma\u00e7\u00e3o cont\u00ednua dos seus colaboradores permitindo-nos apresentar pessoal qualificado e competente que em conjunto com os nossos comerciais desenvolvem e mant\u00eam numa base di\u00e1ria solu\u00e7\u00f5es de elevada qualidade para atender as necessidades espec\u00edficas de milhares de clientes satisfeitos, acompanhando-os de forma cont\u00ednua.<\/p>\n<p>Porque uma d\u00favida ou pedido de apoio pode surgir a qualquer momento independentemente do dia ou da hora os nossos servi\u00e7os t\u00e9cnicos e de suporte est\u00e3o dispon\u00edveis 24\/7\/365 efetivos conferindo seguran\u00e7a e garantia adicional aos nossos servi\u00e7os.<\/p>\n<p>A PTServidor tem um mundo de solu\u00e7\u00f5es ao seu dispor! <a title=\"PTServidor\" href=\"http:\/\/ptservidor.pt\/\" target=\"_blank\" rel=\"nofollow\">Venha conhecer-nos!<\/a><\/p>\n\t\t\t\t\t\t<\/div>\n\t\t\t\t\t<\/div>\n\n\t\t\t\t\t\n\t\t\t\t\t<div id=\"post-475559\" class=\"sponsor post-475559 wcb_sponsor type-wcb_sponsor status-publish has-post-thumbnail hentry wcb_sponsor_level-porto-reserva-ou-bronze\" >\n\t\t\t\t\t\t<h3 class=\"entry-title sponsor-title\">\n\t\t\t\t\t\t\t<a href=\"https:\/\/porto.wordcamp.org\/2013\/sponsor\/bind-tuning\/\">\n\t\t\t\t\t\t\t\t<img loading=\"lazy\" decoding=\"async\" width=\"500\" height=\"141\" src=\"https:\/\/porto.wordcamp.org\/2013\/files\/2013\/11\/BindTuning-logopq.png\" class=\"attachment-post-thumbnail size-post-thumbnail wp-post-image\" alt=\"\" srcset=\"https:\/\/porto.wordcamp.org\/2013\/files\/2013\/11\/BindTuning-logopq.png 500w, https:\/\/porto.wordcamp.org\/2013\/files\/2013\/11\/BindTuning-logopq-300x84.png 300w\" sizes=\"auto, (max-width: 500px) 100vw, 500px\" \/>\t\t\t\t\t\t\t<\/a>\n\t\t\t\t\t\t<\/h3>\n\n\t\t\t\t\t\t<div class=\"entry-content sponsor-description\">\n\t\t\t\t\t\t\t<p><a href=\"http:\/\/bindtuning.com\/\" target=\"_blank\" rel=\"nofollow\">Bind Tuning<\/a> \u00e9 um marketplace \u00fanico no mercado de temas para websites, dedicado a construir uma comunidade onde os melhores designers da ind\u00fastria vendem e partilham os seus temas, independentemente da plataforma, usando a tecnologia BindEngine\u00ae.<\/p>\n<p>A nossa framework suporta mais de uma dezena de plataformas CMS, incluindo\u00a0Wordpress, SharePoint, Office365, DotNetNuke, Kentico, Orchard e outras.<\/p>\n<p>\u00c9 uma &#8220;one-stop shop&#8221; onde pode seleccionar um design da sue prefer\u00eancia, customizar o aspecto em poucos clicks, e receber um tema totalmente personalizado em poucos minutos.<\/p>\n<p>Mais de 5000 empresas em todo o Mundo usam o Bind Tuning engine na cria\u00e7\u00e3o do branding para o seu website.<\/p>\n<p>Pronto para ser o pr\u00f3ximo?<\/p>\n\t\t\t\t\t\t<\/div>\n\t\t\t\t\t<\/div>\n\n\t\t\t\t\t\n\t\t\t\t<\/div>\n\t\t\t\t\t\t\t\n\t\t\t\t<div class=\"sponsor-level porto-tawny-ou-micro\">\n\t\t\t\t\t<h2 class=\"sponsor-level-title\">\n\t\t\t\t\t\tPORTO TAWNY\t\t\t\t\t<\/h2>\n\n\t\t\t\t\t\n\t\t\t\t\t<div id=\"post-317308\" class=\"sponsor post-317308 wcb_sponsor type-wcb_sponsor status-publish has-post-thumbnail hentry wcb_sponsor_level-porto-tawny-ou-micro\" >\n\t\t\t\t\t\t<h3 class=\"entry-title sponsor-title\">\n\t\t\t\t\t\t\t<a href=\"https:\/\/porto.wordcamp.org\/2013\/sponsor\/toolset\/\">\n\t\t\t\t\t\t\t\t<img loading=\"lazy\" decoding=\"async\" width=\"800\" height=\"198\" src=\"https:\/\/porto.wordcamp.org\/2013\/files\/2013\/09\/views-800x198.png\" class=\"attachment-post-thumbnail size-post-thumbnail wp-post-image\" alt=\"\" \/>\t\t\t\t\t\t\t<\/a>\n\t\t\t\t\t\t<\/h3>\n\n\t\t\t\t\t\t<div class=\"entry-content sponsor-description\">\n\t\t\t\t\t\t\t<div dir=\"ltr\">Views plugin lets you build WordPress sites from within the admin dashboard.<br \/>\nWith Views, you can develop custom functionality in a fraction of the time it takes to code it from scratch.<br \/>\nWant to build beautiful sites in days instead of weeks? Visit us at<a href=\"http:\/\/wp-types.com\/\" target=\"_blank\" rel=\"nofollow\">\u00a0wp-types.com<\/a><\/p>\n<ul>\n<li><span style=\"color: #444444;font-family: Georgia, 'Bitstream Charter', serif;line-height: 1.5\">Views works with any theme and other plugins.<\/span><\/li>\n<li><span style=\"color: #444444;font-family: Georgia, 'Bitstream Charter', serif;line-height: 1.5\">A powerful query engine lets you select what content to load.<\/span><\/li>\n<li><span style=\"color: #444444;font-family: Georgia, 'Bitstream Charter', serif;line-height: 1.5\">The render engine lets you quickly design templates and display them.<\/span><\/li>\n<li><span style=\"color: #444444;font-family: Georgia, 'Bitstream Charter', serif;line-height: 1.5\">Views fully supports WooCommerce, for rapid e-commerce development.<\/span><\/li>\n<li><span style=\"color: #444444;font-family: Georgia, 'Bitstream Charter', serif;line-height: 1.5\">Add custom product catalogs to any site, running any theme, in minutes.<\/span><\/li>\n<li><span style=\"color: #444444;font-family: Georgia, 'Bitstream Charter', serif;line-height: 1.5\">Create amazing product listings, sliders, and parametric searches.<\/span><\/li>\n<li><span style=\"color: #444444;font-family: Georgia, 'Bitstream Charter', serif;line-height: 1.5\">Build fully custom e-commerce sites from within the WordPress dashboard.<\/span><\/li>\n<\/ul>\n<p><a href=\"http:\/\/wp-types.com\/home\/views-create-elegant-displays-for-your-content\/\" target=\"_blank\" rel=\"nofollow\">http:\/\/wp-types.com\/home\/views-create-elegant-displays-for-your-content<\/a><\/p>\n<\/div>\n\t\t\t\t\t\t<\/div>\n\t\t\t\t\t<\/div>\n\n\t\t\t\t\t\n\t\t\t\t\t<div id=\"post-317305\" class=\"sponsor post-317305 wcb_sponsor type-wcb_sponsor status-publish has-post-thumbnail hentry wcb_sponsor_level-porto-tawny-ou-micro\" >\n\t\t\t\t\t\t<h3 class=\"entry-title sponsor-title\">\n\t\t\t\t\t\t\t<a href=\"https:\/\/porto.wordcamp.org\/2013\/sponsor\/wpml\/\">\n\t\t\t\t\t\t\t\t<img loading=\"lazy\" decoding=\"async\" width=\"245\" height=\"71\" src=\"https:\/\/porto.wordcamp.org\/2013\/files\/2013\/09\/wpml.png\" class=\"attachment-post-thumbnail size-post-thumbnail wp-post-image\" alt=\"\" \/>\t\t\t\t\t\t\t<\/a>\n\t\t\t\t\t\t<\/h3>\n\n\t\t\t\t\t\t<div class=\"entry-content sponsor-description\">\n\t\t\t\t\t\t\t<p><a href=\"http:\/\/wpml.org\/\" rel=\"nofollow\">WPML<\/a>\u00a0makes it easy to build and run multilingual WordPress websites.<\/p>\n<p>You\u2019ll be able to translate everything in the site, including content, navigation, widgets and even theme and plugin texts.<\/p>\n<p>WPML powers over 150,000 commercial websites from all over the world. It runs with custom WordPress themes, free themes and commercial themes.<\/p>\n<p>Want to go multilingual? Visit us at\u00a0<a href=\"http:\/\/wpml.org\/\" rel=\"nofollow\">WPML.org<\/a><\/p>\n\t\t\t\t\t\t<\/div>\n\t\t\t\t\t<\/div>\n\n\t\t\t\t\t\n\t\t\t\t<\/div>\n\t\t\t\t\t<\/div>\n\n\t\t\n","protected":false},"excerpt":{"rendered":"","protected":false},"author":10386948,"featured_media":0,"parent":0,"menu_order":0,"comment_status":"closed","ping_status":"open","template":"","meta":{"_crdt_document":"","jetpack_post_was_ever_published":false,"footnotes":""},"class_list":["post-454083","page","type-page","status-publish","hentry"],"jetpack_sharing_enabled":true,"jetpack_shortlink":"https:\/\/wp.me\/P3pPTH-1U7V","_links":{"self":[{"href":"https:\/\/porto.wordcamp.org\/2013\/wp-json\/wp\/v2\/pages\/454083","targetHints":{"allow":["GET"]}}],"collection":[{"href":"https:\/\/porto.wordcamp.org\/2013\/wp-json\/wp\/v2\/pages"}],"about":[{"href":"https:\/\/porto.wordcamp.org\/2013\/wp-json\/wp\/v2\/types\/page"}],"author":[{"embeddable":true,"href":"https:\/\/porto.wordcamp.org\/2013\/wp-json\/wp\/v2\/users\/10386948"}],"replies":[{"embeddable":true,"href":"https:\/\/porto.wordcamp.org\/2013\/wp-json\/wp\/v2\/comments?post=454083"}],"version-history":[{"count":1,"href":"https:\/\/porto.wordcamp.org\/2013\/wp-json\/wp\/v2\/pages\/454083\/revisions"}],"predecessor-version":[{"id":454084,"href":"https:\/\/porto.wordcamp.org\/2013\/wp-json\/wp\/v2\/pages\/454083\/revisions\/454084"}],"wp:attachment":[{"href":"https:\/\/porto.wordcamp.org\/2013\/wp-json\/wp\/v2\/media?parent=454083"}],"curies":[{"name":"wp","href":"https:\/\/api.w.org\/{rel}","templated":true}]}}