{"id":12,"date":"2016-01-13T18:21:18","date_gmt":"2016-01-13T18:21:18","guid":{"rendered":"https:\/\/2016.porto.wordcamp.org\/organizers\/"},"modified":"2016-02-03T11:42:41","modified_gmt":"2016-02-03T11:42:41","slug":"organizadores","status":"publish","type":"page","link":"https:\/\/porto.wordcamp.org\/2016\/organizadores\/","title":{"rendered":"Organizadores"},"content":{"rendered":"\t<div class=\"wcorg-organizers\">\n\n\t\t\n\t\t\t<div class=\"wcorg-organizer\">\n\t\t\t\t<h2>Vitor Silva<\/h2>\n\t\t\t\t<div class=\"wcorg-organizer-description\">\n\t\t\t\t\t\t\t\t\t\t<img alt='' src='https:\/\/secure.gravatar.com\/avatar\/f81f58ad909e8a213ab0a690f6ed65e5c0e0e2274bf35ac49ff31d7988d483ce?s=100&#038;d=mm&#038;r=g' srcset='https:\/\/secure.gravatar.com\/avatar\/f81f58ad909e8a213ab0a690f6ed65e5c0e0e2274bf35ac49ff31d7988d483ce?s=200&#038;d=mm&#038;r=g 2x' class='avatar avatar-100 photo' height='100' width='100' \/>\t\t\t\t\t<p>Em 1997 cruzou-se com uma coisa estranha chamada internet e fez uma aplica\u00e7\u00e3o em VRML, depois disso atirou-se para o desenvolvimento web em tecnologias Microsoft quando ASP ainda n\u00e3o era Classic ASP. Chega ao mundo dos blogs atrav\u00e9s do WordPress e entretanto hoje passa o dia a escrever mails e falar com clientes para garantir que projetos em WordPress (principalmente) acabam no tempo previsto e dentro do or\u00e7amento.\u00a0Co-organizador do WordCamp Porto 2013 e membro (razoavelmente) ativo da <a href=\"http:\/\/wp-portugal.com\/\">comunidade Portuguesa de WordPress<\/a>, organizou e participou como orador em encontros sobre o WordPress.<\/p>\n<p>Encontra-o no <a href=\"https:\/\/twitter.com\/vitorsilva\">twitter<\/a>\u00a0ou no podcast <a href=\"http:\/\/10web.pt\">10web.pt<\/a>.<\/p>\n\t\t\t\t<\/div>\n\t\t\t<\/div>\n\n\t\t\n\t\t\t<div class=\"wcorg-organizer\">\n\t\t\t\t<h2>Ricardo Correia<\/h2>\n\t\t\t\t<div class=\"wcorg-organizer-description\">\n\t\t\t\t\t\t\t\t\t\t<img alt='' src='https:\/\/secure.gravatar.com\/avatar\/fd31d429b27faca03ca12fd06d997e5f1ff30400009f088fae7dedbe55809746?s=100&#038;d=mm&#038;r=g' srcset='https:\/\/secure.gravatar.com\/avatar\/fd31d429b27faca03ca12fd06d997e5f1ff30400009f088fae7dedbe55809746?s=200&#038;d=mm&#038;r=g 2x' class='avatar avatar-100 photo' height='100' width='100' \/>\t\t\t\t\t<p>Co-organizador do WordCamp Porto 2013 e membro ativo da comunidade portuguesa de WordPress, j\u00e1 participou como orador em diversos meetups. Trabalha todos os dias como WordPress developer desde 2012 e \u00e9 co-apresentador do podcast 10web.pt.<\/p>\n\t\t\t\t<\/div>\n\t\t\t<\/div>\n\n\t\t\n\t\t\t<div class=\"wcorg-organizer\">\n\t\t\t\t<h2>Pedro Fonseca<\/h2>\n\t\t\t\t<div class=\"wcorg-organizer-description\">\n\t\t\t\t\t\t\t\t\t\t<img alt='' src='https:\/\/secure.gravatar.com\/avatar\/4b74cbe93bf983ec8754602e9870161d43804d754048baea1e39affb51ab64c3?s=100&#038;d=mm&#038;r=g' srcset='https:\/\/secure.gravatar.com\/avatar\/4b74cbe93bf983ec8754602e9870161d43804d754048baea1e39affb51ab64c3?s=200&#038;d=mm&#038;r=g 2x' class='avatar avatar-100 photo' height='100' width='100' \/>\t\t\t\t\t<p>Criou o seu primeiro espa\u00e7o usando o WordPress no final de 2006. J\u00e1 tinha experimentado outras ferramentas e plataformas de publica\u00e7\u00e3o mas quando chegou ao WordPress deu-se o \u2018click\u2019, uma esp\u00e9cie de amor \u00e0 primeira vista.\u00a0Membro ativo da comunidade Portuguesa, organizou e participou como orador em diversos encontros sobre o WordPress.<\/p>\n<p>Dizem que gosta de dar dicas sobre WordPress, normalmente enquanto toma um caf\u00e9. Mas se houver tempo (e caf\u00e9 suficiente) talvez o encontrem a dar forma\u00e7\u00e3o.<\/p>\n\t\t\t\t<\/div>\n\t\t\t<\/div>\n\n\t\t\n\t\t\t<div class=\"wcorg-organizer\">\n\t\t\t\t<h2>Marco Pereirinha<\/h2>\n\t\t\t\t<div class=\"wcorg-organizer-description\">\n\t\t\t\t\t\t\t\t\t\t<img alt='' src='https:\/\/secure.gravatar.com\/avatar\/c39515aed157b1682649f99b0da7a0e7aa18786e9a56fedb165c8dbbb63fd7a6?s=100&#038;d=mm&#038;r=g' srcset='https:\/\/secure.gravatar.com\/avatar\/c39515aed157b1682649f99b0da7a0e7aa18786e9a56fedb165c8dbbb63fd7a6?s=200&#038;d=mm&#038;r=g 2x' class='avatar avatar-100 photo' height='100' width='100' \/>\t\t\t\t\t<p>O Marco abandonou o seu CMS e rendeu-se aos encantos do WordPress por volta de 2010. Membro activo da comunidade Portuguesa, organizou e participou como orador em diversos encontros sobre o WordPress. Foi tamb\u00e9m co-organizador do WordCamp Porto 2013. Profissionalmente, exerce fun\u00e7\u00f5es de developer.<\/p>\n<p>Encontra-o no <a href=\"https:\/\/twitter.com\/porreirinha\" target=\"_blank\">twitter<\/a>.<\/p>\n\t\t\t\t<\/div>\n\t\t\t<\/div>\n\n\t\t\n\t\t\t<div class=\"wcorg-organizer\">\n\t\t\t\t<h2>Jos\u00e9 Freitas<\/h2>\n\t\t\t\t<div class=\"wcorg-organizer-description\">\n\t\t\t\t\t\t\t\t\t\t<img alt='' src='https:\/\/secure.gravatar.com\/avatar\/17ef1169e297fa92fdd7fd7d6d58d0d8586aa17a47f36d2808a438c442a82bed?s=100&#038;d=mm&#038;r=g' srcset='https:\/\/secure.gravatar.com\/avatar\/17ef1169e297fa92fdd7fd7d6d58d0d8586aa17a47f36d2808a438c442a82bed?s=200&#038;d=mm&#038;r=g 2x' class='avatar avatar-100 photo' height='100' width='100' \/>\t\t\t\t\t<p>Co-organizador dos WordCamp Porto 2013 e Lisboa 2015. Co-coordenador do Meetup WordPress do Porto. Editor do WP-Portugal, site da comunidade portuguesa. Na vida real \u00e9 jornalista. Est\u00e1 no WordPress desde 2008, em projectos de pessoais e colaborativos.<\/p>\n\t\t\t\t<\/div>\n\t\t\t<\/div>\n\n\t\t\n\t\t\t<div class=\"wcorg-organizer\">\n\t\t\t\t<h2>Jos\u00e9 Fontainhas<\/h2>\n\t\t\t\t<div class=\"wcorg-organizer-description\">\n\t\t\t\t\t\t\t\t\t\t<img alt='' src='https:\/\/secure.gravatar.com\/avatar\/d81276b5affa64b20d7edddb0a5d441110a8a0fd0ef31923407719a0cea964ed?s=100&#038;d=mm&#038;r=g' srcset='https:\/\/secure.gravatar.com\/avatar\/d81276b5affa64b20d7edddb0a5d441110a8a0fd0ef31923407719a0cea964ed?s=200&#038;d=mm&#038;r=g 2x' class='avatar avatar-100 photo' height='100' width='100' \/>\t\t\t\t\t<p>Vive perto de Lisboa, junto \u00e0 praia. Toca bateria. \u00c9 um dos fundadores da Comunidade Portuguesa de WordPress e da Comunidade Brasileira WordPress. Foi o <em>lead organiser<\/em> do primeiro WordCamp Europa, em 2013 e tamb\u00e9m <em>community lead<\/em> das <a href=\"http:\/\/wppolyglots.wordpress.com\">comunidades de tradu\u00e7\u00e3o do WordPress<\/a> para mais de 90 idiomas, assim como\u00a0<em>core developer<\/em> da plataforma <a href=\"http:\/\/glotpress.org\">GlotPress.<\/a>\u00a0Est\u00e1 \u00e0 disposi\u00e7\u00e3o de todos para quaisquer perguntas relacionadas com localiza\u00e7\u00e3o, internacionaliza\u00e7\u00e3o e <a href=\"http:\/\/ze.fontainhas.com\/the-dry-martini-postulate\/\">dry martinis<\/a>.<\/p>\n\t\t\t\t<\/div>\n\t\t\t<\/div>\n\n\t\t\n\t\t\t<div class=\"wcorg-organizer\">\n\t\t\t\t<h2>Carlos Miguel Silva<\/h2>\n\t\t\t\t<div class=\"wcorg-organizer-description\">\n\t\t\t\t\t\t\t\t\t\t<img alt='' src='https:\/\/secure.gravatar.com\/avatar\/157be1580947fb54505a3e24cbbaba06333f315f87f5af1166073c335c178c9e?s=100&#038;d=mm&#038;r=g' srcset='https:\/\/secure.gravatar.com\/avatar\/157be1580947fb54505a3e24cbbaba06333f315f87f5af1166073c335c178c9e?s=200&#038;d=mm&#038;r=g 2x' class='avatar avatar-100 photo' height='100' width='100' \/>\t\t\t\t\t<p>Come\u00e7ou a navegar na Internet em 1998 com um modem de 56 Kbp\/s usando Netscape 6.0. Apaixonado pelo Open Source e membro ativo da comunidade portuguesa de WordPress, j\u00e1 participou como orador em diversos encontros. O desenvolvimento de aplica\u00e7\u00f5es web tem sido a sua batalha di\u00e1ria.<\/p>\n<p>Encontra-o no <a href=\"https:\/\/twitter.com\/carlosmiguelsns\" target=\"_blank\">twitter<\/a>.<\/p>\n\t\t\t\t<\/div>\n\t\t\t<\/div>\n\n\t\t\n\t\t\t<div class=\"wcorg-organizer\">\n\t\t\t\t<h2>\u00c1lvaro G\u00f3is dos Santos<\/h2>\n\t\t\t\t<div class=\"wcorg-organizer-description\">\n\t\t\t\t\t\t\t\t\t\t<img alt='' src='https:\/\/secure.gravatar.com\/avatar\/2794b9a3cf41aa07d8ba0ced0219b77d7e2c9a6aa4d9889b784a4a0125260595?s=100&#038;d=mm&#038;r=g' srcset='https:\/\/secure.gravatar.com\/avatar\/2794b9a3cf41aa07d8ba0ced0219b77d7e2c9a6aa4d9889b784a4a0125260595?s=200&#038;d=mm&#038;r=g 2x' class='avatar avatar-100 photo' height='100' width='100' \/>\t\t\t\t\t<p>D\u00e1 gra\u00e7as ao universo por s\u00f3 ter usado outro CMS no primeiro projecto em que colaborou. Antes disso formou-se em Psicologia. Muito antes disso, come\u00e7ou a actividade profissional na \u00e1rea gr\u00e1fica. Entretanto dedicou-se \u00e0 edi\u00e7\u00e3o, tradu\u00e7\u00e3o, revis\u00e3o\u00a0e\u00a0design, at\u00e9 chegar\u00a0ao WordPress. Em 2005 criou a <a href=\"http:\/\/ovni.org\" target=\"_blank\">ovni<\/a>, editora dedicada a g\u00e9neros menos comuns. Est\u00e1\u00a0na\u00a0<a href=\"http:\/\/empower.pt\" target=\"_blank\">Empower<\/a>\u00a0desde 2010, uma ag\u00eancia de comunica\u00e7\u00e3o, assessoria e forma\u00e7\u00e3o\u00a0onde ocupa grande parte do tempo a desenvolver projectos com o WordPress, sendo\u00a0apaixonado pela sua flexibilidade e simplicidade de processos.\u00a0Faz parte da <a href=\"http:\/\/wp-portugal.com\" target=\"_blank\">Comunidade Portuguesa de WordPress<\/a>, \u00e9 tradutor e validador do WordPress para Portugal e participa na organiza\u00e7\u00e3o de WordCamps. \u00c0s vezes, menos do que gostaria, tamb\u00e9m d\u00e1\u00a0<a href=\"http:\/\/wpstress.com\/\" target=\"_blank\">forma\u00e7\u00e3o WordPress<\/a>.<\/p>\n\t\t\t\t<\/div>\n\t\t\t<\/div>\n\n\t\t\n\t<\/div><!-- .wcorg-organizers -->\n\t\n","protected":false},"excerpt":{"rendered":"","protected":false},"author":8426977,"featured_media":0,"parent":0,"menu_order":0,"comment_status":"closed","ping_status":"closed","template":"","meta":{"jetpack_post_was_ever_published":false,"footnotes":""},"class_list":["post-12","page","type-page","status-publish","hentry"],"jetpack_sharing_enabled":true,"jetpack_shortlink":"https:\/\/wp.me\/P77JtP-c","_links":{"self":[{"href":"https:\/\/porto.wordcamp.org\/2016\/wp-json\/wp\/v2\/pages\/12","targetHints":{"allow":["GET"]}}],"collection":[{"href":"https:\/\/porto.wordcamp.org\/2016\/wp-json\/wp\/v2\/pages"}],"about":[{"href":"https:\/\/porto.wordcamp.org\/2016\/wp-json\/wp\/v2\/types\/page"}],"author":[{"embeddable":true,"href":"https:\/\/porto.wordcamp.org\/2016\/wp-json\/wp\/v2\/users\/8426977"}],"replies":[{"embeddable":true,"href":"https:\/\/porto.wordcamp.org\/2016\/wp-json\/wp\/v2\/comments?post=12"}],"version-history":[{"count":6,"href":"https:\/\/porto.wordcamp.org\/2016\/wp-json\/wp\/v2\/pages\/12\/revisions"}],"predecessor-version":[{"id":298,"href":"https:\/\/porto.wordcamp.org\/2016\/wp-json\/wp\/v2\/pages\/12\/revisions\/298"}],"wp:attachment":[{"href":"https:\/\/porto.wordcamp.org\/2016\/wp-json\/wp\/v2\/media?parent=12"}],"curies":[{"name":"wp","href":"https:\/\/api.w.org\/{rel}","templated":true}]}}