{"id":13,"date":"2016-01-30T12:02:15","date_gmt":"2016-01-30T12:02:15","guid":{"rendered":"https:\/\/2016.porto.wordcamp.org\/?page_id=13"},"modified":"2016-05-14T00:13:37","modified_gmt":"2016-05-13T23:13:37","slug":"bilhetes","status":"publish","type":"page","link":"https:\/\/porto.wordcamp.org\/2016\/bilhetes\/","title":{"rendered":"Bilhetes"},"content":{"rendered":"<p>No WordPress n\u00e3o h\u00e1 outro evento semelhante ao WordCamp. \u00c9 o evento.<\/p>\n<p>No pre\u00e7o do bilhete para o <strong>WordCamp<\/strong> est\u00e1 inclu\u00eddo o acesso \u00e0s apresenta\u00e7\u00f5es \/ workshops e a tudo o que aprenderes com elas, o caf\u00e9, \u00e1gua e bolinhos dos <em>coffee breaks,\u00a0<\/em>o almo\u00e7o, a t-shirt oficial, o acesso \u00e0 fant\u00e1stica <em>after-party<\/em> e, quem sabe, eventuais surpresas. O item referente a &#8220;fazer novos amigos&#8221; \u00e9 gratuito.<\/p>\n<p>O bilhete para o <strong>Dia do Contribuidor<\/strong> inclui tudo o que est\u00e1 no ingresso para o WordCamp mais a presen\u00e7a nos eventos de domingo, como o prazer de contribuir para o projecto WordPress e devolver algo \u00e0 comunidade, o almo\u00e7o e algumas doses de cafe\u00edna.<\/p>\n<h4>Que tipo de bilhete devo comprar?<\/h4>\n<p>Se quiseres participar apenas no primeiro dia do WordCamp e estar em todas as sess\u00f5es, compra o bilhete WordCamp.<\/p>\n<p>Se quiseres participar nos dois dias, estar nas sess\u00f5es do WordCamp e no Dia do Contribuidor, compra o bilhete WordCamp + Dia do Contribuidor.<\/p>\n<h3>Os bilhetes para os workshops e para o Dia do Contribuidor est\u00e3o esgotados.<\/h3>\n<h2>Comprar:<\/h2>\n<a href=\"https:\/\/porto.wordcamp.org\/2016\/bilhetes\/\">Please view this page in a browser to purchase or manage tickets.<\/a>\n","protected":false},"excerpt":{"rendered":"<p>No WordPress n\u00e3o h\u00e1 outro evento semelhante ao WordCamp. \u00c9 o evento. No pre\u00e7o do bilhete para o WordCamp est\u00e1 inclu\u00eddo o acesso \u00e0s apresenta\u00e7\u00f5es \/ workshops e a tudo o que aprenderes com elas, o caf\u00e9, \u00e1gua e bolinhos &hellip; <a href=\"https:\/\/porto.wordcamp.org\/2016\/bilhetes\/\">Continuar a ler <span class=\"assistive-text\">Bilhetes<\/span>  <span class=\"meta-nav\">&rarr;<\/span><\/a><\/p>\n","protected":false},"author":8426977,"featured_media":227,"parent":0,"menu_order":0,"comment_status":"closed","ping_status":"closed","template":"","meta":{"jetpack_post_was_ever_published":false,"footnotes":""},"class_list":["post-13","page","type-page","status-publish","has-post-thumbnail","hentry"],"jetpack_sharing_enabled":true,"jetpack_shortlink":"https:\/\/wp.me\/P77JtP-d","_links":{"self":[{"href":"https:\/\/porto.wordcamp.org\/2016\/wp-json\/wp\/v2\/pages\/13","targetHints":{"allow":["GET"]}}],"collection":[{"href":"https:\/\/porto.wordcamp.org\/2016\/wp-json\/wp\/v2\/pages"}],"about":[{"href":"https:\/\/porto.wordcamp.org\/2016\/wp-json\/wp\/v2\/types\/page"}],"author":[{"embeddable":true,"href":"https:\/\/porto.wordcamp.org\/2016\/wp-json\/wp\/v2\/users\/8426977"}],"replies":[{"embeddable":true,"href":"https:\/\/porto.wordcamp.org\/2016\/wp-json\/wp\/v2\/comments?post=13"}],"version-history":[{"count":17,"href":"https:\/\/porto.wordcamp.org\/2016\/wp-json\/wp\/v2\/pages\/13\/revisions"}],"predecessor-version":[{"id":1863,"href":"https:\/\/porto.wordcamp.org\/2016\/wp-json\/wp\/v2\/pages\/13\/revisions\/1863"}],"wp:featuredmedia":[{"embeddable":true,"href":"https:\/\/porto.wordcamp.org\/2016\/wp-json\/wp\/v2\/media\/227"}],"wp:attachment":[{"href":"https:\/\/porto.wordcamp.org\/2016\/wp-json\/wp\/v2\/media?parent=13"}],"curies":[{"name":"wp","href":"https:\/\/api.w.org\/{rel}","templated":true}]}}