{"id":1848,"date":"2016-05-10T10:05:40","date_gmt":"2016-05-10T09:05:40","guid":{"rendered":"https:\/\/2016.porto.wordcamp.org\/?page_id=1848"},"modified":"2016-05-10T10:07:43","modified_gmt":"2016-05-10T09:07:43","slug":"wordcamp-porto-2016-guide","status":"publish","type":"page","link":"https:\/\/porto.wordcamp.org\/2016\/wordcamp-porto-2016-guide\/","title":{"rendered":"WordCamp Porto Guide"},"content":{"rendered":"<p>WordCamp Porto 2016 is here. This is the event guide. It will be updated, eventually, if something changes. It&#8217;s wise to check it regularly and follow other media like <a href=\"https:\/\/twitter.com\/wordcamppt\" target=\"_blank\">WordCamp Portugal Twitter<\/a>, the Portugueses WordPress Community <a href=\"https:\/\/twitter.com\/wp_portugal\" target=\"_blank\">Twitter<\/a> and <a href=\"https:\/\/www.facebook.com\/WordPressPortugal\" target=\"_blank\">Facebook<\/a>.<\/p>\n<p>WordCamp is for the WordPress Community. It&#8217;s put together by members of this great community, not by a professional team. A group of volunteers offered their time and contributed so that this event could take place. Now we are counting on everybody to make WordCamp Porto 2016 an event to be remembered.<\/p>\n<h1>WordCamp Porto, May 14 and 15<\/h1>\n<h3>ISEP (Instituto Superior de Engenharia do Porto)<\/h3>\n<h4><strong>How to get to ISEP<\/strong><\/h4>\n<p><strong>Address<\/strong>:<br \/>\nRua Dr. Ant\u00f3nio Bernardino de Almeida, 431<br \/>\n4200-072 Porto<\/p>\n<p><strong>GPS<\/strong>:<br \/>\n41 10\u201941.97\u2019\u2019 N \/ 8 36\u201924.69\u2019\u2019 W<\/p>\n<p><a href=\"http:\/\/www.metrodoporto.pt\/\" target=\"_blank\"><strong>Metro<\/strong><\/a>:<br \/>\nYellow Line (D) \u2013 Esta\u00e7\u00e3o IPO (IPO station)<\/p>\n<p><a href=\"http:\/\/www.stcp.pt\/pt\/viajar\/\" target=\"_blank\"><strong>STCP Bus<\/strong><\/a>:<br \/>\n300 \u2013 Aliados &gt; Hospital de S. Jo\u00e3o<br \/>\n301 \u2013 S\u00e1 da Bandeira &gt; Hospital de S. Jo\u00e3o<br \/>\n803 \u2013 Boavista &gt; Venda Nova<\/p>\n<p>It&#8217;s easy to get there by road, using the VCI, A3 and Circunvala\u00e7\u00e3o. Subway: Yellow Line (D) e get out at the IPO station. It&#8217;s a five minutes walk.<\/p>\n<p>By STCP Bus: use the 300, 301 or 803 lines. All have a stop in ISEP.<\/p>\n<p>If you travel by car, park in front of ISEP. There&#8217;s a street with lots of parking space.<\/p>\n<p>&nbsp;<\/p>\n<h2>Saturday, May 14<\/h2>\n<h3>Check-in<\/h3>\n<p>Check-in will be in the administrative area of Building A (Edif\u00edcio A) of ISEP, next to the Audit\u00f3rio Magno (<span id=\"result_box\" class=\"short_text\" lang=\"en\"><span class=\"\">auditorium<\/span><\/span>). It&#8217;s on your left when you walk the main entrance. It&#8217;s easy to spot, there&#8217;ll be WordCamp posters and signs.<\/p>\n<p>Take an ID and the confirmation email you should have received after registering for the event. There&#8217;s not an actual ticket, so don&#8217;t bother to look for it.<\/p>\n<p>As usual in WordCamps, there&#8217;ll be a laynard, a badge and a t-shirt. Maybe something else, no promises.<\/p>\n<p><strong>There are more than 300 people to check-in. Please arrive early.<\/strong><\/p>\n<p><strong>Remember: check-in starts at 8.45AM.<\/strong><\/p>\n<h3><strong>Audit\u00f3rio Magno<br \/>\n<\/strong><\/h3>\n<p>WordCamp talks will take place at Audit\u00f3rio Magno. It&#8217;s an <span id=\"result_box\" class=\"short_text\" lang=\"en\"><span class=\"\">auditorium<\/span><\/span> with 440 seats, 350 m2 area and a 78 m2 stage. (Just in case you&#8217;re into <a href=\"http:\/\/www.convertunits.com\/info\/metre\" target=\"_blank\">unit<\/a> converting\u2026)<\/p>\n<h3>Sala de Eventos (events room)<\/h3>\n<p>Next to the Audit\u00f3rio Magno is the Sala de Eventos (events room), that&#8217;s where the workshops take place. It&#8217;s a 400 m2 area where you&#8217;ll also have the chance to network during saturday morning and afternoon coffee breaks.<\/p>\n<h3>Internet Wi-Fi<\/h3>\n<p>WordCamp Porto 2016 will have a dedicated wi-fi network, courtesy of ISEP. Access info will be displayed during event day.<\/p>\n<h3>Device charge<\/h3>\n<p>This will probably be more critical for workshop attendees. We&#8217;ll try to have as many available sockets and <span id=\"result_box\" class=\"short_text\" lang=\"en\"><span class=\"\">extension cords<\/span><\/span> as we can, however, it probably won&#8217;t be enough, because there&#8217;s a lot of attendees. We&#8217;re asking for local attendees to take an extra battery or extra extension cords.<\/p>\n<h3><strong>Video and photos<br \/>\n<\/strong><\/h3>\n<p>For community-building and promotional purposes, there will be volunteer and\/or professional photographers and videographers during WordCamp. By attending the event, you consent to your image being used in resulting photos or videos that may show your participation in the WordCamp.<\/p>\n<p>WordCamp sessions will be recorded and posted online on <a href=\"http:\/\/wordpress.tv\/?s=porto\" target=\"_blank\">WordPress.tv.<\/a><\/p>\n<h3><strong>Sessions<\/strong><\/h3>\n<p>Each talk will be 20 minutes long, with an extra 10 for Q&amp;A. <span id=\"result_box\" class=\"\" lang=\"en\"><span class=\"\">If your<\/span> <span class=\"\">question is<\/span> not <span class=\"\">answered<\/span> <span class=\"\">during those<\/span> <span class=\"\">30 minutes<\/span>, don&#8217;t worry. There will be plenty of opportunities <span class=\"\">throughout the event day<\/span><span class=\"\">.<\/span><\/span><\/p>\n<p>If you need to talk to a speaker, don&#8217;t be shy! WordCamps and WordPress events in general are the perfect place to interact with other WordPress users. And remember: there&#8217;s no such thing as a dumb question.<\/p>\n<h3><strong>Coffee breaks<br \/>\n<\/strong><\/h3>\n<p>There&#8217;ll be a morning and an afternoon coffee break, 30 minutes each.<\/p>\n<h3><strong>Lunch<\/strong><\/h3>\n<p>Oh, yes, lunch too. It will be served at ISEP&#8217;s restaurant, at edif\u00edcio E (building E).<\/p>\n<p>You can choose fish or meat. Or vegan, if you selected it <span id=\"result_box\" class=\"short_text\" lang=\"en\"><span class=\"\">during registration<\/span><\/span>.<\/p>\n<h3>Program<\/h3>\n<p>The <a href=\"https:\/\/2016.porto.wordcamp.org\/programa\/\" target=\"_blank\">oficial program of sessions and workshops<\/a> is closed. But\u2026 it can always change, <em>force majeure<\/em> and so\u2026 If anything changes, we&#8217;ll post it here, on social media and on site.<\/p>\n<h3>Workshops<\/h3>\n<p>We&#8217;ll have two workshops, <a href=\"https:\/\/2016.porto.wordcamp.org\/workshop-faz-o-teu-site-em-wordpress\/\" target=\"_blank\">Faz o teu site em WordPress<\/a> and <a href=\"https:\/\/2016.porto.wordcamp.org\/workshop-faz-a-tua-loja-online-em-wordpress\/\" target=\"_blank\">Faz a tua loja online em WordPress<\/a> both in Portuguese. There&#8217;ll be volunteers to help the attendees.<\/p>\n<h3><strong>Official photo<br \/>\n<\/strong><\/h3>\n<p>The WordCamp official photo will be taken after the last session. So, make sure you don&#8217;t leave the room earlier.<\/p>\n<h3><strong>After-party<\/strong><\/h3>\n<p><a href=\"https:\/\/2016.porto.wordcamp.org\/temos-um-plano-b-para-a-after-party\/\" target=\"_blank\">Plano B is where the <\/a><a href=\"https:\/\/2016.porto.wordcamp.org\/temos-um-plano-b-para-a-after-party\/\" target=\"_blank\">after-party<\/a> will take place. Just look for Rua C\u00e2ndido dos Reis, 30. Hard to miss, it&#8217;s right next the famous Torre dos Cl\u00e9rigos (Cl\u00e9rigos Tower). <strong>Most important: to get free access (until 11h30 PM) it&#8217;s essential you take the badge of WordCamp Porto 2016 with you. After 11h30 PM, access to WordCamp Porto attendees is subject to Plano B available places. Oh, and the badge is also mandatory if you&#8217;re up for a surprise.<\/strong><\/p>\n<p>The after-party is also a time for sharing, though in a different and more relaxed place. Don&#8217;t miss it!<\/p>\n<h2>Sunday, May 15<\/h2>\n<p><a href=\"https:\/\/2016.porto.wordcamp.org\/como-sera-o-dia-do-contribuidor\/\" target=\"_blank\">Contributor&#8217;s Day<\/a> will be in Sala de Eventos (events room). Contributor&#8217;s Day is the time to give back your time and knowledge to the WordPress project and the community.<\/p>\n<p><a href=\"https:\/\/2016.porto.wordcamp.org\/programa\/\" target=\"_blank\">The program<\/a> for this day is already set. It starts at 11h00 AM and it&#8217;s scheduled to end at 5h30 PM.<\/p>\n<h2><strong>Share<\/strong><\/h2>\n<p>Before, during and after the event, write an article on your site or blog, share text, photos and video on social media. Please, use #wcporto hashtag.<\/p>\n<h2>After the WordCamp<\/h2>\n<p>Tell us the goods and the bads. We want to make it better next time and your help is invaluable.<\/p>\n<p>We&#8217;ll send a short survey to all attendees to gather your opinion and ideas about the event.<\/p>\n<h2>Team and <em>staff<\/em><\/h2>\n<p>Team and volunteers will have a different t-shirt color.<\/p>\n<h2>Recomendations<\/h2>\n<ul>\n<li><strong>We want this WordCamp to be on schedule<\/strong>. Please, don&#8217;t be late.<\/li>\n<li>Pay attention to all announcements during the event.<\/li>\n<li>Please, respect the <a href=\"https:\/\/2016.porto.wordcamp.org\/code-of-conduct\/\" target=\"_blank\">Code of Conduct<\/a>.<\/li>\n<li>The after-party venue will not be WordCamp exclusive. Attendees are free to invite friends to join the party.<\/li>\n<li>Sunday, between 8h00 AM and 1h00 PM, several <strong>streets in the city center will be closed to traffic<\/strong>. There will be a race.<\/li>\n<\/ul>\n<p>&nbsp;<\/p>\n","protected":false},"excerpt":{"rendered":"<p>WordCamp Porto 2016 is here. This is the event guide. It will be updated, eventually, if something changes. It&#8217;s wise to check it regularly and follow other media like WordCamp Portugal Twitter, the Portugueses WordPress Community Twitter and Facebook. WordCamp &hellip; <a href=\"https:\/\/porto.wordcamp.org\/2016\/wordcamp-porto-2016-guide\/\">Continuar a ler <span class=\"assistive-text\">WordCamp Porto Guide<\/span>  <span class=\"meta-nav\">&rarr;<\/span><\/a><\/p>\n","protected":false},"author":1034113,"featured_media":0,"parent":0,"menu_order":0,"comment_status":"closed","ping_status":"closed","template":"","meta":{"jetpack_post_was_ever_published":false,"footnotes":""},"class_list":["post-1848","page","type-page","status-publish","hentry"],"jetpack_sharing_enabled":true,"jetpack_shortlink":"https:\/\/wp.me\/P77JtP-tO","_links":{"self":[{"href":"https:\/\/porto.wordcamp.org\/2016\/wp-json\/wp\/v2\/pages\/1848","targetHints":{"allow":["GET"]}}],"collection":[{"href":"https:\/\/porto.wordcamp.org\/2016\/wp-json\/wp\/v2\/pages"}],"about":[{"href":"https:\/\/porto.wordcamp.org\/2016\/wp-json\/wp\/v2\/types\/page"}],"author":[{"embeddable":true,"href":"https:\/\/porto.wordcamp.org\/2016\/wp-json\/wp\/v2\/users\/1034113"}],"replies":[{"embeddable":true,"href":"https:\/\/porto.wordcamp.org\/2016\/wp-json\/wp\/v2\/comments?post=1848"}],"version-history":[{"count":4,"href":"https:\/\/porto.wordcamp.org\/2016\/wp-json\/wp\/v2\/pages\/1848\/revisions"}],"predecessor-version":[{"id":1857,"href":"https:\/\/porto.wordcamp.org\/2016\/wp-json\/wp\/v2\/pages\/1848\/revisions\/1857"}],"wp:attachment":[{"href":"https:\/\/porto.wordcamp.org\/2016\/wp-json\/wp\/v2\/media?parent=1848"}],"curies":[{"name":"wp","href":"https:\/\/api.w.org\/{rel}","templated":true}]}}