{"id":281,"date":"2016-02-03T07:16:04","date_gmt":"2016-02-03T07:16:04","guid":{"rendered":"https:\/\/2016.porto.wordcamp.org\/?page_id=281"},"modified":"2016-02-03T07:16:04","modified_gmt":"2016-02-03T07:16:04","slug":"privacidade","status":"publish","type":"page","link":"https:\/\/porto.wordcamp.org\/2016\/privacidade\/","title":{"rendered":"Privacidade"},"content":{"rendered":"<p>1. <strong>Pol\u00edtica de Privacidade<\/strong><\/p>\n<p>As informa\u00e7\u00f5es e servi\u00e7os ao seu dispor neste s\u00edtio s\u00e3o-lhe proporcionados na forma de livre acesso pela entidade propriet\u00e1ria, que assume um compromisso de privacidade.<\/p>\n<p>2. <strong>Confidencialidade<\/strong><\/p>\n<p>Asseguramos aos utilizadores que nenhum dado pessoal ser\u00e1 facultado a terceiros sem o pr\u00e9vio consentimento do seu titular e que nenhum dos dados pessoais que nos seja facultado ser\u00e1 cedido, por via gratuita ou comercial, a empresas de marketing.<\/p>\n<p>3. <strong>Banners e blocos publicit\u00e1rios<\/strong><\/p>\n<p>Este s\u00edtio reserva-se o direito de inserir \u201cbanners\u201d publicit\u00e1rios, permitindo ao utilizador clicar sobre eles e entrar no s\u00edtio da Internet com o qual estabelece liga\u00e7\u00e3o. Todos os \u201cbanners\u201d est\u00e3o aptos a que os utilizadores que a eles recorram permane\u00e7am completamente an\u00f3nimos.<\/p>\n<p>4. <strong>Liga\u00e7\u00f5es a s\u00edtios externos<\/strong><\/p>\n<p>Este s\u00edtio cont\u00e9m uma variedade de liga\u00e7\u00f5es para outros s\u00edtios na Internet, nacionais ou estrangeiros, cujo conte\u00fado n\u00e3o \u00e9 da responsabilidade deste propriet\u00e1rio. Este s\u00edtio n\u00e3o se responsabiliza pela pol\u00edtica de seguran\u00e7a e privacidade, forma, conte\u00fado ou pr\u00e1ticas desses mesmos s\u00edtios.<\/p>\n<p>5. <strong>Informa\u00e7\u00f5es adicionais<\/strong><\/p>\n<p>Todos os visitantes e utilizadores deste s\u00edtio fica vinculado \u00e0 aceita\u00e7\u00e3o e respeito pelas regras aqui expressas. Para qualquer esclarecimento adicional sobre a Pol\u00edtica de Privacidade e Termos de Utiliza\u00e7\u00e3o deste site, envie-nos um e-mail ou utilize o formul\u00e1rio de contacto existente.<\/p>\n<p>6. <strong>Cookies<\/strong><\/p>\n<p>Os cookies s\u00e3o usados neste website com o objectivo de melhorar a sua experi\u00eancia de utilizador e tendo por finalidade a melhoria do desempenho. Os cookies s\u00e3o tamb\u00e9m designados por testemunhos de conex\u00e3o.<\/p>\n<p>Um cookie \u00e9 um pequeno ficheiro de texto que um \u00a0website instala no seu dispositivo quando o visita. O objectivo \u00e9 que durante um per\u00edodo de tempo o website se recorde das suas a\u00e7\u00f5es e prefer\u00eancias, nomeadamente do nome de utilizador, da l\u00edngua escolhida, do tamanho dos carateres e de outras defini\u00e7\u00f5es de visualiza\u00e7\u00e3o, melhorando a sua experi\u00eancia de utilizador.<\/p>\n<p>Usamos cookies para:<\/p>\n<ul>\n<li>Fazer com que o nosso website funcione da forma que espera<\/li>\n<li>Lembrar as suas defini\u00e7\u00f5es durante e entre visitas<\/li>\n<li>Oferecer os nossos servi\u00e7os e conte\u00fados gratuitos<\/li>\n<li>Melhorar a seguran\u00e7a e a velocidade do website<\/li>\n<li>Permitir que partilhe p\u00e1ginas e conte\u00fado atrav\u00e9s das redes sociais<\/li>\n<li>Continuar a melhorar o website para si<\/li>\n<\/ul>\n<p>N\u00e3o usamos cookies para:<\/p>\n<ul>\n<li>Recolher dados de identifica\u00e7\u00e3o pessoal (sem a sua autoriza\u00e7\u00e3o expressa)<\/li>\n<li>Recolher informa\u00e7\u00e3o sens\u00edvel (sem a sua permiss\u00e3o)<\/li>\n<li>Passar dados a outras entidades<\/li>\n<\/ul>\n","protected":false},"excerpt":{"rendered":"<p>1. Pol\u00edtica de Privacidade As informa\u00e7\u00f5es e servi\u00e7os ao seu dispor neste s\u00edtio s\u00e3o-lhe proporcionados na forma de livre acesso pela entidade propriet\u00e1ria, que assume um compromisso de privacidade. 2. Confidencialidade Asseguramos aos utilizadores que nenhum dado pessoal ser\u00e1 facultado &hellip; <a href=\"https:\/\/porto.wordcamp.org\/2016\/privacidade\/\">Continuar a ler <span class=\"assistive-text\">Privacidade<\/span>  <span class=\"meta-nav\">&rarr;<\/span><\/a><\/p>\n","protected":false},"author":1034113,"featured_media":0,"parent":0,"menu_order":0,"comment_status":"closed","ping_status":"closed","template":"","meta":{"jetpack_post_was_ever_published":false,"footnotes":""},"class_list":["post-281","page","type-page","status-publish","hentry"],"jetpack_sharing_enabled":true,"jetpack_shortlink":"https:\/\/wp.me\/P77JtP-4x","_links":{"self":[{"href":"https:\/\/porto.wordcamp.org\/2016\/wp-json\/wp\/v2\/pages\/281","targetHints":{"allow":["GET"]}}],"collection":[{"href":"https:\/\/porto.wordcamp.org\/2016\/wp-json\/wp\/v2\/pages"}],"about":[{"href":"https:\/\/porto.wordcamp.org\/2016\/wp-json\/wp\/v2\/types\/page"}],"author":[{"embeddable":true,"href":"https:\/\/porto.wordcamp.org\/2016\/wp-json\/wp\/v2\/users\/1034113"}],"replies":[{"embeddable":true,"href":"https:\/\/porto.wordcamp.org\/2016\/wp-json\/wp\/v2\/comments?post=281"}],"version-history":[{"count":1,"href":"https:\/\/porto.wordcamp.org\/2016\/wp-json\/wp\/v2\/pages\/281\/revisions"}],"predecessor-version":[{"id":282,"href":"https:\/\/porto.wordcamp.org\/2016\/wp-json\/wp\/v2\/pages\/281\/revisions\/282"}],"wp:attachment":[{"href":"https:\/\/porto.wordcamp.org\/2016\/wp-json\/wp\/v2\/media?parent=281"}],"curies":[{"name":"wp","href":"https:\/\/api.w.org\/{rel}","templated":true}]}}