{"id":9,"date":"2016-01-13T18:21:17","date_gmt":"2016-01-13T18:21:17","guid":{"rendered":"https:\/\/2016.porto.wordcamp.org\/sessions\/"},"modified":"2016-05-13T08:46:09","modified_gmt":"2016-05-13T07:46:09","slug":"sessoes","status":"publish","type":"page","link":"https:\/\/porto.wordcamp.org\/2016\/sessoes\/","title":{"rendered":"Sess\u00f5es"},"content":{"rendered":"\n\t<div class=\"wcorg-sessions\">\n\t\t\n\t\t\t<div id=\"wcorg-session-1718\" class=\"wcorg-session\" >\n\t\t\t\t<h2>\n\t\t\t\t\tFaz o teu site em WordPress II\t\t\t\t<\/h2>\n\n\t\t\t\t<div class=\"wcorg-session-description\">\n\t\t\t\t\t\t\t\t\t\t\t\t\t\t\t\t\t\t\t\t<p>Workshop <a href=\"https:\/\/2016.porto.wordcamp.org\/workshop-faz-o-teu-site-em-wordpress\/\" target=\"_blank\">Faz o teu site em WordPress<\/a>.<\/p>\n<p>Orientado por \u00c1lvaro G\u00f3is dos Santos e Pedro Fonseca.<\/p>\n\n\t\t\t\t\t\t\t\t\t<\/div>\n\t\t\t<\/div>\n\n\t\t\n\t\t\t<div id=\"wcorg-session-1716\" class=\"wcorg-session\" >\n\t\t\t\t<h2>\n\t\t\t\t\tFaz a tua loja online em WordPress II\t\t\t\t<\/h2>\n\n\t\t\t\t<div class=\"wcorg-session-description\">\n\t\t\t\t\t\t\t\t\t\t\t\t\t\t\t\t\t\t\t\t<p>Workshop <a href=\"https:\/\/2016.porto.wordcamp.org\/workshop-faz-a-tua-loja-online-em-wordpress\/\" target=\"_blank\">Faz a tua loja online em WordPress<\/a>.<\/p>\n<p>Orientado por Ricardo Correia e Carlos Miguel Silva.<\/p>\n\n\t\t\t\t\t\t\t\t\t<\/div>\n\t\t\t<\/div>\n\n\t\t\n\t\t\t<div id=\"wcorg-session-1585\" class=\"wcorg-session\" >\n\t\t\t\t<h2>\n\t\t\t\t\tDia do Contribuidor\t\t\t\t<\/h2>\n\n\t\t\t\t<div class=\"wcorg-session-description\">\n\t\t\t\t\t\t\t\t\t\t\t\t\t\t\t\t\t\t\t\t<h3>Temas centrais<\/h3>\n<h3>Core<\/h3>\n<p>Ser\u00e1 liderado por Pascal Birchler, core committer do WordPress.<\/p>\n<h3>Suporte<\/h3>\n<p>Com coordena\u00e7\u00e3o de Pedro Fonseca, moderador do f\u00f3rum de suporte.<\/p>\n<h3>Tradu\u00e7\u00f5es<\/h3>\n<p>Com a supervis\u00e3o de \u00c1lvaro G\u00f3is dos Santos, validador da tradu\u00e7\u00e3o portuguesa.<\/p>\n<h3>Montra<\/h3>\n<p>Organizado por Marco Pereirinha, programador e autor de plugins.<br \/>\nO objectivo do grupo de trabalho \u00e9 a cria\u00e7\u00e3o de um plugin \u2014 a ser disponibilizado no reposit\u00f3rio oficial \u2014, que servir\u00e1 como montra do que melhor se faz em Portugal e ser\u00e1 usado no website da <a href=\"http:\/\/wp-portugal.com\" target=\"_blank\">comunidade portuguesa de WordPress<\/a>.<\/p>\n\n\t\t\t\t\t\t\t\t\t<\/div>\n\t\t\t<\/div>\n\n\t\t\n\t\t\t<div id=\"wcorg-session-1519\" class=\"wcorg-session\" >\n\t\t\t\t<h2>\n\t\t\t\t\tFaz a tua loja online em WordPress\t\t\t\t<\/h2>\n\n\t\t\t\t<div class=\"wcorg-session-description\">\n\t\t\t\t\t\t\t\t\t\t\t\t\t\t\t\t\t\t\t\t<p>Workshop <a href=\"https:\/\/2016.porto.wordcamp.org\/workshop-faz-a-tua-loja-online-em-wordpress\/\" target=\"_blank\">Faz a tua loja online em WordPress<\/a>.<\/p>\n<p>Orientado por Ricardo Correia e Carlos Miguel Silva.<\/p>\n\n\t\t\t\t\t\t\t\t\t<\/div>\n\t\t\t<\/div>\n\n\t\t\n\t\t\t<div id=\"wcorg-session-1517\" class=\"wcorg-session\" >\n\t\t\t\t<h2>\n\t\t\t\t\tFaz o teu site em WordPress\t\t\t\t<\/h2>\n\n\t\t\t\t<div class=\"wcorg-session-description\">\n\t\t\t\t\t\t\t\t\t\t\t\t\t\t\t\t\t\t\t\t<p>Workshop <a href=\"https:\/\/2016.porto.wordcamp.org\/workshop-faz-o-teu-site-em-wordpress\/\" target=\"_blank\">Faz o teu site em WordPress<\/a>.<\/p>\n<p>Orientado por \u00c1lvaro G\u00f3is dos Santos e Pedro Fonseca.<\/p>\n<p>&nbsp;<\/p>\n\n\t\t\t\t\t\t\t\t\t<\/div>\n\t\t\t<\/div>\n\n\t\t\n\t\t\t<div id=\"wcorg-session-1511\" class=\"wcorg-session\" >\n\t\t\t\t<h2>\n\t\t\t\t\tEncerramento\t\t\t\t<\/h2>\n\n\t\t\t\t<div class=\"wcorg-session-description\">\n\t\t\t\t\t\t\t\t\t\t\t\t\t\t\t\t\t\t\t\t<p>Sess\u00e3o de encerramento do primeiro dia do WordCamp. Com a tradicional e imprescind\u00edvel foto de fam\u00edlia e algumas informa\u00e7\u00f5es importantes acerca da after-party, Dia do Contribuidor e, quem sabe, outras coisas.<\/p>\n\n\t\t\t\t\t\t\t\t\t<\/div>\n\t\t\t<\/div>\n\n\t\t\n\t\t\t<div id=\"wcorg-session-1509\" class=\"wcorg-session\" >\n\t\t\t\t<h2>\n\t\t\t\t\tWordPress como obra de arte contempor\u00e2nea na Funda\u00e7\u00e3o Calouste Gulbenkian\t\t\t\t<\/h2>\n\n\t\t\t\t<div class=\"wcorg-session-description\">\n\t\t\t\t\t\t\t\t\t\t\t\t\t\t\t\t\t\t\t\t<p>&#8220;WordPress como obra de arte contempor\u00e2nea na Funda\u00e7\u00e3o Calouste Gulbenkian&#8221; \u00e9 o nome da sess\u00e3o. <a href=\"https:\/\/2016.porto.wordcamp.org\/speaker\/ze-fontainhas\/\" target=\"_blank\">Z\u00e9 Fontainhas<\/a> vai abordar os desafios de um projecto do tamanho da FCG, que n\u00e3o come\u00e7am na tecnologia e solu\u00e7\u00f5es usadas. A estrutura de funcionamento de uma organiza\u00e7\u00e3o desta dimens\u00e3o e complexidade, assim como as escolhas de UX\/UI, ditam muitas das escolhas que se fazem. Vai tentar explicar algumas particularidades do que foi implementado, e como foi conseguido fazer que o c\u00f3digo WordPress na FCG seja provavelmente um candidato a estar exposto nas paredes do Centro de Arte Moderna.<\/p>\n\n\t\t\t\t\t\t\t\t\t<\/div>\n\t\t\t<\/div>\n\n\t\t\n\t\t\t<div id=\"wcorg-session-1507\" class=\"wcorg-session\" >\n\t\t\t\t<h2>\n\t\t\t\t\tA vida de um projecto grande\t\t\t\t<\/h2>\n\n\t\t\t\t<div class=\"wcorg-session-description\">\n\t\t\t\t\t\t\t\t\t\t\t\t\t\t\t\t\t\t\t\t<p>A vida de um projecto grande \u00e9 o tema da apresenta\u00e7\u00e3o de <a href=\"https:\/\/2016.porto.wordcamp.org\/speaker\/hugo-fernandes\" target=\"_blank\">Hugo Fernandes<\/a> no WordCamp Porto.<br \/>\nNum projecto de larga dimens\u00e3o e complexidade estrutural, h\u00e1 v\u00e1rios factores a ter em conta. Para al\u00e9m das li\u00e7\u00f5es aprendidas, a experi\u00eancia ensina a tomar melhores decis\u00f5es. \u00c9 para partilhar a sua experi\u00eancia como Lead Designer da transforma\u00e7\u00e3o digital da Funda\u00e7\u00e3o Calouste Gulbenkian que Hugo Fernandes vai estar no WordCamp. Que desafios marcam um projecto com estas caracter\u00edsticas? Que erros e aprendizagens? Que estrat\u00e9gias podem funcionar? Como gerir humanamente o projecto?<\/p>\n\n\t\t\t\t\t\t\t\t\t<\/div>\n\t\t\t<\/div>\n\n\t\t\n\t\t\t<div id=\"wcorg-session-1505\" class=\"wcorg-session\" >\n\t\t\t\t<h2>\n\t\t\t\t\tThe good, the bad and the ugly of SEO\t\t\t\t<\/h2>\n\n\t\t\t\t<div class=\"wcorg-session-description\">\n\t\t\t\t\t\t\t\t\t\t\t\t\t\t\t\t\t\t\t\t<p>O bom, o mau e o feio do SEO. \u00c9 esta a aposta de <a href=\"https:\/\/2016.porto.wordcamp.org\/speaker\/ionut-neagu\/\" target=\"_blank\">Ionut Neagu<\/a> para uma sess\u00e3o sobre como retirar algum foco do SEO, colocando-os noutras coisas o ajudou a obter mais tr\u00e1fego proveniente do Google.<\/p>\n<p>Ir\u00e1 abordar coisas negativas que fez e aconteceram quando tentou manipular os resultados de pesquisas, as penaliza\u00e7\u00f5es que sofreu e dar exemplos de como criar coisas que as pessoas precisam e querem o ajudou a obter liga\u00e7\u00f5es e melhor ranking no Google, al\u00e9m do respectivo tr\u00e1fego.<\/p>\n\n\t\t\t\t\t\t\t\t\t<\/div>\n\t\t\t<\/div>\n\n\t\t\n\t\t\t<div id=\"wcorg-session-1502\" class=\"wcorg-session\" >\n\t\t\t\t<h2>\n\t\t\t\t\tMaster remote work by contributing to open source projects\t\t\t\t<\/h2>\n\n\t\t\t\t<div class=\"wcorg-session-description\">\n\t\t\t\t\t\t\t\t\t\t\t\t\t\t\t\t\t\t\t\t<p>&#8220;Master remote work by contributing to open source projects&#8221; \u00e9 o t\u00f3pico da apresenta\u00e7\u00e3o de <a href=\"https:\/\/2016.porto.wordcamp.org\/speaker\/petya-raykovska\/\" target=\"_blank\">Petya Raykovska<\/a>. Se o WordPress fosse uma empresa teria cerca de 20 mil funcion\u00e1rios em todo o mundo.<\/p>\n<p>Contribuir para o WordPress fornece uma oportunidade \u00fanica para te preparar para os desafios do trabalho remoto. Algo que pode ser essencial para te fazeres notar no ecossistema WordPress, que est\u00e1 em grande crescimento.<\/p>\n\n\t\t\t\t\t\t\t\t\t<\/div>\n\t\t\t<\/div>\n\n\t\t\n\t\t\t<div id=\"wcorg-session-1498\" class=\"wcorg-session\" >\n\t\t\t\t<h2>\n\t\t\t\t\tA infraestrutura de grandes projectos\t\t\t\t<\/h2>\n\n\t\t\t\t<div class=\"wcorg-session-description\">\n\t\t\t\t\t\t\t\t\t\t\t\t\t\t\t\t\t\t\t\t<p>A infraestrutura de servidores para acolher grandes sites. \u00c9 este o centro da apresenta\u00e7\u00e3o de <a href=\"https:\/\/2016.porto.wordcamp.org\/speaker\/pedro-dias\/\" target=\"_blank\">Pedro Dias<\/a> no WordCamp Porto.<\/p>\n<p>CTO da PTisp, onde \u00e9 respons\u00e1vel pelo desenho e manuten\u00e7\u00e3o da infraestrutura de alguns dos sites baseados em WordPress mais visitados em Portugal, vai abordar ideias e solu\u00e7\u00f5es escal\u00e1veis, loadbalacing e caching, al\u00e9m da monitoriza\u00e7\u00e3o de tr\u00e1fego em realtime em cada um dos clusters (e agregado). Tudo recorrendo a projectos opensource, sendo que criou e colaborou alguns deles.<\/p>\n\n\t\t\t\t\t\t\t\t\t<\/div>\n\t\t\t<\/div>\n\n\t\t\n\t\t\t<div id=\"wcorg-session-1494\" class=\"wcorg-session\" >\n\t\t\t\t<h2>\n\t\t\t\t\tDesign Visual e Credibilidade Percecionada na Web\t\t\t\t<\/h2>\n\n\t\t\t\t<div class=\"wcorg-session-description\">\n\t\t\t\t\t\t\t\t\t\t\t\t\t\t\t\t\t\t\t\t<div>\n<div><a href=\"https:\/\/2016.porto.wordcamp.org\/speaker\/tiago-machado\/\" target=\"_blank\">Tiago Machado<\/a> \u00e9 Head of Design no Instituto Superior T\u00e9cnico da Universidade de Lisboa. Vai fazer a sua apresenta\u00e7\u00e3o com <a href=\"https:\/\/2016.porto.wordcamp.org\/speaker\/mafalda-sequeira\/\">Mafalda Sequeira<\/a>, Digital Product Designer na Landing.jobs. Ambos s\u00e3o professores na Faculdade de Belas-Artes da Universidade de Lisboa.<\/div>\n<div><\/div>\n<div>Juntos desenvolveram um estudo sobre a rela\u00e7\u00e3o entre design visual e a perce\u00e7\u00e3o de credibilidade na web, aplicada aos sectores da educa\u00e7\u00e3o e da sa\u00fade. Em 2015 (muito por culpa desse estudo), fundaram a p\u00f3s-gradua\u00e7\u00e3o em Digital Experience Design na Faculdade de Belas-Artes da Universidade de Lisboa, na qual leccionam.<\/div>\n<div><\/div>\n<div>Questionar se a web \u00e9 importante j\u00e1 nem faz sentido. Coloca- se \u00e9 outra quest\u00e3o: no meio de tanta informa\u00e7\u00e3o, como \u00e9 que conseguimos identificar quais s\u00e3o os websites cred\u00edveis e merecedores da nossa aten\u00e7\u00e3o? Habitu\u00e1mo-nos h\u00e1 muito a julgar um livro pela capa e as pessoas pela apar\u00eancia. E sempre com um pressuposto: o que \u00e9 bonito \u00e9 bom.<\/div>\n<div><\/div>\n<div>O estudo que desenvolveram \u00e9 inovador em diversos sentidos, sendo o primeiro no contexto portugu\u00eas a focar-se nesta tem\u00e1tica, assim como o primeiro a recorrer a uma metodologia na qual se tenta isolar a componente visual da componente textual dos websites.<\/div>\n<\/div>\n\n\t\t\t\t\t\t\t\t\t<\/div>\n\t\t\t<\/div>\n\n\t\t\n\t\t\t<div id=\"wcorg-session-1490\" class=\"wcorg-session\" >\n\t\t\t\t<h2>\n\t\t\t\t\tFrom blogger to WordPress core committer\t\t\t\t<\/h2>\n\n\t\t\t\t<div class=\"wcorg-session-description\">\n\t\t\t\t\t\t\t\t\t\t\t\t\t\t\t\t\t\t\t\t<p>From Blogger to WordPress Core Committer \u00e9 o nome da sess\u00e3o de <a href=\"https:\/\/2016.porto.wordcamp.org\/speaker\/pascal-birchler\/\" target=\"_blank\">Pascal Birchler<\/a>. Usa WordPress desde 2006 mas s\u00f3 nos \u00faltimos tr\u00eas anos tem contribu\u00eddo para o projecto. Fez o primeiro patch no core no WordCamp Europe 2013 e, a partir da\u00ed, n\u00e3o parou.<\/p>\n<p>Por fim, consta que vai explicar o que os chocolates su\u00ed\u00e7os t\u00eam a ver com tudo isto.<\/p>\n\n\t\t\t\t\t\t\t\t\t<\/div>\n\t\t\t<\/div>\n\n\t\t\n\t\t\t<div id=\"wcorg-session-1487\" class=\"wcorg-session\" >\n\t\t\t\t<h2>\n\t\t\t\t\tSeguran\u00e7a e mobilidade\t\t\t\t<\/h2>\n\n\t\t\t\t<div class=\"wcorg-session-description\">\n\t\t\t\t\t\t\t\t\t\t\t\t\t\t\t\t\t\t\t\t<p>Manter um site em WordPress em seguran\u00e7a n\u00e3o \u00e9 uma tarefa dif\u00edcil, mas exige rigor e uma preocupa\u00e7\u00e3o com a actualiza\u00e7\u00e3o dos plugins, vers\u00f5es do WordPress, e um conjunto de procedimentos que devem ser cumpridos no lan\u00e7amento do site, refor\u00e7ando a seguran\u00e7a e evitando a sua exposi\u00e7\u00e3o a potenciais hackers. Nesta talk, <a href=\"https:\/\/2016.porto.wordcamp.org\/speaker\/marcel-schmitz\/\" target=\"_blank\">Marcel Schmitz<\/a> ir\u00e1 abordar quais as principais formas de intrus\u00e3o numa instala\u00e7\u00e3o de WordPress, de que forma um potencial hacker pode usar o site para atingir os seus objetivos e o que se pode fazer para evitar estas situa\u00e7\u00f5es.<\/p>\n\n\t\t\t\t\t\t\t\t\t<\/div>\n\t\t\t<\/div>\n\n\t\t\n\t\t\t<div id=\"wcorg-session-1485\" class=\"wcorg-session\" >\n\t\t\t\t<h2>\n\t\t\t\t\tPensas que UX \u00e9 apenas trabalho do designer?\t\t\t\t<\/h2>\n\n\t\t\t\t<div class=\"wcorg-session-description\">\n\t\t\t\t\t\t\t\t\t\t\t\t\t\t\t\t\t\t\t\t<p>Pensas que UX \u00e9 apenas trabalho do designer? \u00c9 esta a pergunta \u00e0 qual <a href=\"https:\/\/2016.porto.wordcamp.org\/speaker\/luis-rodrigues\/\" target=\"_blank\">Lu\u00eds Rodrigues<\/a> ir\u00e1 responder no WordCamp Porto 2016. Todos t\u00eam a responsabilidade de fornecer aos seus visitantes uma experi\u00eancia excelente e, \u00e0s vezes, uma bela interface e anima\u00e7\u00f5es suaves n\u00e3o s\u00e3o suficientes para &#8216;salvar&#8217; o teu site, app ou neg\u00f3cio.<\/p>\n<p>Ir\u00e1 falar sobre como a UX vai muito al\u00e9m do ecr\u00e3 do teu dispositivo e partilhar hist\u00f3rias sobre como CPU, redes lentas, geradores de n\u00fameros aleat\u00f3rios e a economia podem conspirar para te estragar o dia.<\/p>\n\n\t\t\t\t\t\t\t\t\t<\/div>\n\t\t\t<\/div>\n\n\t\t\n\t\t\t<div id=\"wcorg-session-1481\" class=\"wcorg-session\" >\n\t\t\t\t<h2>\n\t\t\t\t\tThe Journey from a Side Project to a WordPress Agency\t\t\t\t<\/h2>\n\n\t\t\t\t<div class=\"wcorg-session-description\">\n\t\t\t\t\t\t\t\t\t\t\t\t\t\t\t\t\t\t\t\t<p>O percurso de um projecto lateral at\u00e9 uma ag\u00eancia WordPress. \u00c9 este o t\u00edtulo da apresenta\u00e7\u00e3o de <a href=\"https:\/\/2016.porto.wordcamp.org\/speaker\/karin-christen\/\" target=\"_blank\">Karen Christen<\/a> no WordCamp Porto 2016.<br \/>\nUma pessoa pode ter muitas raz\u00f5es para criar uma ag\u00eancia WordPress. Inicialmente, Karin juntou-se a outras pessoas para criar uma plataforma online destinada a resolver um problema de todos eles. De repente estavam a gerir um sistema de contrata\u00e7\u00f5es para a ind\u00fastria web da Su\u00ed\u00e7a. Para manter a liberdade criativa n\u00e3o quiseram dinheiro de investidores ou capitais de risco. Por isso criaram um conceito que permite manter o neg\u00f3cio e deixando espa\u00e7o para os respectivos estilos de vida pessoais.<br \/>\nA sess\u00e3o ser\u00e1 apresentada numa perspectiva de neg\u00f3cio. Karin ir\u00e1 partilhar a sua experi\u00eancia de desenhar e construir uma plataforma online usando WordPress. Ir\u00e1 partilhar alguns segredos e o que aprendeu no processo de criar e manter esta plataforma desde h\u00e1 mais de cinco anos.<br \/>\nO objectivo \u00e9 abordar o processo relacionado com a UX e design de interac\u00e7\u00e3o e inspirar em que esteja a pensar em gerir uma ag\u00eancia WordPress.<\/p>\n\n\t\t\t\t\t\t\t\t\t<\/div>\n\t\t\t<\/div>\n\n\t\t\n\t\t\t<div id=\"wcorg-session-1479\" class=\"wcorg-session\" >\n\t\t\t\t<h2>\n\t\t\t\t\tTecnologias OpenSource: escala e redund\u00e2ncia\t\t\t\t<\/h2>\n\n\t\t\t\t<div class=\"wcorg-session-description\">\n\t\t\t\t\t\t\t\t\t\t\t\t\t\t\t\t\t\t\t\t<p>Tecnologias OpenSource para escalar e fornecer redund\u00e2ncia a sites WordPress \u00e9 o nome da apresenta\u00e7\u00e3o de <a href=\"https:\/\/2016.porto.wordcamp.org\/speaker\/nuno-fernandes\/ \u200e\" target=\"_blank\">Nuno Fernandes<\/a> e <a href=\"https:\/\/2016.porto.wordcamp.org\/speaker\/andre-rocha\/\" target=\"_blank\">Andr\u00e9 Rocha<\/a> no WordCamp Porto.<br \/>\nA sess\u00e3o resulta de v\u00e1rias experi\u00eancias efectuadas e algumas das tecnologias usadas, como NginX, Varnish, cluster de bases de dados, entre outras, em sites de grande dimens\u00e3o e com elevado n\u00famero de visitas. Ser\u00e3o ainda apresentadas algumas das ferramentas OpenSource utilizadas no desenvolvimento.<\/p>\n\n\t\t\t\t\t\t\t\t\t<\/div>\n\t\t\t<\/div>\n\n\t\t\n\t\t\t<div id=\"wcorg-session-1477\" class=\"wcorg-session\" >\n\t\t\t\t<h2>\n\t\t\t\t\tAbertura\t\t\t\t<\/h2>\n\n\t\t\t\t<div class=\"wcorg-session-description\">\n\t\t\t\t\t\t\t\t\t\t\t\t\t\t\t\t\t\t\t\t<p>Sess\u00e3o de abertura do WordCamp Porto 2016. Com as boas-vindas aos participantes e algumas informa\u00e7\u00f5es importantes sobre o evento.<\/p>\n\n\t\t\t\t\t\t\t\t\t<\/div>\n\t\t\t<\/div>\n\n\t\t\n\t\t\t<div id=\"wcorg-session-1475\" class=\"wcorg-session\" >\n\t\t\t\t<h2>\n\t\t\t\t\tOs segredos do &#8216;pitch&#8217; de projectos WordPress\t\t\t\t<\/h2>\n\n\t\t\t\t<div class=\"wcorg-session-description\">\n\t\t\t\t\t\t\t\t\t\t\t\t\t\t\t\t\t\t\t\t<p><a href=\"https:\/\/2016.porto.wordcamp.org\/speaker\/goncalo-salgado\/\" target=\"_blank\">Gon\u00e7alo Salgado<\/a> \u00e9 co-fundador da log. Uma ag\u00eancia de WordPress &amp; User Experience (UX). Nos \u00faltimos tempos tem tido a oportunidade de liderar o processo de transforma\u00e7\u00e3o da log de uma Consultora de variadas Tecnologias Open Source e UX para uma empresa focada em providenciar Consultoria e Desenvolvimento em WordPress, no exigente mercado das m\u00e9dias e grandes empresas.<\/p>\n<p>\u00c9 tamb\u00e9m sobre essa transforma\u00e7\u00e3o que ir\u00e1 falar no WordCamp do Porto. Sobre a sua experi\u00eancia, os erros e os sucessos no &#8220;pitch&#8221; de venda de servi\u00e7os WordPress neste segmento de mercado e como o faz actualmente.<\/p>\n\n\t\t\t\t\t\t\t\t\t<\/div>\n\t\t\t<\/div>\n\n\t\t\n\t\t\t<div id=\"wcorg-session-1473\" class=\"wcorg-session\" >\n\t\t\t\t<h2>\n\t\t\t\t\tWordPress Best Practices\t\t\t\t<\/h2>\n\n\t\t\t\t<div class=\"wcorg-session-description\">\n\t\t\t\t\t\t\t\t\t\t\t\t\t\t\t\t\t\t\t\t<p>No final de 2014, a 10up colocou em open source as suas melhores pr\u00e1ticas de trabalho em WordPress (PHP, JavaScript, ferramentas e workflows). Como director de engenharia, <a href=\"https:\/\/2016.porto.wordcamp.org\/speaker\/taylor-lovett\/\" target=\"_blank\">Taylor Lovett<\/a> liderou este projecto. Estas melhores pr\u00e1ticas permitem aos programadores criar sites escal\u00e1veis, com boa performance, seguros e que recebem milh\u00f5es de visualiza\u00e7\u00f5es de p\u00e1ginas por dia. Criam ainda padr\u00f5es de desenvolvimento que ajudam ao funcionamento de equipas.<\/p>\n<p>No WordCamp Porto, vai abordar algumas das mais importantes partes destas melhores pr\u00e1ticas e fornecer algumas dicas sobre a cria\u00e7\u00e3o de alguns dos mais complexos sites do mundo.<\/p>\n\n\t\t\t\t\t\t\t\t\t<\/div>\n\t\t\t<\/div>\n\n\t\t\t<\/div><!-- .wcorg-sessions -->\n\n\t\n","protected":false},"excerpt":{"rendered":"","protected":false},"author":8426977,"featured_media":0,"parent":0,"menu_order":0,"comment_status":"closed","ping_status":"closed","template":"","meta":{"jetpack_post_was_ever_published":false,"footnotes":""},"class_list":["post-9","page","type-page","status-publish","hentry"],"jetpack_sharing_enabled":true,"jetpack_shortlink":"https:\/\/wp.me\/P77JtP-9","_links":{"self":[{"href":"https:\/\/porto.wordcamp.org\/2016\/wp-json\/wp\/v2\/pages\/9","targetHints":{"allow":["GET"]}}],"collection":[{"href":"https:\/\/porto.wordcamp.org\/2016\/wp-json\/wp\/v2\/pages"}],"about":[{"href":"https:\/\/porto.wordcamp.org\/2016\/wp-json\/wp\/v2\/types\/page"}],"author":[{"embeddable":true,"href":"https:\/\/porto.wordcamp.org\/2016\/wp-json\/wp\/v2\/users\/8426977"}],"replies":[{"embeddable":true,"href":"https:\/\/porto.wordcamp.org\/2016\/wp-json\/wp\/v2\/comments?post=9"}],"version-history":[{"count":2,"href":"https:\/\/porto.wordcamp.org\/2016\/wp-json\/wp\/v2\/pages\/9\/revisions"}],"predecessor-version":[{"id":1513,"href":"https:\/\/porto.wordcamp.org\/2016\/wp-json\/wp\/v2\/pages\/9\/revisions\/1513"}],"wp:attachment":[{"href":"https:\/\/porto.wordcamp.org\/2016\/wp-json\/wp\/v2\/media?parent=9"}],"curies":[{"name":"wp","href":"https:\/\/api.w.org\/{rel}","templated":true}]}}