{"id":13,"date":"2018-02-17T19:44:56","date_gmt":"2018-02-17T19:44:56","guid":{"rendered":"https:\/\/2018.porto.wordcamp.org\/?page_id=13"},"modified":"2018-07-12T16:00:18","modified_gmt":"2018-07-12T15:00:18","slug":"bilhetes-tickets","status":"publish","type":"page","link":"https:\/\/porto.wordcamp.org\/2018\/bilhetes-tickets\/","title":{"rendered":"Bilhetes <em>Tickets<\/em>"},"content":{"rendered":"<p>O WordCamp Porto 2018 ir\u00e1 decorrer nos dias 18 e 19 de Maio, na Faculdade de Engenharia da Universidade do Porto (FEUP).<\/p>\n<p>Nesta edi\u00e7\u00e3o, o evento ter\u00e1 um <a href=\"https:\/\/2018.porto.wordcamp.org\/programa-schedule\/\">formato de programa<\/a> um pouco diferente das edi\u00e7\u00f5es passadas.<\/p>\n<p>Vamos aos bilhetes&#8230;<\/p>\n<p>Estes s\u00e3o os tipos de bilhetes dispon\u00edveis:<\/p>\n<ul>\n<li><strong>WordCamp<\/strong>: 35\u20ac &#8211;\u00a0inclui acesso aos 2 dias do evento, almo\u00e7o e coffee-break em ambos os dias, t-shirt, acesso \u00e0 after-party. <strong>&#8211; Bilhetes esgotados<\/strong><\/li>\n<li><a href=\"https:\/\/2018.porto.wordcamp.org\/workshops-iniciados-beginners-workshops\/\"><strong>Workshops Iniciados<\/strong><\/a>: 35\u20ac &#8211;\u00a0inclui acesso aos workshops que decorrem no segundo dia do evento, almo\u00e7o e coffee-break, t-shirt, acesso \u00e0 after-party.\u00a0Oferta de alojamento + registo de dom\u00ednio, ambos por 1 ano &#8211; <a href=\"https:\/\/www.ptservidor.pt\/\" rel=\"nofollow\"><em>Oferta PTServidor<\/em><\/a>\u00a0&#8211; <strong>Bilhetes esgotados<\/strong><\/li>\n<li><a href=\"https:\/\/2018.porto.wordcamp.org\/workshops-para-criancas-e-adolescentes\/\"><strong>Workshop Crian\u00e7a<\/strong><\/a>: 5\u20ac &#8211; inclui acesso ao workshop que decorre no segundo dia do evento, almo\u00e7o e coffee-break e t-shirt (implica, no m\u00ednimo, a aquisi\u00e7\u00e3o de 1 bilhete WordCamp ou Workshop por um encarregado de educa\u00e7\u00e3o).\u00a0<strong>&#8211; Bilhetes indispon\u00edveis<\/strong><\/li>\n<\/ul>\n<p>Se tiveres alguma <strong>restri\u00e7\u00e3o alimentar<\/strong>, informa-nos disso no formul\u00e1rio de compra do bilhete. Diz-nos tamb\u00e9m qual o <strong>tamanho da tua t-shirt<\/strong> nesse mesmo formul\u00e1rio.<\/p>\n<h3>D\u00favidas sobre como comprar?<\/h3>\n<p><strong>Tens d\u00favidas sobre como comprar bilhete, como pagar e se vais receber um bilhete em papel?\u00a0<a href=\"https:\/\/2018.porto.wordcamp.org\/bilhetes-a-venda-get-tickets\/\">Todas as respostas neste artigo<\/a><\/strong>.<\/p>\n<h3>Precisas de um recibo?<\/h3>\n<p>Se precisares de recibo relativo \u00e0 compra de bilhetes, pede atrav\u00e9s do formul\u00e1rio nesta p\u00e1gina: <a href=\"https:\/\/2018.porto.wordcamp.org\/pedido-factura-invoice-request\/\">Pedido de recibo<\/a>.<\/p>\n<p>&nbsp;<\/p>\n<div class=\"en\">\n<p>WordCamp Porto 2018 will be held on May, 18th and 19th, at Faculdade de Engenharia da Universidade do Porto (FEUP).<\/p>\n<p>This is a 2 day conferences event.<\/p>\n<p>So, let&#8217;s go to tickets&#8230;<\/p>\n<ul>\n<li><strong>WordCamp<\/strong>: 35\u20ac &#8211; two day access to all sessions, lunch, coffee-breaks, after-party, t-shirt. <strong>&#8211; Sold out<\/strong><\/li>\n<li><strong>Workshops Iniciados<\/strong>: 35\u20ac &#8211;\u00a0access to workshops on the 19th, lunch, coffes-breaks, after-party, t-shirt. &#8211; <strong>Sold out<\/strong><\/li>\n<li><strong>Workshop Crian\u00e7a<\/strong>: 5\u20ac &#8211; access to the kids workshop on the 19th (all day), lunch, coffee-breaks, t-shirt.\u00a0&#8211; <strong>Sold out<\/strong><\/li>\n<\/ul>\n<p>If you have any dietary preference or required, tell us in the form. Select the t-shirt size on the form.<\/p>\n<h3>Ticket invoice?<\/h3>\n<p>If you need a ticket invoice, please use the form in this page: <a href=\"https:\/\/2018.porto.wordcamp.org\/pedido-factura-invoice-request\/\">Request invoice<\/a>.<\/p>\n<\/div>\n<h6>Bilhetes esgotados para os Workshop Iniciados<br \/>\nOs bilhetes regulares est\u00e3o esgotados<\/h6>\n<a href=\"https:\/\/porto.wordcamp.org\/2018\/bilhetes-tickets\/\">Please view this page in a browser to purchase or manage tickets.<\/a>\n","protected":false},"excerpt":{"rendered":"<p>O WordCamp Porto 2018 ir\u00e1 decorrer nos dias 18 e 19 de Maio, na Faculdade de Engenharia da Universidade do Porto (FEUP). Nesta edi\u00e7\u00e3o, o evento ter\u00e1 um formato de programa um pouco diferente das edi\u00e7\u00f5es passadas. Vamos aos bilhetes&#8230; &hellip; <a href=\"https:\/\/porto.wordcamp.org\/2018\/bilhetes-tickets\/\">Continuar a ler <span class=\"assistive-text\">Bilhetes <em>Tickets<\/em><\/span>  <span class=\"meta-nav\">&rarr;<\/span><\/a><\/p>\n","protected":false},"author":8426977,"featured_media":256,"parent":0,"menu_order":0,"comment_status":"closed","ping_status":"closed","template":"","meta":{"jetpack_post_was_ever_published":false,"footnotes":""},"class_list":["post-13","page","type-page","status-publish","has-post-thumbnail","hentry"],"jetpack_sharing_enabled":true,"jetpack_shortlink":"https:\/\/wp.me\/P9nRRq-d","_links":{"self":[{"href":"https:\/\/porto.wordcamp.org\/2018\/wp-json\/wp\/v2\/pages\/13","targetHints":{"allow":["GET"]}}],"collection":[{"href":"https:\/\/porto.wordcamp.org\/2018\/wp-json\/wp\/v2\/pages"}],"about":[{"href":"https:\/\/porto.wordcamp.org\/2018\/wp-json\/wp\/v2\/types\/page"}],"author":[{"embeddable":true,"href":"https:\/\/porto.wordcamp.org\/2018\/wp-json\/wp\/v2\/users\/8426977"}],"replies":[{"embeddable":true,"href":"https:\/\/porto.wordcamp.org\/2018\/wp-json\/wp\/v2\/comments?post=13"}],"version-history":[{"count":20,"href":"https:\/\/porto.wordcamp.org\/2018\/wp-json\/wp\/v2\/pages\/13\/revisions"}],"predecessor-version":[{"id":2867,"href":"https:\/\/porto.wordcamp.org\/2018\/wp-json\/wp\/v2\/pages\/13\/revisions\/2867"}],"wp:featuredmedia":[{"embeddable":true,"href":"https:\/\/porto.wordcamp.org\/2018\/wp-json\/wp\/v2\/media\/256"}],"wp:attachment":[{"href":"https:\/\/porto.wordcamp.org\/2018\/wp-json\/wp\/v2\/media?parent=13"}],"curies":[{"name":"wp","href":"https:\/\/api.w.org\/{rel}","templated":true}]}}