{"id":19,"date":"2017-11-15T09:01:07","date_gmt":"2017-11-15T09:01:07","guid":{"rendered":"https:\/\/2018.porto.wordcamp.org\/code-of-conduct\/"},"modified":"2018-02-18T01:19:51","modified_gmt":"2018-02-18T01:19:51","slug":"codigo-conduta","status":"publish","type":"page","link":"https:\/\/porto.wordcamp.org\/2018\/codigo-conduta\/","title":{"rendered":"C\u00f3digo de Conduta <em>Code of Conduct<\/em>"},"content":{"rendered":"<ol>\n<li>\n<h3>Prop\u00f3sito<\/h3>\n<p>WordCamp Porto acredita que a nossa comunidade deve ser verdadeiramente aberta a todos. Assim, estamos comprometidos a fornecer um ambiente amig\u00e1vel, seguro e acolhedor para todos, independentemente do g\u00e9nero, orienta\u00e7\u00e3o sexual, defici\u00eancias, etnia, religi\u00e3o, sistema operativo preferido, linguagem de programa\u00e7\u00e3o ou editor de texto.<\/p>\n<p>Este c\u00f3digo de conduta estabelece as nossas expectativas para o comportamento dos participantes, bem como as consequ\u00eancias para comportamentos inaceit\u00e1veis.<\/p>\n<p>Convidamos todos os patrocinadores, volunt\u00e1rios, oradores, participantes e outros a ajudar-nos a criar uma experi\u00eancia segura e positiva para todos.<\/li>\n<li>\n<h3>Cidadania Open Source<\/h3>\n<p>Um objectivo suplementar deste c\u00f3digo de conduta \u00e9 aumentar a cidadania do Open Source (c\u00f3digo aberto), incentivando os participantes a reconhecer e fortalecer as rela\u00e7\u00f5es entre o que fazemos e a comunidade em geral.<\/p>\n<p>No servi\u00e7o desse objectivo, os organizadores do WordCamp Porto ir\u00e3o nomear cidad\u00e3os exemplares durante todo o evento e reconhecer, no site, os participantes seleccionados depois da confer\u00eancia.<\/p>\n<p>Se identificar algu\u00e9m que est\u00e1 a fazer um esfor\u00e7o extra para garantir que a nossa comunidade \u00e9 acolhedora e amig\u00e1vel, e incentiva todos os participantes a contribuir ao m\u00e1ximo, n\u00f3s queremos saber. Pode nomear algu\u00e9m na \u00e1rea de Registo ou atrav\u00e9s do <a href=\"https:\/\/2017.lisboa.wordcamp.org\/contactos\/\">formul\u00e1rio de contacto<\/a>.<\/li>\n<li>\n<h3>Comportamento esperado<\/h3>\n<ul>\n<li>Seja atencioso, respeitoso e colaborativo.<\/li>\n<li>Abster-se de comportamentos discriminat\u00f3rios ou de ass\u00e9dio.<\/li>\n<li>Tenha consci\u00eancia de quem est\u00e1 em seu redor e dos seus\u00a0colegas participantes. Alerte os organizadores da confer\u00eancia se detectar uma situa\u00e7\u00e3o perigosa ou algu\u00e9m em perigo.<\/li>\n<li>Participe de forma aut\u00eantica e activa. Ao faz\u00ea-lo est\u00e1 a ajudar o WordCamp Porto e a torn\u00e1-lo seu.<\/li>\n<\/ul>\n<\/li>\n<li>\n<h3>Comportamento inaceit\u00e1vel<\/h3>\n<p>Comportamentos inaceit\u00e1veis incluem: condutas de intimida\u00e7\u00e3o, ass\u00e9dio, abusiva, discriminat\u00f3ria, depreciativa e humilhante de qualquer participante no WordCamp Porto e eventos relacionados. Os espa\u00e7os do WordCamp Porto podem ser partilhados com outras pessoas; por favor, respeite todos os clientes desses locais.<\/p>\n<p>Ass\u00e9dio inclui: coment\u00e1rios verbais relacionados com o g\u00e9nero, orienta\u00e7\u00e3o sexual, religi\u00e3o, defici\u00eancias; o uso desadequado de imagens de nudez ou sexuais em espa\u00e7os p\u00fablicos (incluindo slides de apresenta\u00e7\u00f5es); intimida\u00e7\u00e3o deliberada, persegui\u00e7\u00e3o; ass\u00e9dio fotogr\u00e1fico ou v\u00eddeo; interrup\u00e7\u00e3o cont\u00ednua de conversas ou outros eventos; uso inapropriado de contacto f\u00edsico e aten\u00e7\u00e3o sexual indesejada.<\/li>\n<li>\n<h3>Consequ\u00eancias de comportamento inaceit\u00e1vel<\/h3>\n<p>O comportamento inaceit\u00e1vel n\u00e3o ser\u00e1 tolerado por outros participantes, organizadores, patrocinadores, staff dos locais ou outros clientes dos locais do WordCamp Porto.<\/p>\n<p>\u00c9 esperado que, a quem for solicitado que pare com comportamentos inaceit\u00e1veis, respeite de imediato esse pedido.<\/p>\n<p>Se um participante se envolve em comportamento inaceit\u00e1vel, os organizadores da confer\u00eancia podem tomar qualquer ac\u00e7\u00e3o que considerem apropriada, incluindo a expuls\u00e3o da confer\u00eancia, sem aviso ou reembolso.<\/li>\n<li>\n<h3>O que deve fazer se testemunhar ou for sujeito a comportamento inaceit\u00e1vel<\/h3>\n<p>Se for sujeito a qualquer comportamento inaceit\u00e1vel, verificar que outra pessoa est\u00e1 a ser sujeita a comportamento inaceit\u00e1vel ou tiver outra preocupa\u00e7\u00e3o, por favor, informe os organizadores da confer\u00eancia o mais breve poss\u00edvel.<\/p>\n<p>A equipa do WordCamp Porto est\u00e1 dispon\u00edvel para ajudar a contactar a seguran\u00e7a do local ou as for\u00e7as de seguran\u00e7a, providenciar escolta ou ajudar, de outra forma, aqueles que forem sujeitos a comportamentos inaceit\u00e1veis, para que se sintam seguros durante a confer\u00eancia.<br \/>\nOs elementos da organiza\u00e7\u00e3o e os volunt\u00e1rios usar\u00e3o uma t-shirt distinta. Qualquer volunt\u00e1rio poder\u00e1 estabelecer liga\u00e7\u00e3o com a organiza\u00e7\u00e3o da confer\u00eancia. Pode ainda dirigir-se \u00e0 secretaria de registo e pedir a compar\u00eancia de um dos organizadores.<\/li>\n<li>\n<h3>\u00c2mbito<\/h3>\n<p>Esperamos que todos os participantes na confer\u00eancia (patrocinadores, volunt\u00e1rios, oradores, participantes e convidados) cumpram este c\u00f3digo de conduta em todos os locais da confer\u00eancia e eventos sociais com ela relacionados.<\/li>\n<li>\n<h3>Informa\u00e7\u00e3o de contacto<\/h3>\n<p>Podes contactar-nos atrav\u00e9s do <a href=\"https:\/\/2018.porto.wordcamp.org\/contacto\/\" target=\"_blank\" rel=\"noopener\">formul\u00e1rio online<\/a>.<\/li>\n<li>\n<h3>Licen\u00e7a e Cr\u00e9ditos<\/h3>\n<p>Este C\u00f3digo de Conduta \u00e9 uma adapta\u00e7\u00e3o directa do excelente trabalho do Open Source Bridge, mas com a substitui\u00e7\u00e3o da informa\u00e7\u00e3o do nosso evento. O original est\u00e1 dispon\u00edvel <a href=\"http:\/\/opensourcebridge.org\/about\/code-of-conduct\/\" target=\"_blank\" rel=\"noopener\">aqui<\/a>\u00a0e \u00e9 disponibilizado segundo uma Creative Commons de <a href=\"http:\/\/creativecommons.org\/choose\/results-one?license_code=by-sa\" target=\"_blank\" rel=\"noopener\">Atribui\u00e7\u00e3o \u2013 Partilha nos Termos da Mesma Licen\u00e7a<\/a>.<\/li>\n<\/ol>\n<p>&nbsp;<\/p>\n<div class=\"en\">\n<h3>Purpose<\/h3>\n<p>WordCamp Porto believes our community should be truly open for everyone. As such, we are committed to providing a friendly, safe and welcoming environment for all, regardless of gender, sexual orientation, disability, ethnicity, religion, preferred operating system, programming language, or text editor.<\/p>\n<p>This code of conduct outlines our expectations for participant behavior as well as the consequences for unacceptable behavior.<\/p>\n<p>We invite all sponsors, volunteers, speakers, attendees, and other participants to help us realize a safe and positive conference experience for everyone.<\/p>\n<ul>\n<li>\n<h3>Open Source Citizenship<\/h3>\n<p>A supplemental goal of this code of conduct is to increase open source citizenship by encouraging participants to recognize and strengthen the relationships between what we do and the community at large.<\/p>\n<p>In service of this goal,<br \/>\nWordCamp Porto\u00a0organizers will be taking nominations for exemplary citizens throughout the event and will recognize select participants after the conference on the website.<\/p>\n<p>If you see someone who is making an extra effort to ensure our community is welcoming, friendly, and encourages all participants to contribute to the fullest extent, we want to know.<\/li>\n<li>\n<h3>Expected Behavior<\/h3>\n<ul>\n<li>Be considerate, respectful, and collaborative.<\/li>\n<li>Refrain from demeaning, discriminatory or harassing behavior and speech.<\/li>\n<li>Be mindful of your surroundings and of your fellow participants. Alert conference organizers if you notice a dangerous situation or someone in distress.<\/li>\n<li>Participate in an authentic and active way. In doing so, you help to create<br \/>\nWordCamp Porto\u00a0and make it your own.<\/li>\n<\/ul>\n<\/li>\n<li>\n<h3>Unacceptable Behavior<\/h3>\n<p>Unacceptable behaviors include: intimidating, harassing, abusive, discriminatory, derogatory or demeaning conduct by any attendees of<br \/>\nWordCamp Porto\u00a0and related events. All<br \/>\nWordCamp Porto\u00a0venues may be shared with members of the public; please be respectful to all patrons of these locations.<\/p>\n<p>Harassment includes: offensive verbal comments related to gender, sexual orientation, race, religion, disability; inappropriate use of nudity and\/or sexual images in public spaces (including presentation slides); deliberate intimidation, stalking or following; harassing photography or recording; sustained disruption of talks or other events; inappropriate physical contact, and unwelcome sexual attention.<\/li>\n<li>\n<h3>Consequences Of Unacceptable Behavior<\/h3>\n<p>Unacceptable behavior will not be tolerated whether by other attendees, organizers, venue staff, sponsors, or other patrons of<br \/>\nWordCamp Porto\u00a0venues.<\/p>\n<p>Anyone asked to stop unacceptable behavior is expected to comply immediately.<\/p>\n<p>If a participant engages in unacceptable behavior, the conference organizers may take any action they deem appropriate, up to and including expulsion from the conference without warning or refund.<\/li>\n<li>\n<h3>What To Do If You Witness Or Are Subject To Unacceptable Behavior<\/h3>\n<p>If you are subject to unacceptable behavior, notice that someone else is being subject to unacceptable behavior, or have any other concerns, please notify a conference organizer as soon as possible.<\/p>\n<p>The<br \/>\nWordCamp Porto\u00a0team will be available to help participants contact venue security or local law enforcement, to provide escorts, or to otherwise assist those experiencing unacceptable behavior to feel safe for the duration of the conference.<br \/>\nAny volunteer can connect you with a conference organizer. You can also come to the special registration desk in the lobby and ask for the organizers.<\/li>\n<li>\n<h3>Scope<\/h3>\n<p>We expect all conference participants (sponsors, volunteers, speakers, attendees, and other guests) to abide by this code of conduct at all conference venues and conference-related social events.<\/li>\n<li>\n<h3>Contact Information<\/h3>\n<p>You can reach to us using the <a href=\"https:\/\/2018.porto.wordcamp.org\/contacto\/\">contact form<\/a>.<\/li>\n<li>\n<h3>License And Attribution<\/h3>\n<p>This Code of Conduct is a direct swipe from the awesome work of Open Source Bridge, but with our event information substituted. The original is available at<br \/>\n<a href=\"http:\/\/opensourcebridge.org\/about\/code-of-conduct\/\">http:\/\/opensourcebridge.org\/about\/code-of-conduct\/<\/a> and is released under a<br \/>\n<a href=\"http:\/\/creativecommons.org\/licenses\/by-sa\/3.0\/\">Creative Commons Attribution-ShareAlike<\/a> license.<\/li>\n<\/ul>\n<\/div>\n","protected":false},"excerpt":{"rendered":"<p>Prop\u00f3sito WordCamp Porto acredita que a nossa comunidade deve ser verdadeiramente aberta a todos. Assim, estamos comprometidos a fornecer um ambiente amig\u00e1vel, seguro e acolhedor para todos, independentemente do g\u00e9nero, orienta\u00e7\u00e3o sexual, defici\u00eancias, etnia, religi\u00e3o, sistema operativo preferido, linguagem de &hellip; <a href=\"https:\/\/porto.wordcamp.org\/2018\/codigo-conduta\/\">Continuar a ler <span class=\"assistive-text\">C\u00f3digo de Conduta <em>Code of Conduct<\/em><\/span>  <span class=\"meta-nav\">&rarr;<\/span><\/a><\/p>\n","protected":false},"author":8426977,"featured_media":0,"parent":0,"menu_order":0,"comment_status":"closed","ping_status":"closed","template":"","meta":{"jetpack_post_was_ever_published":false,"footnotes":""},"class_list":["post-19","page","type-page","status-publish","hentry"],"jetpack_sharing_enabled":true,"jetpack_shortlink":"https:\/\/wp.me\/P9nRRq-j","_links":{"self":[{"href":"https:\/\/porto.wordcamp.org\/2018\/wp-json\/wp\/v2\/pages\/19","targetHints":{"allow":["GET"]}}],"collection":[{"href":"https:\/\/porto.wordcamp.org\/2018\/wp-json\/wp\/v2\/pages"}],"about":[{"href":"https:\/\/porto.wordcamp.org\/2018\/wp-json\/wp\/v2\/types\/page"}],"author":[{"embeddable":true,"href":"https:\/\/porto.wordcamp.org\/2018\/wp-json\/wp\/v2\/users\/8426977"}],"replies":[{"embeddable":true,"href":"https:\/\/porto.wordcamp.org\/2018\/wp-json\/wp\/v2\/comments?post=19"}],"version-history":[{"count":6,"href":"https:\/\/porto.wordcamp.org\/2018\/wp-json\/wp\/v2\/pages\/19\/revisions"}],"predecessor-version":[{"id":248,"href":"https:\/\/porto.wordcamp.org\/2018\/wp-json\/wp\/v2\/pages\/19\/revisions\/248"}],"wp:attachment":[{"href":"https:\/\/porto.wordcamp.org\/2018\/wp-json\/wp\/v2\/media?parent=19"}],"curies":[{"name":"wp","href":"https:\/\/api.w.org\/{rel}","templated":true}]}}