{"id":380,"date":"2018-02-20T09:36:25","date_gmt":"2018-02-20T09:36:25","guid":{"rendered":"https:\/\/2018.porto.wordcamp.org\/?page_id=380"},"modified":"2018-02-23T20:27:27","modified_gmt":"2018-02-23T20:27:27","slug":"workshops","status":"publish","type":"page","link":"https:\/\/porto.wordcamp.org\/2018\/workshops\/","title":{"rendered":"Workshops <em>Workshops<\/em>"},"content":{"rendered":"<p>WordCamp Porto 2018 ter\u00e1 2 grandes n\u00edveis de workshops:<\/p>\n<ul>\n<li><strong><a href=\"https:\/\/2018.porto.wordcamp.org\/workshops-iniciados-beginners-workshops\/\">Workshops para iniciados (n\u00edvel b\u00e1sico):<\/a><\/strong><\/li>\n<\/ul>\n<p>Para <strong>utilizadores de n\u00edvel b\u00e1sico<\/strong>, que est\u00e3o a iniciar, ou querem come\u00e7ar, o seu percurso no WordPress:<\/p>\n<ol>\n<li>Workshop \u201cFaz o teu site em WordPress\u201d \u2013 n\u00edvel b\u00e1sico<\/li>\n<li>Workshop \u201cFaz a tua loja online em WordPress\u201d \u2013 n\u00edvel b\u00e1sico<\/li>\n<\/ol>\n<ul>\n<li><strong><a href=\"https:\/\/2018.porto.wordcamp.org\/workshops-para-criancas-e-adolescentes\/\">Workshops para crian\u00e7as e adolescentes<\/a><\/strong><\/li>\n<\/ul>\n<p><strong>Inicia\u00e7\u00e3o ao WordPress (.com)<\/strong>\u00a0para crian\u00e7as e adolescentes,\u00a0<strong>dos 9 aos 15 anos<\/strong>.<\/p>\n<p>&nbsp;<\/p>\n<div class=\"en\">\n<p>WordCamp Porto 2018 will host 2 workshops:<\/p>\n<ul>\n<li><a href=\"https:\/\/2018.porto.wordcamp.org\/workshops-iniciados-beginners-workshops\/\">Beginners workshop<\/a><\/li>\n<li><a href=\"https:\/\/2018.porto.wordcamp.org\/workshops-para-criancas-e-adolescentes\/\">Child workshop<\/a><\/li>\n<\/ul>\n<\/div>\n","protected":false},"excerpt":{"rendered":"<p>WordCamp Porto 2018 ter\u00e1 2 grandes n\u00edveis de workshops: Workshops para iniciados (n\u00edvel b\u00e1sico): Para utilizadores de n\u00edvel b\u00e1sico, que est\u00e3o a iniciar, ou querem come\u00e7ar, o seu percurso no WordPress: Workshop \u201cFaz o teu site em WordPress\u201d \u2013 n\u00edvel &hellip; <a href=\"https:\/\/porto.wordcamp.org\/2018\/workshops\/\">Continuar a ler <span class=\"assistive-text\">Workshops <em>Workshops<\/em><\/span>  <span class=\"meta-nav\">&rarr;<\/span><\/a><\/p>\n","protected":false},"author":1034113,"featured_media":0,"parent":0,"menu_order":0,"comment_status":"closed","ping_status":"closed","template":"","meta":{"jetpack_post_was_ever_published":false,"footnotes":""},"class_list":["post-380","page","type-page","status-publish","hentry"],"jetpack_sharing_enabled":true,"jetpack_shortlink":"https:\/\/wp.me\/P9nRRq-68","_links":{"self":[{"href":"https:\/\/porto.wordcamp.org\/2018\/wp-json\/wp\/v2\/pages\/380","targetHints":{"allow":["GET"]}}],"collection":[{"href":"https:\/\/porto.wordcamp.org\/2018\/wp-json\/wp\/v2\/pages"}],"about":[{"href":"https:\/\/porto.wordcamp.org\/2018\/wp-json\/wp\/v2\/types\/page"}],"author":[{"embeddable":true,"href":"https:\/\/porto.wordcamp.org\/2018\/wp-json\/wp\/v2\/users\/1034113"}],"replies":[{"embeddable":true,"href":"https:\/\/porto.wordcamp.org\/2018\/wp-json\/wp\/v2\/comments?post=380"}],"version-history":[{"count":5,"href":"https:\/\/porto.wordcamp.org\/2018\/wp-json\/wp\/v2\/pages\/380\/revisions"}],"predecessor-version":[{"id":451,"href":"https:\/\/porto.wordcamp.org\/2018\/wp-json\/wp\/v2\/pages\/380\/revisions\/451"}],"wp:attachment":[{"href":"https:\/\/porto.wordcamp.org\/2018\/wp-json\/wp\/v2\/media?parent=380"}],"curies":[{"name":"wp","href":"https:\/\/api.w.org\/{rel}","templated":true}]}}