{"id":11,"date":"2023-07-26T23:29:24","date_gmt":"2023-07-26T22:29:24","guid":{"rendered":"https:\/\/porto.wordcamp.org\/2024\/location\/"},"modified":"2024-04-29T11:20:27","modified_gmt":"2024-04-29T10:20:27","slug":"location","status":"publish","type":"page","link":"https:\/\/porto.wordcamp.org\/2024\/location\/","title":{"rendered":"Location"},"content":{"rendered":"\n<p class=\"wp-block-paragraph\">WordCamp Porto 24 will take place from 17 to 18 May at the <strong>Dr. Ant\u00f3nio Cupertino de Miranda Foundation<\/strong> (<a href=\"http:\/\/www.facm.pt\/facm\/facm\/pt\/index\" target=\"_blank\" rel=\"noreferrer noopener\">FACM<\/a>) in Porto, Portugal.<\/p>\n\n\n\n<p class=\"wp-block-paragraph\"><a href=\"https:\/\/maps.app.goo.gl\/GAeg2L1A3ZPzGQqs9\" target=\"_blank\" rel=\"noreferrer noopener\">Funda\u00e7\u00e3o Dr. Ant\u00f3nio Cupertino de Miranda<\/a><\/p>\n\n\n\n<div class=\"wp-block-jetpack-map is-style-default\" data-map-id=\"jp-map-1\" data-map-provider=\"mapbox\" data-api-key=\"pk.eyJ1Ijoid29yZGNhbXBwb3J0byIsImEiOiJjbHJqaDd5bHIwM203MnJvYzMyMmIwNHNxIn0.h0bOAlVb91HoU3ffnx_xpg\" data-map-style=\"default\"><ul><li><a href=\"https:\/\/www.google.com\/maps\/search\/?api=1&amp;query=41.164702,-8.6732455\">Funda\u00e7\u00e3o Ant\u00f3nio Cupertino de Miranda<\/a><\/li><\/ul><\/div>\n\n\n\n<p class=\"wp-block-paragraph\"><em>Av. da Boavista 4245<\/em><br><em>4100-140 Porto, Portugal<\/em><\/p>\n\n\n\n<figure class=\"wp-block-gallery has-nested-images columns-default is-cropped wp-block-gallery-2 is-layout-flex wp-block-gallery-is-layout-flex\">\n<figure class=\"wp-block-image size-large\"><img loading=\"lazy\" decoding=\"async\" width=\"1024\" height=\"576\" data-id=\"714\" src=\"https:\/\/porto.wordcamp.org\/2024\/files\/2024\/01\/image-2-1024x576.png\" alt=\"\" class=\"wp-image-714\" srcset=\"https:\/\/porto.wordcamp.org\/2024\/files\/2024\/01\/image-2-1024x576.png 1024w, https:\/\/porto.wordcamp.org\/2024\/files\/2024\/01\/image-2-300x169.png 300w, https:\/\/porto.wordcamp.org\/2024\/files\/2024\/01\/image-2-768x432.png 768w, https:\/\/porto.wordcamp.org\/2024\/files\/2024\/01\/image-2-500x281.png 500w, https:\/\/porto.wordcamp.org\/2024\/files\/2024\/01\/image-2.png 1360w\" sizes=\"auto, (max-width: 1024px) 100vw, 1024px\" \/><\/figure>\n\n\n\n<figure class=\"wp-block-image size-large\"><img loading=\"lazy\" decoding=\"async\" width=\"1024\" height=\"683\" data-id=\"713\" src=\"https:\/\/porto.wordcamp.org\/2024\/files\/2024\/01\/image-1-1024x683.png\" alt=\"\" class=\"wp-image-713\" srcset=\"https:\/\/porto.wordcamp.org\/2024\/files\/2024\/01\/image-1-1024x683.png 1024w, https:\/\/porto.wordcamp.org\/2024\/files\/2024\/01\/image-1-300x200.png 300w, https:\/\/porto.wordcamp.org\/2024\/files\/2024\/01\/image-1-768x512.png 768w, https:\/\/porto.wordcamp.org\/2024\/files\/2024\/01\/image-1-450x300.png 450w, https:\/\/porto.wordcamp.org\/2024\/files\/2024\/01\/image-1.png 1360w\" sizes=\"auto, (max-width: 1024px) 100vw, 1024px\" \/><\/figure>\n\n\n\n<figure class=\"wp-block-image size-large\"><img loading=\"lazy\" decoding=\"async\" width=\"1024\" height=\"680\" data-id=\"742\" src=\"https:\/\/porto.wordcamp.org\/2024\/files\/2024\/01\/Hall.jpeg\" alt=\"\" class=\"wp-image-742\" srcset=\"https:\/\/porto.wordcamp.org\/2024\/files\/2024\/01\/Hall.jpeg 1024w, https:\/\/porto.wordcamp.org\/2024\/files\/2024\/01\/Hall-300x199.jpeg 300w, https:\/\/porto.wordcamp.org\/2024\/files\/2024\/01\/Hall-768x510.jpeg 768w, https:\/\/porto.wordcamp.org\/2024\/files\/2024\/01\/Hall-452x300.jpeg 452w\" sizes=\"auto, (max-width: 1024px) 100vw, 1024px\" \/><\/figure>\n\n\n\n<figure class=\"wp-block-image size-large\"><img loading=\"lazy\" decoding=\"async\" width=\"1024\" height=\"656\" data-id=\"743\" src=\"https:\/\/porto.wordcamp.org\/2024\/files\/2024\/01\/AudI1.jpeg\" alt=\"\" class=\"wp-image-743\" srcset=\"https:\/\/porto.wordcamp.org\/2024\/files\/2024\/01\/AudI1.jpeg 1024w, https:\/\/porto.wordcamp.org\/2024\/files\/2024\/01\/AudI1-300x192.jpeg 300w, https:\/\/porto.wordcamp.org\/2024\/files\/2024\/01\/AudI1-768x492.jpeg 768w, https:\/\/porto.wordcamp.org\/2024\/files\/2024\/01\/AudI1-468x300.jpeg 468w\" sizes=\"auto, (max-width: 1024px) 100vw, 1024px\" \/><\/figure>\n\n\n\n<figure class=\"wp-block-image size-large\"><img loading=\"lazy\" decoding=\"async\" width=\"1024\" height=\"668\" data-id=\"744\" src=\"https:\/\/porto.wordcamp.org\/2024\/files\/2024\/01\/SalaA1.jpeg\" alt=\"\" class=\"wp-image-744\" srcset=\"https:\/\/porto.wordcamp.org\/2024\/files\/2024\/01\/SalaA1.jpeg 1024w, https:\/\/porto.wordcamp.org\/2024\/files\/2024\/01\/SalaA1-300x196.jpeg 300w, https:\/\/porto.wordcamp.org\/2024\/files\/2024\/01\/SalaA1-768x501.jpeg 768w, https:\/\/porto.wordcamp.org\/2024\/files\/2024\/01\/SalaA1-460x300.jpeg 460w\" sizes=\"auto, (max-width: 1024px) 100vw, 1024px\" \/><\/figure>\n<\/figure>\n\n\n\n<p class=\"wp-block-paragraph\">Located on Avenida Boavista, one of Porto&#8217;s main avenues, the Dr Ant\u00f3nio Cupertino de Miranda Foundation (<a href=\"http:\/\/www.facm.pt\/facm\/facm\/pt\/index\" target=\"_blank\" rel=\"noreferrer noopener\">FACM<\/a>) is a contemporary and versatile space with access for people with reduced mobility. In front of it is the Parque da Cidade, adorned with exotic trees, shrubs, tranquil lakes, paths and fountains, the largest urban park in the city of Porto. 1.5 kilometres away is another of Porto&#8217;s tourist attractions, the Castelo do Queijo, which is surrounded by beaches and seafront restaurants.<\/p>\n\n\n\n<h2 class=\"wp-block-heading\"><strong>How to get<\/strong><\/h2>\n\n\n\n<h3 class=\"wp-block-heading\"><strong>\ud83d\udeec Plane<\/strong><\/h3>\n\n\n\n<p class=\"wp-block-paragraph\">Porto Airport (<a href=\"https:\/\/www.aeroportoporto.pt\/pt\/opo\/home\" target=\"_blank\" rel=\"noreferrer noopener\">OPO<\/a>);<\/p>\n\n\n\n<ul class=\"wp-block-list\">\n<li>If you take the Metro, go to Aeroporto metro station (purple line E) and get off at Casa da M\u00fasica station from here you can:\n<ul class=\"wp-block-list\">\n<li>walk 4 kilometres along Avenida da Boavista;<\/li>\n\n\n\n<li>or take taxis or TVDE (Uber, Bolt);<\/li>\n\n\n\n<li>or take one of the buses below and get off at \u201cParque da Cidade\u201d station:<\/li>\n<\/ul>\n<\/li>\n<\/ul>\n\n\n\n<p class=\"wp-block-paragraph\"><img loading=\"lazy\" decoding=\"async\" src=\"https:\/\/lh7-us.googleusercontent.com\/daGKPXTOk8pDKHSiVSeeWs8aXsMITHIEwZX5GQ8BCps2Y7DeXrQnXSl0WqKMoLH8JgQn1zNz-5_BPLCvwdUu3W3i6Y98nwHu4BYy34Wmip6wqPcNYo1-sILAygm53heBw5J04tOImYawnWgc8nrmiNs\" width=\"504\" height=\"121\"><\/p>\n\n\n\n<h3 class=\"wp-block-heading\">\ud83d\ude88 <strong>Metro<\/strong><\/h3>\n\n\n\n<p class=\"wp-block-paragraph\">There are currently 6 Metro lines covering the greater Porto area (Gaia, Gondomar, Maia, Matosinhos, Porto, Trofa). The nearest Metro station is &#8220;Casa da M\u00fasica&#8221;, served by lines A, B, C, E and F. From Casa da M\u00fasica you can:<\/p>\n\n\n\n<ul class=\"wp-block-list\">\n<li>walk 4 kilometres along Avenida da Boavista;<\/li>\n\n\n\n<li>or take taxis or TVDE (Uber, Bolt);<\/li>\n\n\n\n<li>or take one of the buses below and get off at \u201cParque da Cidade\u201d station:<\/li>\n<\/ul>\n\n\n\n<p class=\"wp-block-paragraph\"><img loading=\"lazy\" decoding=\"async\" src=\"https:\/\/lh7-us.googleusercontent.com\/daGKPXTOk8pDKHSiVSeeWs8aXsMITHIEwZX5GQ8BCps2Y7DeXrQnXSl0WqKMoLH8JgQn1zNz-5_BPLCvwdUu3W3i6Y98nwHu4BYy34Wmip6wqPcNYo1-sILAygm53heBw5J04tOImYawnWgc8nrmiNs\" width=\"504\" height=\"121\"><\/p>\n\n\n\n<p class=\"wp-block-paragraph\"><img loading=\"lazy\" decoding=\"async\" src=\"https:\/\/lh7-us.googleusercontent.com\/E9Wrcg-qZ1W4tBMwQ7TrtT15uy9WBGay8AeiVbXTWMF7TMGq_SdQyNCE_SAR-IthbSmRvFGf8OsV_iylVPqse04K7OHiyBukI0IqBoCSD1VKJcBIpNE2bsd9IZbhGsUJPvcZr7ldczdhKTPN39hltq4\" width=\"500\" height=\"208\"><\/p>\n\n\n\n<p class=\"wp-block-paragraph\">More information <a href=\"https:\/\/www.metrodoporto.pt\/\" target=\"_blank\" rel=\"noreferrer noopener\">Metro do Porto &#8211; A Vida em Movimento<\/a><\/p>\n\n\n\n<h3 class=\"wp-block-heading\"><strong>\ud83d\ude8c Bus<\/strong><\/h3>\n\n\n\n<p class=\"wp-block-paragraph\">Take the STCP buses and get off at the &#8220;Parque da Cidade&#8221; stop:&nbsp;<img decoding=\"async\" src=\"https:\/\/lh7-us.googleusercontent.com\/XRFXriTSVlU3xeqRR6K08hMuA_GbpKvjBMbaxwnBuJTyOkQ0WiO1cp8oRhmgwkdQlDrgm1dPDDq4Y1G4-Nx1XWcNFvYzCGInpz6tJpFwhxqVpvI6H9ot9Ll2Scxu29f0XS8zHDFYG7w-9GEgExuI3fA\" width=\"432.04761904761904\" height=\"266\"><\/p>\n\n\n\n<figure class=\"wp-block-image size-full\"><img loading=\"lazy\" decoding=\"async\" width=\"600\" height=\"405\" src=\"https:\/\/porto.wordcamp.org\/2024\/files\/2024\/01\/image-10.png\" alt=\"\" class=\"wp-image-725\" srcset=\"https:\/\/porto.wordcamp.org\/2024\/files\/2024\/01\/image-10.png 600w, https:\/\/porto.wordcamp.org\/2024\/files\/2024\/01\/image-10-300x203.png 300w, https:\/\/porto.wordcamp.org\/2024\/files\/2024\/01\/image-10-444x300.png 444w\" sizes=\"auto, (max-width: 600px) 100vw, 600px\" \/><\/figure>\n\n\n\n<figure class=\"wp-block-image size-full\"><img loading=\"lazy\" decoding=\"async\" width=\"600\" height=\"89\" src=\"https:\/\/porto.wordcamp.org\/2024\/files\/2024\/01\/image-9.png\" alt=\"\" class=\"wp-image-724\" srcset=\"https:\/\/porto.wordcamp.org\/2024\/files\/2024\/01\/image-9.png 600w, https:\/\/porto.wordcamp.org\/2024\/files\/2024\/01\/image-9-300x45.png 300w, https:\/\/porto.wordcamp.org\/2024\/files\/2024\/01\/image-9-500x74.png 500w\" sizes=\"auto, (max-width: 600px) 100vw, 600px\" \/><\/figure>\n\n\n\n<p class=\"wp-block-paragraph\">More information <a href=\"https:\/\/www.stcp.pt\/pt\/viajar\/\" target=\"_blank\" rel=\"noreferrer noopener\">STCP<\/a><\/p>\n\n\n\n<h3 class=\"wp-block-heading\">\ud83d\udef4 <strong>Electric scooter or bicycle<\/strong><\/h3>\n\n\n\n<p class=\"wp-block-paragraph\">The city of Porto has a network of public and private operators offering scooter or bicycle sharing solutions. Check the authorised parking area at the end of your journey.<\/p>\n\n\n\n<h3 class=\"wp-block-heading\">\ud83d\ude95<strong>Taxi \/ TVDE<\/strong><\/h3>\n\n\n\n<p class=\"wp-block-paragraph\">By taxi or TVDE you can get to&nbsp; Funda\u00e7\u00e3o Dr. Ant\u00f3nio Cupertino de Miranda (<a href=\"http:\/\/www.facm.pt\/facm\/facm\/pt\/index\" target=\"_blank\" rel=\"noreferrer noopener\">FACM<\/a>).<\/p>\n\n\n\n<h3 class=\"wp-block-heading\"><strong>\ud83d\udee4\ufe0f Train<\/strong><\/h3>\n\n\n\n<p class=\"wp-block-paragraph\">From Campanh\u00e3 Train Station you can:&nbsp;<\/p>\n\n\n\n<ul class=\"wp-block-list\">\n<li>take a taxi or TVDE (Uber, Bolt);<\/li>\n\n\n\n<li>or take the metro to Casa da M\u00fasica and then one of the buses below and get off at the &#8220;Parque da Cidade&#8221; stop:<\/li>\n<\/ul>\n\n\n\n<figure class=\"wp-block-image size-full\"><img loading=\"lazy\" decoding=\"async\" width=\"627\" height=\"151\" src=\"https:\/\/porto.wordcamp.org\/2024\/files\/2024\/01\/image-8.png\" alt=\"\" class=\"wp-image-722\" srcset=\"https:\/\/porto.wordcamp.org\/2024\/files\/2024\/01\/image-8.png 627w, https:\/\/porto.wordcamp.org\/2024\/files\/2024\/01\/image-8-300x72.png 300w, https:\/\/porto.wordcamp.org\/2024\/files\/2024\/01\/image-8-500x120.png 500w\" sizes=\"auto, (max-width: 627px) 100vw, 627px\" \/><\/figure>\n\n\n\n<h3 class=\"wp-block-heading\"><strong>\ud83d\ude97 Car<\/strong><\/h3>\n\n\n\n<p class=\"wp-block-paragraph\">If you are travelling to the Dr Ant\u00f3nio Cupertino de Miranda Foundation in your own car, there is parking on Avenida da Boavista in front of or next to the City Park.<\/p>\n\n\n\n<div style=\"height:100px\" aria-hidden=\"true\" class=\"wp-block-spacer\"><\/div>\n\n\n\n<h2 class=\"wp-block-heading\"><strong>Where to stay<\/strong><\/h2>\n\n\n\n<h2 class=\"wp-block-heading\">HF Ipanema Park<\/h2>\n\n\n\n<div class=\"wp-block-media-text is-stacked-on-mobile is-image-fill\"><figure class=\"wp-block-media-text__media\" style=\"background-image:url(https:\/\/porto.wordcamp.org\/2024\/files\/2024\/04\/Hf-Ipanema-Porto-Hotel-Exterior-683x1024.jpeg);background-position:50% 50%\"><img loading=\"lazy\" decoding=\"async\" width=\"683\" height=\"1024\" src=\"https:\/\/porto.wordcamp.org\/2024\/files\/2024\/04\/Hf-Ipanema-Porto-Hotel-Exterior-683x1024.jpeg\" alt=\"\" class=\"wp-image-6565 size-full\" srcset=\"https:\/\/porto.wordcamp.org\/2024\/files\/2024\/04\/Hf-Ipanema-Porto-Hotel-Exterior-683x1024.jpeg 683w, https:\/\/porto.wordcamp.org\/2024\/files\/2024\/04\/Hf-Ipanema-Porto-Hotel-Exterior-200x300.jpeg 200w, https:\/\/porto.wordcamp.org\/2024\/files\/2024\/04\/Hf-Ipanema-Porto-Hotel-Exterior-768x1152.jpeg 768w, https:\/\/porto.wordcamp.org\/2024\/files\/2024\/04\/Hf-Ipanema-Porto-Hotel-Exterior-1024x1536.jpeg 1024w, https:\/\/porto.wordcamp.org\/2024\/files\/2024\/04\/Hf-Ipanema-Porto-Hotel-Exterior-1365x2048.jpeg 1365w, https:\/\/porto.wordcamp.org\/2024\/files\/2024\/04\/Hf-Ipanema-Porto-Hotel-Exterior-scaled.jpeg 1707w\" sizes=\"auto, (max-width: 683px) 100vw, 683px\" \/><\/figure><div class=\"wp-block-media-text__content\">\n<figure class=\"wp-block-table\"><table class=\"has-fixed-layout\"><tbody><tr><td>Address<\/td><td>Stars<\/td><td>Distance<\/td><\/tr><tr><td>R. de Serralves 124Porto<\/td><td>\u2b50\u2b50\u2b50\u2b50<\/td><td>2,9 km<\/td><\/tr><\/tbody><\/table><\/figure>\n<\/div><\/div>\n\n\n\n<p class=\"wp-block-paragraph\">This hotel has given a 10 percent discount on the rate for any WordCamp Porto participant.<br><br><a href=\"https:\/\/wordcampporto2024.hfhotels.com\" target=\"_blank\" rel=\"noreferrer noopener\">https:\/\/wordcampporto2024.hfhotels.com<br><\/a><br>The 10% discount is already applied to the rates shown.<\/p>\n\n\n\n<div style=\"height:50px\" aria-hidden=\"true\" class=\"wp-block-spacer\"><\/div>\n\n\n\n<h2 class=\"wp-block-heading\">Vila Foz Hotel &amp; Spa<\/h2>\n\n\n\n<div class=\"wp-block-media-text is-stacked-on-mobile\"><figure class=\"wp-block-media-text__media\"><img loading=\"lazy\" decoding=\"async\" width=\"1024\" height=\"576\" src=\"https:\/\/porto.wordcamp.org\/2024\/files\/2024\/04\/vila-foz-hotel-amp-spa-hotelexterior_1_easy-resize.com_-1024x576.jpg\" alt=\"\" class=\"wp-image-6564 size-full\" srcset=\"https:\/\/porto.wordcamp.org\/2024\/files\/2024\/04\/vila-foz-hotel-amp-spa-hotelexterior_1_easy-resize.com_-1024x576.jpg 1024w, https:\/\/porto.wordcamp.org\/2024\/files\/2024\/04\/vila-foz-hotel-amp-spa-hotelexterior_1_easy-resize.com_-300x169.jpg 300w, https:\/\/porto.wordcamp.org\/2024\/files\/2024\/04\/vila-foz-hotel-amp-spa-hotelexterior_1_easy-resize.com_-768x432.jpg 768w, https:\/\/porto.wordcamp.org\/2024\/files\/2024\/04\/vila-foz-hotel-amp-spa-hotelexterior_1_easy-resize.com_-500x281.jpg 500w, https:\/\/porto.wordcamp.org\/2024\/files\/2024\/04\/vila-foz-hotel-amp-spa-hotelexterior_1_easy-resize.com_.jpg 1280w\" sizes=\"auto, (max-width: 1024px) 100vw, 1024px\" \/><\/figure><div class=\"wp-block-media-text__content\">\n<div class=\"wp-block-group is-nowrap is-layout-flex wp-container-core-group-is-layout-3a88641f wp-block-group-is-layout-flex\">\n<figure class=\"wp-block-table\"><table class=\"has-fixed-layout\"><tbody><tr><td>Address<\/td><td>Stars<\/td><td>Distance<\/td><\/tr><tr><td>Av. de Montevideu 236 Porto<\/td><td>\u2b50\u2b50\u2b50\u2b50\u2b50<\/td><td>2,2 km<\/td><\/tr><\/tbody><\/table><\/figure>\n<\/div>\n<\/div><\/div>\n\n\n\n<p class=\"wp-block-paragraph\">This hotel has given a 10 percent discount on the rate for any WordCamp Porto participant.<\/p>\n","protected":false},"excerpt":{"rendered":"<p>WordCamp Porto 24 will take place from 17 to 18 May at the Dr. Ant\u00f3nio Cupertino de Miranda Foundation (FACM) in Porto, Portugal. Funda\u00e7\u00e3o Dr. Ant\u00f3nio Cupertino de Miranda Av. da Boavista 42454100-140 Porto, Portugal Located on Avenida Boavista, one of Porto&#8217;s main avenues, the Dr Ant\u00f3nio Cupertino de Miranda Foundation (FACM) is a contemporary [&hellip;]<\/p>\n","protected":false},"author":8433142,"featured_media":0,"parent":0,"menu_order":0,"comment_status":"closed","ping_status":"closed","template":"","meta":{"_crdt_document":"","jetpack_post_was_ever_published":false,"footnotes":""},"class_list":["post-11","page","type-page","status-publish","hentry"],"jetpack_sharing_enabled":true,"_links":{"self":[{"href":"https:\/\/porto.wordcamp.org\/2024\/wp-json\/wp\/v2\/pages\/11","targetHints":{"allow":["GET"]}}],"collection":[{"href":"https:\/\/porto.wordcamp.org\/2024\/wp-json\/wp\/v2\/pages"}],"about":[{"href":"https:\/\/porto.wordcamp.org\/2024\/wp-json\/wp\/v2\/types\/page"}],"author":[{"embeddable":true,"href":"https:\/\/porto.wordcamp.org\/2024\/wp-json\/wp\/v2\/users\/8433142"}],"replies":[{"embeddable":true,"href":"https:\/\/porto.wordcamp.org\/2024\/wp-json\/wp\/v2\/comments?post=11"}],"version-history":[{"count":7,"href":"https:\/\/porto.wordcamp.org\/2024\/wp-json\/wp\/v2\/pages\/11\/revisions"}],"predecessor-version":[{"id":16023,"href":"https:\/\/porto.wordcamp.org\/2024\/wp-json\/wp\/v2\/pages\/11\/revisions\/16023"}],"wp:attachment":[{"href":"https:\/\/porto.wordcamp.org\/2024\/wp-json\/wp\/v2\/media?parent=11"}],"curies":[{"name":"wp","href":"https:\/\/api.w.org\/{rel}","templated":true}]}}