{"id":13,"date":"2023-11-20T15:02:57","date_gmt":"2023-11-20T15:02:57","guid":{"rendered":"https:\/\/porto.wordcamp.org\/2024\/?page_id=13"},"modified":"2024-06-26T19:21:13","modified_gmt":"2024-06-26T18:21:13","slug":"tickets","status":"publish","type":"page","link":"https:\/\/porto.wordcamp.org\/2024\/tickets\/","title":{"rendered":"Bilhetes"},"content":{"rendered":"\n<h2 class=\"wp-block-heading has-text-align-center\"><em>Tickets<\/em><\/h2>\n\n\n\n<div style=\"height:50px\" aria-hidden=\"true\" class=\"wp-block-spacer\"><\/div>\n\n\n\n<div class=\"wp-block-columns is-layout-flex wp-container-core-columns-is-layout-0bc6e372 wp-block-columns-is-layout-flex\" style=\"padding-top:0;padding-right:0;padding-bottom:0;padding-left:0\">\n<div class=\"wp-block-column is-layout-flow wp-block-column-is-layout-flow\">\n<figure class=\"wp-block-image size-full is-resized\"><img loading=\"lazy\" decoding=\"async\" src=\"https:\/\/lisboa.wordcamp.org\/2023\/files\/2023\/01\/badge-lang-pt.png\" alt=\"O texto seguinte est\u00e1 em Portugu\u00eas\" class=\"wp-image-1781\" width=\"125\" height=\"20\" \/><\/figure>\n\n\n\n<p><strong>O WordCamp Porto 2024 acontece nos dias 17 e 18 de Maio. Esperamos cerca de 300 participantes. Existem 3 tipos de bilhetes:<\/strong><\/p>\n\n\n\n<h3 class=\"wp-block-heading\">Bilhete Normal &#8211; 35\u20ac<\/h3>\n\n\n\n<ul class=\"wp-block-list\">\n<li>Acesso ao <a href=\"https:\/\/porto.wordcamp.org\/2024\/programa\/\" data-type=\"page\" data-id=\"174\">dia de confer\u00eancias<\/a>, com dois audit\u00f3rios com palestras a funcionarem em simult\u00e2neo, a 18 de Maio;<\/li>\n\n\n\n<li>Possibilidade de assistir aos Workshops a 18 de Maio (<a href=\"https:\/\/porto.wordcamp.org\/2024\/workshops\/\" data-type=\"page\" data-id=\"4201\">inscri\u00e7\u00f5es abertas<\/a>);<\/li>\n\n\n\n<li>Op\u00e7\u00e3o de assistir e colaborar no <a href=\"https:\/\/porto.wordcamp.org\/2024\/dia-de-contribuicao\/\" data-type=\"page\" data-id=\"175\">Dia da Contribui\u00e7\u00e3o<\/a> (17 de Maio);<\/li>\n\n\n\n<li>Almo\u00e7o e coffee breaks;<\/li>\n\n\n\n<li>T-shirt do evento e outro swag (sujeito ao stock existente na altura da compra do bilhete);<\/li>\n\n\n\n<li>Acesso \u00e0 espectacular <a href=\"https:\/\/porto.wordcamp.org\/2024\/after-party\/\" data-type=\"page\" data-id=\"176\">after-party<\/a>, depois do evento principal, com bebidas e finger-food;<\/li>\n<\/ul>\n\n\n\n<h3 class=\"wp-block-heading\">Bilhete Microsponsor &#8211; 150\u20ac<\/h3>\n\n\n\n<ul class=\"wp-block-list\">\n<li>Equivalente ao bilhete normal. Inclui tudo o indicado acima na descri\u00e7\u00e3o do mesmo.<\/li>\n\n\n\n<li>Tem um valor mais aproximado do custo real por participante do evento; <\/li>\n\n\n\n<li>Direito a link para o teu site e refer\u00eancia no nosso site oficial na sec\u00e7\u00e3o de <a href=\"https:\/\/porto.wordcamp.org\/2024\/patrocinadores\/\" data-type=\"page\" data-id=\"177\">Microsponsors<\/a>.<\/li>\n<\/ul>\n\n\n\n<h3 class=\"wp-block-heading\">Bilhete Mecenas \/ Patron &#8211; 150\u20ac<\/h3>\n\n\n\n<ul class=\"wp-block-list\">\n<li>Equivalente ao bilhete de Microsponsor, no entanto o bilhete \u00e9 doado a um participante. <a href=\"https:\/\/porto.wordcamp.org\/2024\/patrocinador-mecenas\/\" data-type=\"link\" data-id=\"https:\/\/porto.wordcamp.org\/2024\/patrocinador-mecenas\/\">Mais informa\u00e7\u00f5es<\/a>. <\/li>\n<\/ul>\n<\/div>\n\n\n\n<div class=\"wp-block-column is-layout-flow wp-block-column-is-layout-flow\">\n<figure class=\"wp-block-image size-full is-resized\"><img loading=\"lazy\" decoding=\"async\" src=\"https:\/\/lisboa.wordcamp.org\/2023\/files\/2023\/01\/badge-lang-en.png\" alt=\"The following text is in English\" class=\"wp-image-1784\" width=\"97\" height=\"20\" \/><\/figure>\n\n\n\n<p><strong>WordCamp Porto 2024 will take place on the 17th and 18th of May. We expect 300 attendees. There are 3 types of tickets:<\/strong><\/p>\n\n\n\n<h3 class=\"wp-block-heading\">Normal Ticket &#8211; 35\u20ac<\/h3>\n\n\n\n<ul class=\"wp-block-list\">\n<li>Access to the main conference day, with 2 auditoriums with talks happening at the same time, on the 18th of May.<\/li>\n\n\n\n<li>Possibility to register for workshops happening on the 18th of May (<a href=\"https:\/\/porto.wordcamp.org\/2024\/workshops\/\" data-type=\"page\" data-id=\"4201\">registration open<\/a>).<\/li>\n\n\n\n<li>Option to attend <a href=\"https:\/\/porto.wordcamp.org\/2024\/contributor-day\/\" data-type=\"page\" data-id=\"329\">Contributor Day<\/a>;<\/li>\n\n\n\n<li>Lunch and coffee break;<\/li>\n\n\n\n<li>T-shirt and other swag (limited to stock availability);<\/li>\n\n\n\n<li>Access to the exclusive attendees After-party, taking place after the main event, with drinks and finger-food;<\/li>\n<\/ul>\n\n\n\n<h3 class=\"wp-block-heading\">Microsponsor ticket &#8211; 150\u20ac<\/h3>\n\n\n\n<ul class=\"wp-block-list\">\n<li>Equivalent to the normal ticket, it includes everything the normal ticket offers, as described above.<\/li>\n\n\n\n<li>It has a value closer to the real cost per attendee for the event;<\/li>\n\n\n\n<li>Link to your website on our official website on the <a href=\"https:\/\/porto.wordcamp.org\/2024\/sponsors\/\" data-type=\"page\" data-id=\"10\">Microsponsors<\/a> section.<\/li>\n<\/ul>\n\n\n\n<h3 class=\"wp-block-heading\">Patron \/ Mecenas ticket &#8211; 150\u20ac<\/h3>\n\n\n\n<ul class=\"wp-block-list\">\n<li>Equivalent to the Microsponsor ticket, but the event ticket will be donated to another attendee. <a href=\"https:\/\/porto.wordcamp.org\/2024\/patron-sponsorship-level\/\" data-type=\"page\" data-id=\"563\">More information<\/a>.<\/li>\n<\/ul>\n<\/div>\n<\/div>\n\n\n\n<div style=\"height:50px\" aria-hidden=\"true\" class=\"wp-block-spacer\"><\/div>\n\n\n\n<div class=\"wp-block-group alignfull has-global-padding is-layout-constrained wp-container-core-group-is-layout-d89aad35 wp-block-group-is-layout-constrained\" style=\"margin-top:0;margin-bottom:0;padding-top:var(--wp--preset--spacing--50);padding-right:var(--wp--preset--spacing--50);padding-bottom:var(--wp--preset--spacing--50);padding-left:var(--wp--preset--spacing--50)\">\n<div class=\"wp-block-group alignwide has-base-2-background-color has-background is-layout-flow wp-block-group-is-layout-flow\" style=\"border-radius:16px;padding-top:var(--wp--preset--spacing--10);padding-right:var(--wp--preset--spacing--30);padding-bottom:var(--wp--preset--spacing--10);padding-left:var(--wp--preset--spacing--30)\">\n<div style=\"height:var(--wp--preset--spacing--10)\" aria-hidden=\"true\" class=\"wp-block-spacer\"><\/div>\n\n\n\n<h2 class=\"wp-block-heading has-text-align-center has-x-large-font-size\">Comprar Bilhete<\/h2>\n\n\n\n<p class=\"has-text-align-center\">Buy Ticket<\/p>\n\n\n<a href=\"https:\/\/porto.wordcamp.org\/2024\/tickets\/\">Please view this page in a browser to purchase or manage tickets.<\/a>\n\n\n\n<div style=\"height:var(--wp--preset--spacing--10)\" aria-hidden=\"true\" class=\"wp-block-spacer\"><\/div>\n<\/div>\n\n\n\n<p class=\"has-small-font-size\">Por quest\u00f5es de log\u00edstica os bilhetes ser\u00e3o publicados em lotes. Se os bilhetes estiverem esgotados, subscreve \u00e0 nossa newsletter para saber se\/quando haver\u00e1 mais bilhetes dispon\u00edveis. S\u00f3 poderemos emitir reembolsos at\u00e9 dia 13 de Maio.<br><em>For logistics reasons, the tickets will be released in batches. If the tickets are sold out, subscribe to our newsletter below to find out when\/if new tickets will be available.<\/em> <em>We can only issue refunds until May 13th.<\/em><\/p>\n<\/div>\n","protected":false},"excerpt":{"rendered":"<p>Tickets O WordCamp Porto 2024 acontece nos dias 17 e 18 de Maio. Esperamos cerca de 300 participantes. Existem 3 tipos de bilhetes: Bilhete Normal &#8211; 35\u20ac Bilhete Microsponsor &#8211; 150\u20ac Bilhete Mecenas \/ Patron &#8211; 150\u20ac WordCamp Porto 2024 will take place on the 17th and 18th of May. We expect 300 attendees. There [&hellip;]<\/p>\n","protected":false},"author":8433142,"featured_media":0,"parent":0,"menu_order":0,"comment_status":"closed","ping_status":"closed","template":"","meta":{"jetpack_post_was_ever_published":false,"footnotes":""},"class_list":["post-13","page","type-page","status-publish","hentry"],"jetpack_sharing_enabled":true,"_links":{"self":[{"href":"https:\/\/porto.wordcamp.org\/2024\/wp-json\/wp\/v2\/pages\/13","targetHints":{"allow":["GET"]}}],"collection":[{"href":"https:\/\/porto.wordcamp.org\/2024\/wp-json\/wp\/v2\/pages"}],"about":[{"href":"https:\/\/porto.wordcamp.org\/2024\/wp-json\/wp\/v2\/types\/page"}],"author":[{"embeddable":true,"href":"https:\/\/porto.wordcamp.org\/2024\/wp-json\/wp\/v2\/users\/8433142"}],"replies":[{"embeddable":true,"href":"https:\/\/porto.wordcamp.org\/2024\/wp-json\/wp\/v2\/comments?post=13"}],"version-history":[{"count":26,"href":"https:\/\/porto.wordcamp.org\/2024\/wp-json\/wp\/v2\/pages\/13\/revisions"}],"predecessor-version":[{"id":8741,"href":"https:\/\/porto.wordcamp.org\/2024\/wp-json\/wp\/v2\/pages\/13\/revisions\/8741"}],"wp:attachment":[{"href":"https:\/\/porto.wordcamp.org\/2024\/wp-json\/wp\/v2\/media?parent=13"}],"curies":[{"name":"wp","href":"https:\/\/api.w.org\/{rel}","templated":true}]}}