{"id":174,"date":"2023-11-20T15:02:57","date_gmt":"2023-11-20T15:02:57","guid":{"rendered":"https:\/\/porto.wordcamp.org\/2024\/?page_id=174"},"modified":"2024-05-14T13:38:50","modified_gmt":"2024-05-14T12:38:50","slug":"programa","status":"publish","type":"page","link":"https:\/\/porto.wordcamp.org\/2024\/programa\/","title":{"rendered":"Programa"},"content":{"rendered":"\n<p class=\"wp-block-paragraph\">[<a href=\"https:\/\/porto.wordcamp.org\/2024\/schedule\/\">English page<\/a>]<\/p>\n\n\n\n<p class=\"wp-block-paragraph\">O WordCamp Porto acontece nos dias 17 de Maio &#8211; Dia de Ajuda e Contribui\u00e7\u00e3o &#8211; e 18 de Maio &#8211; Dia de Confer\u00eancias e <a href=\"https:\/\/porto.wordcamp.org\/2024\/session\/after-party\/\">After-Party<\/a>.<\/p>\n\n\n\n<p class=\"wp-block-paragraph\">O primeiro dia, sexta-feira, \u00e9 dedicado \u00e0 <a href=\"https:\/\/porto.wordcamp.org\/2024\/dia-ajuda-contribuicao\/\" data-type=\"page\" data-id=\"4301\">contribui\u00e7\u00e3o e entre-ajuda<\/a>, para utilizadores de todos os n\u00edveis, com 9 apresenta\u00e7\u00f5es na parte da tarde.<\/p>\n\n\n\n<p class=\"wp-block-paragraph\">O segundo dia, s\u00e1bado, conta com 23 apresenta\u00e7\u00f5es, nos mais diversos temas dedicados ao WordPress e desenvolvimento web e <a href=\"https:\/\/porto.wordcamp.org\/2024\/workshops\/\" data-type=\"page\" data-id=\"4201\">2 workshops<\/a> para iniciados.<\/p>\n\n\n\n<p class=\"wp-block-paragraph\"><\/p>\n\n\n\n<div\n\tclass=\"wp-block-wordcamp-schedule alignwide is-loading\"\n\t\tdata-attributes=\"{&quot;__isStylesPreview&quot;:false,&quot;align&quot;:&quot;wide&quot;,&quot;chooseSpecificDays&quot;:true,&quot;chosenDays&quot;:[&quot;2024-05-17&quot;],&quot;chooseSpecificTracks&quot;:false,&quot;chosenTrackIds&quot;:[],&quot;showCategories&quot;:true,&quot;useClientTimezone&quot;:false}\"\n>\n\tA carregar&#8230;<\/div>\n\n\n\t<div class=\"email-form fav-session-email-form-hide\">\n\t\t<!-- Tab links -->\n\t\t<div class=\"fav-session-share-tab\">\n\t\t\t\t\t\t\t<div class=\"fav-session-tablinks\" id=\"fav-session-btn-email\">\n\t\t\t\t\tEmail\t\t\t\t<\/div>\n\t\t\t\n\t\t\t<div class=\"fav-session-tablinks\" id=\"fav-session-btn-link\">\n\t\t\t\tLiga\u00e7\u00e3o\t\t\t<\/div>\n\n\t\t\t<div class=\"fav-session-tablinks\" id=\"fav-session-btn-print\">\n\t\t\t\tImprimir\t\t\t<\/div>\n\t\t<\/div>\n\n\t\t<!-- Tab content -->\n\t\t\t\t\t<div id=\"fav-session-tab-email\" class=\"fav-session-share-tabcontent\">\n\t\t\t\t<div id=\"fav-session-email-form\">\n\t\t\t\t\tEnvie-me as minhas sess\u00f5es favoritas:\n\t\t\t\t\t<form id=\"fav-sessions-form\">\n\t\t\t\t\t\t<input\n\t\t\t\t\t\t\ttype=\"text\"\n\t\t\t\t\t\t\tname=\"email_address\"\n\t\t\t\t\t\t\tid=\"fav-sessions-email-address\"\n\t\t\t\t\t\t\tplaceholder=\"me@protonmail.com\"\n\t\t\t\t\t\t\/>\n\t\t\t\t\t\t<input type=\"submit\" value=\"Enviar\" \/>\n\t\t\t\t\t<\/form>\n\t\t\t\t<\/div>\n\n\t\t\t\t<div class=\"fav-session-email-wait-spinner\"><\/div>\n\t\t\t\t<div class=\"fav-session-email-result\"><\/div>\n\t\t\t<\/div>\n\t\t\n\t\t<div id=\"fav-session-tab-link\" class=\"fav-session-share-tabcontent\">\n\t\t\tShareable link:\t\t\t<br \/>\n\t\t\t<a id=\"fav-sessions-link\" href=\"\"><\/a>\n\t\t<\/div>\n\n\t\t<div id=\"fav-session-tab-print\" class=\"fav-session-share-tabcontent\">\n\t\t\t<button id=\"fav-session-print\">\n\t\t\t\tPrint favorite sessions\t\t\t<\/button>\n\t\t<\/div>\n\t<\/div>\n\n\t<a class=\"show-email-form\" href=\"javascript:\">\n\t\t<span class=\"dashicons dashicons-star-filled\"><\/span>\n\t\t<span class=\"dashicons dashicons-email-alt\"><\/span>\n\t<\/a>\n\n\t\n\n\n<div style=\"height:50px\" aria-hidden=\"true\" class=\"wp-block-spacer\"><\/div>\n\n\n\n<div\n\tclass=\"wp-block-wordcamp-schedule alignwide is-loading\"\n\t\tdata-attributes=\"{&quot;__isStylesPreview&quot;:false,&quot;align&quot;:&quot;wide&quot;,&quot;chooseSpecificDays&quot;:true,&quot;chosenDays&quot;:[&quot;2024-05-18&quot;],&quot;chooseSpecificTracks&quot;:true,&quot;chosenTrackIds&quot;:[59,60,61],&quot;showCategories&quot;:true,&quot;useClientTimezone&quot;:false}\"\n>\n\tA carregar&#8230;<\/div>\n\n\n\n\n<div class=\"wp-block-buttons has-custom-font-size has-large-font-size is-content-justification-center is-layout-flex wp-container-core-buttons-is-layout-0aa01211 wp-block-buttons-is-layout-flex\">\n<div class=\"wp-block-button\"><a class=\"wp-block-button__link wp-element-button\" href=\"https:\/\/porto.wordcamp.org\/2024\/tickets\/\">Comprar Bilhete<\/a><\/div>\n<\/div>\n\n\n\n<p class=\"wp-block-paragraph\"><\/p>\n","protected":false},"excerpt":{"rendered":"<p>[English page] O WordCamp Porto acontece nos dias 17 de Maio &#8211; Dia de Ajuda e Contribui\u00e7\u00e3o &#8211; e 18 de Maio &#8211; Dia de Confer\u00eancias e After-Party. O primeiro dia, sexta-feira, \u00e9 dedicado \u00e0 contribui\u00e7\u00e3o e entre-ajuda, para utilizadores de todos os n\u00edveis, com 9 apresenta\u00e7\u00f5es na parte da tarde. O segundo dia, s\u00e1bado, [&hellip;]<\/p>\n","protected":false},"author":8433142,"featured_media":0,"parent":0,"menu_order":0,"comment_status":"closed","ping_status":"closed","template":"","meta":{"_crdt_document":"","jetpack_post_was_ever_published":false,"footnotes":""},"class_list":["post-174","page","type-page","status-publish","hentry"],"jetpack_sharing_enabled":true,"_links":{"self":[{"href":"https:\/\/porto.wordcamp.org\/2024\/wp-json\/wp\/v2\/pages\/174","targetHints":{"allow":["GET"]}}],"collection":[{"href":"https:\/\/porto.wordcamp.org\/2024\/wp-json\/wp\/v2\/pages"}],"about":[{"href":"https:\/\/porto.wordcamp.org\/2024\/wp-json\/wp\/v2\/types\/page"}],"author":[{"embeddable":true,"href":"https:\/\/porto.wordcamp.org\/2024\/wp-json\/wp\/v2\/users\/8433142"}],"replies":[{"embeddable":true,"href":"https:\/\/porto.wordcamp.org\/2024\/wp-json\/wp\/v2\/comments?post=174"}],"version-history":[{"count":21,"href":"https:\/\/porto.wordcamp.org\/2024\/wp-json\/wp\/v2\/pages\/174\/revisions"}],"predecessor-version":[{"id":9100,"href":"https:\/\/porto.wordcamp.org\/2024\/wp-json\/wp\/v2\/pages\/174\/revisions\/9100"}],"wp:attachment":[{"href":"https:\/\/porto.wordcamp.org\/2024\/wp-json\/wp\/v2\/media?parent=174"}],"curies":[{"name":"wp","href":"https:\/\/api.w.org\/{rel}","templated":true}]}}