{"id":176,"date":"2023-11-20T15:02:57","date_gmt":"2023-11-20T15:02:57","guid":{"rendered":"https:\/\/porto.wordcamp.org\/2024\/?page_id=176"},"modified":"2024-04-09T09:51:34","modified_gmt":"2024-04-09T08:51:34","slug":"after-party","status":"publish","type":"page","link":"https:\/\/porto.wordcamp.org\/2024\/after-party\/","title":{"rendered":"After-Party"},"content":{"rendered":"\n<p>No s\u00e1bado dia 18 de Maio, quando terminarem todas as apresenta\u00e7\u00f5es, haver\u00e1 um momento de conv\u00edvio exclusivo aos participantes do evento, para que possam fazer o balan\u00e7o do dia em conjunto com os outros participantes, num ambiente descontra\u00eddo, entre as 18h30 e as 20h30.<\/p>\n\n\n\n<p>Este momento tem o patroc\u00ednio de:<\/p>\n\n\n<ul class=\"wordcamp-block wordcamp-post-list has-layout-grid wordcamp-sponsors has-grid-columns-2\"><li class=\"wordcamp-post-list__post wordcamp-clearfix\">\n<div class=\"wordcamp-sponsor wordcamp-sponsors__post slug-pt-servidor\">\n\t\n\t\t\t<div class=\"wordcamp-image__featured-image-container wordcamp-sponsors__featured-image wordcamp-sponsors__logo align-center\"><a href=\"https:\/\/porto.wordcamp.org\/2024\/sponsor\/pt-servidor\/\" class=\"wordcamp-image__featured-image-link\"><img loading=\"lazy\" decoding=\"async\" width=\"500\" height=\"125\" src=\"https:\/\/porto.wordcamp.org\/2024\/files\/2024\/01\/ptservidor-500x125.png\" class=\"wordcamp-image__featured-image wp-post-image\" alt=\"\" srcset=\"https:\/\/porto.wordcamp.org\/2024\/files\/2024\/01\/ptservidor-500x125.png 500w, https:\/\/porto.wordcamp.org\/2024\/files\/2024\/01\/ptservidor-300x75.png 300w, https:\/\/porto.wordcamp.org\/2024\/files\/2024\/01\/ptservidor-768x192.png 768w, https:\/\/porto.wordcamp.org\/2024\/files\/2024\/01\/ptservidor.png 840w\" sizes=\"auto, (max-width: 500px) 100vw, 500px\" \/><\/a><\/div>\t\n\t<\/div>\n\n<\/li><li class=\"wordcamp-post-list__post wordcamp-clearfix\">\n<div class=\"wordcamp-sponsor wordcamp-sponsors__post slug-ifthenpay\">\n\t\n\t\t\t<div class=\"wordcamp-image__featured-image-container wordcamp-sponsors__featured-image wordcamp-sponsors__logo align-center\"><a href=\"https:\/\/porto.wordcamp.org\/2024\/sponsor\/ifthenpay\/\" class=\"wordcamp-image__featured-image-link\"><img loading=\"lazy\" decoding=\"async\" width=\"500\" height=\"146\" src=\"https:\/\/porto.wordcamp.org\/2024\/files\/2024\/01\/ifthenpay_logo_original-1-500x146.png\" class=\"wordcamp-image__featured-image wp-post-image\" alt=\"\" srcset=\"https:\/\/porto.wordcamp.org\/2024\/files\/2024\/01\/ifthenpay_logo_original-1-500x146.png 500w, https:\/\/porto.wordcamp.org\/2024\/files\/2024\/01\/ifthenpay_logo_original-1-300x88.png 300w, https:\/\/porto.wordcamp.org\/2024\/files\/2024\/01\/ifthenpay_logo_original-1.png 534w\" sizes=\"auto, (max-width: 500px) 100vw, 500px\" \/><\/a><\/div>\t\n\t<\/div>\n\n<\/li><\/ul>\n\n\n<p class=\"has-text-align-center\">Mais informa\u00e7\u00f5es em breve.<\/p>\n\n\n\n<figure class=\"wp-block-image size-large is-style-rounded wp-duotone-duotone-3 is-style-rounded--1\"><img loading=\"lazy\" decoding=\"async\" width=\"1024\" height=\"683\" src=\"https:\/\/porto.wordcamp.org\/2024\/files\/2023\/12\/DSCF8518-1024x683.jpeg\" alt=\"\" class=\"wp-image-359\" srcset=\"https:\/\/porto.wordcamp.org\/2024\/files\/2023\/12\/DSCF8518-1024x683.jpeg 1024w, https:\/\/porto.wordcamp.org\/2024\/files\/2023\/12\/DSCF8518-300x200.jpeg 300w, https:\/\/porto.wordcamp.org\/2024\/files\/2023\/12\/DSCF8518-768x512.jpeg 768w, https:\/\/porto.wordcamp.org\/2024\/files\/2023\/12\/DSCF8518-450x300.jpeg 450w, https:\/\/porto.wordcamp.org\/2024\/files\/2023\/12\/DSCF8518-1536x1024.jpeg 1536w, https:\/\/porto.wordcamp.org\/2024\/files\/2023\/12\/DSCF8518.jpeg 1600w\" sizes=\"auto, (max-width: 1024px) 100vw, 1024px\" \/><\/figure>\n","protected":false},"excerpt":{"rendered":"<p>No s\u00e1bado dia 18 de Maio, quando terminarem todas as apresenta\u00e7\u00f5es, haver\u00e1 um momento de conv\u00edvio exclusivo aos participantes do evento, para que possam fazer o balan\u00e7o do dia em conjunto com os outros participantes, num ambiente descontra\u00eddo, entre as 18h30 e as 20h30. Este momento tem o patroc\u00ednio de: Mais informa\u00e7\u00f5es em breve.<\/p>\n","protected":false},"author":8433142,"featured_media":0,"parent":0,"menu_order":0,"comment_status":"closed","ping_status":"closed","template":"","meta":{"jetpack_post_was_ever_published":false,"footnotes":""},"class_list":["post-176","page","type-page","status-publish","hentry"],"jetpack_sharing_enabled":true,"_links":{"self":[{"href":"https:\/\/porto.wordcamp.org\/2024\/wp-json\/wp\/v2\/pages\/176","targetHints":{"allow":["GET"]}}],"collection":[{"href":"https:\/\/porto.wordcamp.org\/2024\/wp-json\/wp\/v2\/pages"}],"about":[{"href":"https:\/\/porto.wordcamp.org\/2024\/wp-json\/wp\/v2\/types\/page"}],"author":[{"embeddable":true,"href":"https:\/\/porto.wordcamp.org\/2024\/wp-json\/wp\/v2\/users\/8433142"}],"replies":[{"embeddable":true,"href":"https:\/\/porto.wordcamp.org\/2024\/wp-json\/wp\/v2\/comments?post=176"}],"version-history":[{"count":6,"href":"https:\/\/porto.wordcamp.org\/2024\/wp-json\/wp\/v2\/pages\/176\/revisions"}],"predecessor-version":[{"id":5602,"href":"https:\/\/porto.wordcamp.org\/2024\/wp-json\/wp\/v2\/pages\/176\/revisions\/5602"}],"wp:attachment":[{"href":"https:\/\/porto.wordcamp.org\/2024\/wp-json\/wp\/v2\/media?parent=176"}],"curies":[{"name":"wp","href":"https:\/\/api.w.org\/{rel}","templated":true}]}}