{"id":180,"date":"2023-11-20T15:03:15","date_gmt":"2023-11-20T15:03:15","guid":{"rendered":"https:\/\/porto.wordcamp.org\/2024\/?page_id=180"},"modified":"2024-03-04T12:21:51","modified_gmt":"2024-03-04T12:21:51","slug":"ser-voluntario","status":"publish","type":"page","link":"https:\/\/porto.wordcamp.org\/2024\/ser-voluntario\/","title":{"rendered":"Chamada a volunt\u00e1rios"},"content":{"rendered":"\n<p class=\"wp-block-paragraph\"><em>(For english visit&nbsp;<a href=\"https:\/\/porto.wordcamp.org\/2024\/call-for-volunteers\/\">Call for Volunteers<\/a>)<\/em><\/p>\n\n\n\n<p class=\"wp-block-paragraph\">As candidaturas para volunt\u00e1rios para o WordCamp Porto 2024, a decorrer nos dias 17 e 18 de Maio, est\u00e3o agora abertas e podes-te inscrever at\u00e9 ao dia 02 de Mar\u00e7o!<\/p>\n\n\n\n<p class=\"wp-block-paragraph\">Queremos contar contigo e com as tuas capacidades para garantir que tudo corre da melhor forma poss\u00edvel. Ter\u00e1s direito \u00e0 entrada gratuita para os dois dias do evento, acesso \u00e0 after-party, t-shirt exclusiva de staff, bem como a outras surpresas \ud83e\udd2b.<\/p>\n\n\n\n<p class=\"wp-block-paragraph\">Estamos \u00e0 procura de volunt\u00e1rios para desempenhar as seguintes fun\u00e7\u00f5es e sem a necessidade de experi\u00eancia pr\u00e9via:<\/p>\n\n\n\n<ul class=\"wp-block-list\">\n<li>Apoio geral ao evento<\/li>\n\n\n\n<li>Apoio na \u00e1rea de multim\u00e9dia, incluindo c\u00e2meras, v\u00eddeo e som<\/li>\n\n\n\n<li>Aux\u00edlio aos oradores<\/li>\n\n\n\n<li>Apoio no audit\u00f3rio durante o per\u00edodo de perguntas e respostas<\/li>\n\n\n\n<li>Capta\u00e7\u00e3o de fotografias (implica utiliza\u00e7\u00e3o de material pr\u00f3prio)<\/li>\n\n\n\n<li>Colabora\u00e7\u00e3o nos workshops, dando assist\u00eancia aos participantes durante a sua realiza\u00e7\u00e3o<\/li>\n\n\n\n<li>Colabora\u00e7\u00e3o no Dia de Contribui\u00e7\u00e3o<\/li>\n<\/ul>\n\n\n\n<p class=\"wp-block-paragraph\">Update: Obrigado a todos, a chamada est\u00e1 agora fechada. Novidades em breve.<\/p>\n","protected":false},"excerpt":{"rendered":"<p>(For english visit&nbsp;Call for Volunteers) As candidaturas para volunt\u00e1rios para o WordCamp Porto 2024, a decorrer nos dias 17 e 18 de Maio, est\u00e3o agora abertas e podes-te inscrever at\u00e9 ao dia 02 de Mar\u00e7o! Queremos contar contigo e com as tuas capacidades para garantir que tudo corre da melhor forma poss\u00edvel. Ter\u00e1s direito \u00e0 [&hellip;]<\/p>\n","protected":false},"author":8433142,"featured_media":0,"parent":0,"menu_order":0,"comment_status":"closed","ping_status":"closed","template":"","meta":{"_crdt_document":"","jetpack_post_was_ever_published":false,"footnotes":""},"class_list":["post-180","page","type-page","status-publish","hentry"],"jetpack_sharing_enabled":true,"_links":{"self":[{"href":"https:\/\/porto.wordcamp.org\/2024\/wp-json\/wp\/v2\/pages\/180","targetHints":{"allow":["GET"]}}],"collection":[{"href":"https:\/\/porto.wordcamp.org\/2024\/wp-json\/wp\/v2\/pages"}],"about":[{"href":"https:\/\/porto.wordcamp.org\/2024\/wp-json\/wp\/v2\/types\/page"}],"author":[{"embeddable":true,"href":"https:\/\/porto.wordcamp.org\/2024\/wp-json\/wp\/v2\/users\/8433142"}],"replies":[{"embeddable":true,"href":"https:\/\/porto.wordcamp.org\/2024\/wp-json\/wp\/v2\/comments?post=180"}],"version-history":[{"count":13,"href":"https:\/\/porto.wordcamp.org\/2024\/wp-json\/wp\/v2\/pages\/180\/revisions"}],"predecessor-version":[{"id":1295,"href":"https:\/\/porto.wordcamp.org\/2024\/wp-json\/wp\/v2\/pages\/180\/revisions\/1295"}],"wp:attachment":[{"href":"https:\/\/porto.wordcamp.org\/2024\/wp-json\/wp\/v2\/media?parent=180"}],"curies":[{"name":"wp","href":"https:\/\/api.w.org\/{rel}","templated":true}]}}