{"id":4296,"date":"2024-03-24T18:27:21","date_gmt":"2024-03-24T18:27:21","guid":{"rendered":"https:\/\/porto.wordcamp.org\/2024\/?page_id=4296"},"modified":"2024-05-20T15:21:59","modified_gmt":"2024-05-20T14:21:59","slug":"help-and-contributors-day","status":"publish","type":"page","link":"https:\/\/porto.wordcamp.org\/2024\/help-and-contributors-day\/","title":{"rendered":"Help and Contributors Day"},"content":{"rendered":"\n<p class=\"wp-block-paragraph\"><em>(Para Portugu\u00eas <\/em><a href=\"https:\/\/porto.wordcamp.org\/2024\/dia-ajuda-contribuicao\/\">visita a&nbsp;Dia de Ajuda e de Contribui\u00e7\u00e3o<\/a><em>)<\/em><\/p>\n\n\n\n<p class=\"wp-block-paragraph\">The <strong>Help and Contributors Day<\/strong> will take place on May 17, 2024.<\/p>\n\n\n\n<p class=\"wp-block-paragraph\">A project like WordPress, community-driven and open source, thrives on the collaboration of people from all over the world, in the most diverse areas: programmers, designers, translators, project managers, content creators, and much more.<\/p>\n\n\n\n<p class=\"wp-block-paragraph\">Moreover, this year we are introducing the <strong>new Help space<\/strong>!<\/p>\n\n\n\n<p class=\"wp-block-paragraph\">This new area is an opportunity for any community member to offer or receive help on various WordPress topics, promoting an environment of collaboration and sharing.<\/p>\n\n\n\n<h2 class=\"wp-block-heading\"><strong>Update: Speakers&#8217;s slides<\/strong><\/h2>\n\n\n\n<p class=\"wp-block-paragraph\"><strong>Anastasios Manoloudis<\/strong> &#8211; How to become a WooCommerce Core contributor (almost by accident!)<\/p>\n\n\n\n<div data-wp-interactive=\"core\/file\" class=\"wp-block-file\"><object data-wp-bind--hidden=\"!state.hasPdfPreview\" hidden class=\"wp-block-file__embed\" data=\"https:\/\/porto.wordcamp.org\/2024\/files\/2024\/05\/Anastasios-Manoloudis-How-to-become-a-WooCommerce-Core-contributor-WordCamp-Porto-2024.pdf\" type=\"application\/pdf\" style=\"width:100%;height:600px\" aria-label=\"Incorpora\u00e7\u00e3o de Anastasios Manoloudis - How to become a WooCommerce Core contributor - WordCamp Porto 2024.\"><\/object><a id=\"wp-block-file--media-17cef307-b1df-4fcf-bc2a-757d862d54c0\" href=\"https:\/\/porto.wordcamp.org\/2024\/files\/2024\/05\/Anastasios-Manoloudis-How-to-become-a-WooCommerce-Core-contributor-WordCamp-Porto-2024.pdf\">Anastasios Manoloudis &#8211; How to become a WooCommerce Core contributor &#8211; WordCamp Porto 2024<\/a><a href=\"https:\/\/porto.wordcamp.org\/2024\/files\/2024\/05\/Anastasios-Manoloudis-How-to-become-a-WooCommerce-Core-contributor-WordCamp-Porto-2024.pdf\" class=\"wp-block-file__button wp-element-button\" download aria-describedby=\"wp-block-file--media-17cef307-b1df-4fcf-bc2a-757d862d54c0\">Descarregar<\/a><\/div>\n\n\n\n<p class=\"wp-block-paragraph\"><strong>Mauricio Dinarte<\/strong> &#8211; Version control for WordPress with and without Composer<\/p>\n\n\n\n<div data-wp-interactive=\"core\/file\" class=\"wp-block-file\"><object data-wp-bind--hidden=\"!state.hasPdfPreview\" hidden class=\"wp-block-file__embed\" data=\"https:\/\/porto.wordcamp.org\/2024\/files\/2024\/05\/Mauricio-Dinarte-Version-control-for-WordPress-with-and-without-Composer.pdf\" type=\"application\/pdf\" style=\"width:100%;height:600px\" aria-label=\"Incorpora\u00e7\u00e3o de Mauricio Dinarte - Version control for WordPress with and without Composer.\"><\/object><a id=\"wp-block-file--media-07911073-ebef-427e-bd19-2e7412043d07\" href=\"https:\/\/porto.wordcamp.org\/2024\/files\/2024\/05\/Mauricio-Dinarte-Version-control-for-WordPress-with-and-without-Composer.pdf\">Mauricio Dinarte &#8211; Version control for WordPress with and without Composer<\/a><a href=\"https:\/\/porto.wordcamp.org\/2024\/files\/2024\/05\/Mauricio-Dinarte-Version-control-for-WordPress-with-and-without-Composer.pdf\" class=\"wp-block-file__button wp-element-button\" download aria-describedby=\"wp-block-file--media-07911073-ebef-427e-bd19-2e7412043d07\">Descarregar<\/a><\/div>\n\n\n\n<p class=\"wp-block-paragraph\"><strong>Miguel Santareno <\/strong>&#8211; Hunting Zero-days on WordPress plugins and making profit<\/p>\n\n\n\n<div data-wp-interactive=\"core\/file\" class=\"wp-block-file\"><object data-wp-bind--hidden=\"!state.hasPdfPreview\" hidden class=\"wp-block-file__embed\" data=\"https:\/\/porto.wordcamp.org\/2024\/files\/2024\/05\/Miguel-Santareno-0days-1.pdf\" type=\"application\/pdf\" style=\"width:100%;height:600px\" aria-label=\"Incorpora\u00e7\u00e3o de Miguel Santareno-0days-1.\"><\/object><a id=\"wp-block-file--media-f3dde4c3-6113-43ce-a308-a9bcfe930e17\" href=\"https:\/\/porto.wordcamp.org\/2024\/files\/2024\/05\/Miguel-Santareno-0days-1.pdf\">Miguel Santareno-0days-1<\/a><a href=\"https:\/\/porto.wordcamp.org\/2024\/files\/2024\/05\/Miguel-Santareno-0days-1.pdf\" class=\"wp-block-file__button wp-element-button\" download aria-describedby=\"wp-block-file--media-f3dde4c3-6113-43ce-a308-a9bcfe930e17\">Descarregar<\/a><\/div>\n\n\n\n<p class=\"wp-block-paragraph\"><strong>Pedro Carvalho<\/strong> &#8211; Git branch strategies: \u2018Commit\u2019ed to the flow\u2019<\/p>\n\n\n\n<div data-wp-interactive=\"core\/file\" class=\"wp-block-file\"><object data-wp-bind--hidden=\"!state.hasPdfPreview\" hidden class=\"wp-block-file__embed\" data=\"https:\/\/porto.wordcamp.org\/2024\/files\/2024\/05\/pedro-carvalho-Git-branch-strategies-WIP.pdf\" type=\"application\/pdf\" style=\"width:100%;height:600px\" aria-label=\"Incorpora\u00e7\u00e3o de pedro carvalho - Git branch strategies - WIP.\"><\/object><a id=\"wp-block-file--media-35165c0e-9c23-4829-b06d-1db3a4594f0f\" href=\"https:\/\/porto.wordcamp.org\/2024\/files\/2024\/05\/pedro-carvalho-Git-branch-strategies-WIP.pdf\">pedro carvalho &#8211; Git branch strategies &#8211; WIP<\/a><a href=\"https:\/\/porto.wordcamp.org\/2024\/files\/2024\/05\/pedro-carvalho-Git-branch-strategies-WIP.pdf\" class=\"wp-block-file__button wp-element-button\" download aria-describedby=\"wp-block-file--media-35165c0e-9c23-4829-b06d-1db3a4594f0f\">Descarregar<\/a><\/div>\n\n\n\n<p class=\"wp-block-paragraph\"><strong>Pekka Kortelainen<\/strong> &#8211; The power is nothing without controls \u2013 let Linux tools and WP-CLI do the work for you<\/p>\n\n\n\n<div data-wp-interactive=\"core\/file\" class=\"wp-block-file\"><object data-wp-bind--hidden=\"!state.hasPdfPreview\" hidden class=\"wp-block-file__embed\" data=\"https:\/\/porto.wordcamp.org\/2024\/files\/2024\/05\/Pekka-Kortelainen-WC-Porto-2024-Pekka-Kortelainen-1.pdf\" type=\"application\/pdf\" style=\"width:100%;height:600px\" aria-label=\"Incorpora\u00e7\u00e3o de Pekka Kortelainen - WC Porto 2024 - Pekka Kortelainen-1.\"><\/object><a id=\"wp-block-file--media-6288d643-79e4-40dc-a51b-2acf90f4ea3a\" href=\"https:\/\/porto.wordcamp.org\/2024\/files\/2024\/05\/Pekka-Kortelainen-WC-Porto-2024-Pekka-Kortelainen-1.pdf\">Pekka Kortelainen &#8211; WC Porto 2024 &#8211; Pekka Kortelainen-1<\/a><a href=\"https:\/\/porto.wordcamp.org\/2024\/files\/2024\/05\/Pekka-Kortelainen-WC-Porto-2024-Pekka-Kortelainen-1.pdf\" class=\"wp-block-file__button wp-element-button\" download aria-describedby=\"wp-block-file--media-6288d643-79e4-40dc-a51b-2acf90f4ea3a\">Descarregar<\/a><\/div>\n\n\n\n<p class=\"wp-block-paragraph\"><strong>S\u00e9rgio Silva<\/strong> &#8211; Como proteger o seu site contra as amea\u00e7as digitais<\/p>\n\n\n\n<div data-wp-interactive=\"core\/file\" class=\"wp-block-file\"><object data-wp-bind--hidden=\"!state.hasPdfPreview\" hidden class=\"wp-block-file__embed\" data=\"https:\/\/porto.wordcamp.org\/2024\/files\/2024\/05\/Sergio-Silva-Como-proteger-o-seu-site-contra-as-ameacas-digitais.pdf\" type=\"application\/pdf\" style=\"width:100%;height:600px\" aria-label=\"Incorpora\u00e7\u00e3o de Sergio Silva - Como proteger o seu site contra as amea\u00e7as digitais.\"><\/object><a id=\"wp-block-file--media-0872fe43-cd39-4e33-a7af-523836c2712b\" href=\"https:\/\/porto.wordcamp.org\/2024\/files\/2024\/05\/Sergio-Silva-Como-proteger-o-seu-site-contra-as-ameacas-digitais.pdf\">Sergio Silva &#8211; Como proteger o seu site contra as amea\u00e7as digitais<\/a><a href=\"https:\/\/porto.wordcamp.org\/2024\/files\/2024\/05\/Sergio-Silva-Como-proteger-o-seu-site-contra-as-ameacas-digitais.pdf\" class=\"wp-block-file__button wp-element-button\" download aria-describedby=\"wp-block-file--media-0872fe43-cd39-4e33-a7af-523836c2712b\">Descarregar<\/a><\/div>\n\n\n\n<p class=\"wp-block-paragraph\"><strong>Severo Coutinho<\/strong> &#8211; Freelancer em WordPress<\/p>\n\n\n\n<div data-wp-interactive=\"core\/file\" class=\"wp-block-file\"><object data-wp-bind--hidden=\"!state.hasPdfPreview\" hidden class=\"wp-block-file__embed\" data=\"https:\/\/porto.wordcamp.org\/2024\/files\/2024\/05\/Severo-Coutinho-Freelancer-em-WordPress.pdf\" type=\"application\/pdf\" style=\"width:100%;height:600px\" aria-label=\"Incorpora\u00e7\u00e3o de Severo Coutinho - Freelancer em WordPress.\"><\/object><a id=\"wp-block-file--media-2c5775f3-fd14-4f58-ba2f-9ea422d357c5\" href=\"https:\/\/porto.wordcamp.org\/2024\/files\/2024\/05\/Severo-Coutinho-Freelancer-em-WordPress.pdf\">Severo Coutinho &#8211; Freelancer em WordPress<\/a><a href=\"https:\/\/porto.wordcamp.org\/2024\/files\/2024\/05\/Severo-Coutinho-Freelancer-em-WordPress.pdf\" class=\"wp-block-file__button wp-element-button\" download aria-describedby=\"wp-block-file--media-2c5775f3-fd14-4f58-ba2f-9ea422d357c5\">Descarregar<\/a><\/div>\n\n\n\n<p class=\"wp-block-paragraph\"><strong>Torsten Landsiedel<\/strong> &#8211; How to manage an open source plugin<\/p>\n\n\n\n<div data-wp-interactive=\"core\/file\" class=\"wp-block-file\"><object data-wp-bind--hidden=\"!state.hasPdfPreview\" hidden class=\"wp-block-file__embed\" data=\"https:\/\/porto.wordcamp.org\/2024\/files\/2024\/05\/Torsten-Landsiedel-How-to-manage-an-open-source-plugin.pdf\" type=\"application\/pdf\" style=\"width:100%;height:600px\" aria-label=\"Incorpora\u00e7\u00e3o de Torsten Landsiedel - How to manage an open source plugin.\"><\/object><a id=\"wp-block-file--media-2e907a87-ea4f-4adc-a253-88587b3839fe\" href=\"https:\/\/porto.wordcamp.org\/2024\/files\/2024\/05\/Torsten-Landsiedel-How-to-manage-an-open-source-plugin.pdf\">Torsten Landsiedel &#8211; How to manage an open source plugin<\/a><a href=\"https:\/\/porto.wordcamp.org\/2024\/files\/2024\/05\/Torsten-Landsiedel-How-to-manage-an-open-source-plugin.pdf\" class=\"wp-block-file__button wp-element-button\" download aria-describedby=\"wp-block-file--media-2e907a87-ea4f-4adc-a253-88587b3839fe\">Descarregar<\/a><\/div>\n\n\n\n<p class=\"wp-block-paragraph\"><strong>Wendy Baltodano<\/strong> &#8211; \u00bfCu\u00e1les son las estrategias DevOps m\u00e1s efectivas para el desarrollo web en WordPress?<\/p>\n\n\n\n<div data-wp-interactive=\"core\/file\" class=\"wp-block-file\"><object data-wp-bind--hidden=\"!state.hasPdfPreview\" hidden class=\"wp-block-file__embed\" data=\"https:\/\/porto.wordcamp.org\/2024\/files\/2024\/05\/Wendy-Baltodano-Estrategias-DevOps-para-desarrollo-con-WordPress-WC-Porto-2024.pdf\" type=\"application\/pdf\" style=\"width:100%;height:600px\" aria-label=\"Incorpora\u00e7\u00e3o de Wendy Baltodano - Estrategias DevOps para desarrollo con WordPress - WC Porto 2024.\"><\/object><a id=\"wp-block-file--media-eebe5297-4097-4762-8cd7-b93766d6fda8\" href=\"https:\/\/porto.wordcamp.org\/2024\/files\/2024\/05\/Wendy-Baltodano-Estrategias-DevOps-para-desarrollo-con-WordPress-WC-Porto-2024.pdf\">Wendy Baltodano &#8211; Estrategias DevOps para desarrollo con WordPress &#8211; WC Porto 2024<\/a><a href=\"https:\/\/porto.wordcamp.org\/2024\/files\/2024\/05\/Wendy-Baltodano-Estrategias-DevOps-para-desarrollo-con-WordPress-WC-Porto-2024.pdf\" class=\"wp-block-file__button wp-element-button\" download aria-describedby=\"wp-block-file--media-eebe5297-4097-4762-8cd7-b93766d6fda8\">Descarregar<\/a><\/div>\n\n\n\n<h3 class=\"wp-block-heading\"><strong>Who can participate?<\/strong><\/h3>\n\n\n\n<p class=\"wp-block-paragraph\"><strong>Everyone!<\/strong><\/p>\n\n\n\n<p class=\"wp-block-paragraph\">If you have used WordPress in any way, you certainly have something to contribute. From technical tasks like testing and reporting bugs, to developing plugins or themes, to non-technical activities like translating WordPress or improving the documentation. There is always something for everyone.<\/p>\n\n\n\n<p class=\"wp-block-paragraph\">If it&#8217;s your first time contributing, don&#8217;t worry! We are here to guide you.<\/p>\n\n\n\n<h3 class=\"wp-block-heading\"><strong>What do you need to bring?<\/strong><\/h3>\n\n\n\n<ul class=\"wp-block-list\">\n<li><strong>Your laptop<\/strong> to work on your tasks.<\/li>\n\n\n\n<li><strong>Good spirits<\/strong> for a productive and fun day.<\/li>\n<\/ul>\n\n\n\n<p class=\"wp-block-paragraph\">We also recommend that you sign up on:<\/p>\n\n\n\n<ul class=\"wp-block-list\">\n<li>wordpress.org<\/li>\n\n\n\n<li>wp-portugal.slack.com for doubts with the Portuguese community.<\/li>\n\n\n\n<li>wordpress.slack.com for direct contact with the various WordPress teams.<\/li>\n<\/ul>\n\n\n\n<h3 class=\"wp-block-heading\"><strong>Choose Your Team<\/strong><\/h3>\n\n\n\n<p class=\"wp-block-paragraph\">In each formed team, there will be someone responsible to help as needed, but we count on everyone&#8217;s experience and knowledge.<\/p>\n\n\n\n<p class=\"wp-block-paragraph\"><strong>Core:<\/strong> Ideal for those with programming knowledge. Here, you can contribute by writing new code, updating existing code, or fixing bugs. There are tasks for all experience levels.<\/p>\n\n\n\n<p class=\"wp-block-paragraph\"><strong>Design:<\/strong> If you have a passion for UX and design, this is the right team for you. You will work on mockups, design, and user testing.<\/p>\n\n\n\n<p class=\"wp-block-paragraph\"><strong>Polyglots:<\/strong> Help make WordPress accessible in more languages by translating not only the core but also themes and plugins. Another new thing this year, you can enroll in this <a href=\"https:\/\/translate.wordpress.org\/events\/2024\/wordcamp-porto-portugal-2024-contributor-day\/\">link<\/a> to ensure your contributions are accounted for during this event, so please click the &#8220;Attend Event&#8221; button.<\/p>\n\n\n\n<p class=\"wp-block-paragraph\"><strong>Themes:<\/strong> For those who like to create and optimize themes. Join and contribute to the diversity of the WordPress repository.<\/p>\n\n\n\n<p class=\"wp-block-paragraph\">And remember, the <strong>Help space<\/strong> is always open for knowledge exchange and mutual support.<\/p>\n\n\n\n<p class=\"wp-block-paragraph\">The atmosphere on this day is very relaxed, and great for socializing and exchanging ideas. You don&#8217;t need to be in front of the computer all the time! If you think you can contribute in more ways, change teams. All help is welcome.<\/p>\n\n\n\n<p class=\"wp-block-paragraph\">At the end of the day, the team results will be presented.<\/p>\n\n\n\n<h3 class=\"wp-block-heading\"><strong>Participate and Make a Difference<\/strong><\/h3>\n\n\n\n<ul class=\"wp-block-list\">\n<li><strong>09:30<\/strong> | Registration &amp; Welcome<\/li>\n\n\n\n<li><strong>10:00<\/strong> | Start of Contributions &amp; Help Day sessions<\/li>\n\n\n\n<li><strong>12:15<\/strong> | Group photo<\/li>\n\n\n\n<li><strong>12:30<\/strong> | Lunch<\/li>\n\n\n\n<li><strong>From 14:00<\/strong> | Lightning &amp; regular talks <\/li>\n\n\n\n<li><strong>15:30<\/strong> | Coffee break<\/li>\n\n\n\n<li><strong>17:30<\/strong> | Closing<\/li>\n<\/ul>\n\n\n\n<p class=\"wp-block-paragraph\">Your WordCamp Porto ticket grants you full access to the <strong>Help and Contributors Day<\/strong>, at no additional cost.<\/p>\n\n\n\n<h2 class=\"wp-block-heading\">Presentations List<\/h2>\n\n\n\n<div class=\"wp-block-group has-global-padding is-layout-constrained wp-block-group-is-layout-constrained\">\n<div\n\tclass=\"wp-block-wordcamp-schedule alignwide is-loading\"\n\t\tdata-attributes=\"{&quot;__isStylesPreview&quot;:false,&quot;align&quot;:&quot;wide&quot;,&quot;chooseSpecificDays&quot;:true,&quot;chosenDays&quot;:[&quot;2024-05-17&quot;],&quot;chooseSpecificTracks&quot;:false,&quot;chosenTrackIds&quot;:[],&quot;showCategories&quot;:true,&quot;useClientTimezone&quot;:false}\"\n>\n\tA carregar&#8230;<\/div>\n\n\n\t<div class=\"email-form fav-session-email-form-hide\">\n\t\t<!-- Tab links -->\n\t\t<div class=\"fav-session-share-tab\">\n\t\t\t\t\t\t\t<div class=\"fav-session-tablinks\" id=\"fav-session-btn-email\">\n\t\t\t\t\tEmail\t\t\t\t<\/div>\n\t\t\t\n\t\t\t<div class=\"fav-session-tablinks\" id=\"fav-session-btn-link\">\n\t\t\t\tLiga\u00e7\u00e3o\t\t\t<\/div>\n\n\t\t\t<div class=\"fav-session-tablinks\" id=\"fav-session-btn-print\">\n\t\t\t\tImprimir\t\t\t<\/div>\n\t\t<\/div>\n\n\t\t<!-- Tab content -->\n\t\t\t\t\t<div id=\"fav-session-tab-email\" class=\"fav-session-share-tabcontent\">\n\t\t\t\t<div id=\"fav-session-email-form\">\n\t\t\t\t\tEnvie-me as minhas sess\u00f5es favoritas:\n\t\t\t\t\t<form id=\"fav-sessions-form\">\n\t\t\t\t\t\t<input\n\t\t\t\t\t\t\ttype=\"text\"\n\t\t\t\t\t\t\tname=\"email_address\"\n\t\t\t\t\t\t\tid=\"fav-sessions-email-address\"\n\t\t\t\t\t\t\tplaceholder=\"me@protonmail.com\"\n\t\t\t\t\t\t\/>\n\t\t\t\t\t\t<input type=\"submit\" value=\"Enviar\" \/>\n\t\t\t\t\t<\/form>\n\t\t\t\t<\/div>\n\n\t\t\t\t<div class=\"fav-session-email-wait-spinner\"><\/div>\n\t\t\t\t<div class=\"fav-session-email-result\"><\/div>\n\t\t\t<\/div>\n\t\t\n\t\t<div id=\"fav-session-tab-link\" class=\"fav-session-share-tabcontent\">\n\t\t\tShareable link:\t\t\t<br \/>\n\t\t\t<a id=\"fav-sessions-link\" href=\"\"><\/a>\n\t\t<\/div>\n\n\t\t<div id=\"fav-session-tab-print\" class=\"fav-session-share-tabcontent\">\n\t\t\t<button id=\"fav-session-print\">\n\t\t\t\tPrint favorite sessions\t\t\t<\/button>\n\t\t<\/div>\n\t<\/div>\n\n\t<a class=\"show-email-form\" href=\"javascript:\">\n\t\t<span class=\"dashicons dashicons-star-filled\"><\/span>\n\t\t<span class=\"dashicons dashicons-email-alt\"><\/span>\n\t<\/a>\n\n\t<\/div>\n\n\n\n<h3 class=\"wp-block-heading\"><strong>Come Improve WordPress With Us<\/strong><\/h3>\n\n\n\n<p class=\"wp-block-paragraph\">This is your moment to leave a mark on WordPress. Learn, share, and collaborate with us to enrich the WordPress community. Join us on this memorable day of joint growth and valuable contribution.<\/p>\n\n\n\n<p class=\"wp-block-paragraph\">If you haven&#8217;t secured your ticket yet, <a href=\"https:\/\/porto.wordcamp.org\/2024\/tickets\/\">make sure to do so here<\/a> to participate in this enriching experience.<\/p>\n\n\n\n<h2 class=\"wp-block-heading\">Location<\/h2>\n\n\n\n<figure class=\"wp-block-image size-full\"><img loading=\"lazy\" decoding=\"async\" width=\"766\" height=\"623\" src=\"https:\/\/porto.wordcamp.org\/2024\/files\/2024\/04\/facm-piso0-dir.png\" alt=\"\" class=\"wp-image-6021\" srcset=\"https:\/\/porto.wordcamp.org\/2024\/files\/2024\/04\/facm-piso0-dir.png 766w, https:\/\/porto.wordcamp.org\/2024\/files\/2024\/04\/facm-piso0-dir-300x244.png 300w, https:\/\/porto.wordcamp.org\/2024\/files\/2024\/04\/facm-piso0-dir-369x300.png 369w\" sizes=\"auto, (max-width: 766px) 100vw, 766px\" \/><\/figure>\n","protected":false},"excerpt":{"rendered":"<p>(Para Portugu\u00eas visita a&nbsp;Dia de Ajuda e de Contribui\u00e7\u00e3o) The Help and Contributors Day will take place on May 17, 2024. A project like WordPress, community-driven and open source, thrives on the collaboration of people from all over the world, in the most diverse areas: programmers, designers, translators, project managers, content creators, and much more. [&hellip;]<\/p>\n","protected":false},"author":14841532,"featured_media":4400,"parent":0,"menu_order":0,"comment_status":"closed","ping_status":"closed","template":"","meta":{"_crdt_document":"","jetpack_post_was_ever_published":false,"footnotes":""},"class_list":["post-4296","page","type-page","status-publish","has-post-thumbnail","hentry"],"jetpack_sharing_enabled":true,"_links":{"self":[{"href":"https:\/\/porto.wordcamp.org\/2024\/wp-json\/wp\/v2\/pages\/4296","targetHints":{"allow":["GET"]}}],"collection":[{"href":"https:\/\/porto.wordcamp.org\/2024\/wp-json\/wp\/v2\/pages"}],"about":[{"href":"https:\/\/porto.wordcamp.org\/2024\/wp-json\/wp\/v2\/types\/page"}],"author":[{"embeddable":true,"href":"https:\/\/porto.wordcamp.org\/2024\/wp-json\/wp\/v2\/users\/14841532"}],"replies":[{"embeddable":true,"href":"https:\/\/porto.wordcamp.org\/2024\/wp-json\/wp\/v2\/comments?post=4296"}],"version-history":[{"count":18,"href":"https:\/\/porto.wordcamp.org\/2024\/wp-json\/wp\/v2\/pages\/4296\/revisions"}],"predecessor-version":[{"id":9217,"href":"https:\/\/porto.wordcamp.org\/2024\/wp-json\/wp\/v2\/pages\/4296\/revisions\/9217"}],"wp:featuredmedia":[{"embeddable":true,"href":"https:\/\/porto.wordcamp.org\/2024\/wp-json\/wp\/v2\/media\/4400"}],"wp:attachment":[{"href":"https:\/\/porto.wordcamp.org\/2024\/wp-json\/wp\/v2\/media?parent=4296"}],"curies":[{"name":"wp","href":"https:\/\/api.w.org\/{rel}","templated":true}]}}