{"id":4301,"date":"2024-03-24T18:57:19","date_gmt":"2024-03-24T18:57:19","guid":{"rendered":"https:\/\/porto.wordcamp.org\/2024\/?page_id=4301"},"modified":"2024-05-20T15:20:56","modified_gmt":"2024-05-20T14:20:56","slug":"dia-ajuda-contribuicao","status":"publish","type":"page","link":"https:\/\/porto.wordcamp.org\/2024\/dia-ajuda-contribuicao\/","title":{"rendered":"Dia de Ajuda e de Contribui\u00e7\u00e3o"},"content":{"rendered":"\n<p class=\"wp-block-paragraph\"><em>(For english <a href=\"https:\/\/porto.wordcamp.org\/2024\/help-and-contributors-day\/\">visit&nbsp;Help and Contributors Day<\/a>)<\/em><\/p>\n\n\n\n<p class=\"wp-block-paragraph\">O <strong>Dia de Ajuda e Contribui\u00e7\u00e3o<\/strong> acontecer\u00e1 no dia 17 de Maio de 2024.<\/p>\n\n\n\n<p class=\"wp-block-paragraph\">Um projeto como o WordPress, comunit\u00e1rio e de c\u00f3digo aberto, vive da colabora\u00e7\u00e3o de pessoas de todo o mundo, nas mais diversas \u00e1reas: programadores, designers, tradutores, gestores de projetos, criadores de conte\u00fado e muito mais.<\/p>\n\n\n\n<p class=\"wp-block-paragraph\">Para al\u00e9m disso, este ano introduzimos o <strong>novo espa\u00e7o de Ajuda<\/strong>!<\/p>\n\n\n\n<p class=\"wp-block-paragraph\">Este novo espa\u00e7o \u00e9 uma oportunidade para qualquer membro da comunidade oferecer ou receber ajuda em variados temas do WordPress, promovendo um ambiente de colabora\u00e7\u00e3o e partilha.<\/p>\n\n\n\n<h2 class=\"wp-block-heading\"><strong>Actualiza\u00e7\u00e3o: Apresenta\u00e7\u00f5es dos oradores<\/strong><\/h2>\n\n\n\n<p class=\"wp-block-paragraph\"><\/p>\n\n\n\n<p class=\"wp-block-paragraph\"><strong>Anastasios Manoloudis<\/strong> &#8211; How to become a WooCommerce Core contributor (almost by accident!)<\/p>\n\n\n\n<div data-wp-interactive=\"core\/file\" class=\"wp-block-file\"><object data-wp-bind--hidden=\"!state.hasPdfPreview\" hidden class=\"wp-block-file__embed\" data=\"https:\/\/porto.wordcamp.org\/2024\/files\/2024\/05\/Anastasios-Manoloudis-How-to-become-a-WooCommerce-Core-contributor-WordCamp-Porto-2024.pdf\" type=\"application\/pdf\" style=\"width:100%;height:600px\" aria-label=\"Incorpora\u00e7\u00e3o de Anastasios Manoloudis - How to become a WooCommerce Core contributor - WordCamp Porto 2024.\"><\/object><a id=\"wp-block-file--media-17cef307-b1df-4fcf-bc2a-757d862d54c0\" href=\"https:\/\/porto.wordcamp.org\/2024\/files\/2024\/05\/Anastasios-Manoloudis-How-to-become-a-WooCommerce-Core-contributor-WordCamp-Porto-2024.pdf\">Anastasios Manoloudis &#8211; How to become a WooCommerce Core contributor &#8211; WordCamp Porto 2024<\/a><a href=\"https:\/\/porto.wordcamp.org\/2024\/files\/2024\/05\/Anastasios-Manoloudis-How-to-become-a-WooCommerce-Core-contributor-WordCamp-Porto-2024.pdf\" class=\"wp-block-file__button wp-element-button\" download aria-describedby=\"wp-block-file--media-17cef307-b1df-4fcf-bc2a-757d862d54c0\">Descarregar<\/a><\/div>\n\n\n\n<p class=\"wp-block-paragraph\"><strong>Mauricio Dinarte<\/strong> &#8211; Version control for WordPress with and without Composer<\/p>\n\n\n\n<div data-wp-interactive=\"core\/file\" class=\"wp-block-file\"><object data-wp-bind--hidden=\"!state.hasPdfPreview\" hidden class=\"wp-block-file__embed\" data=\"https:\/\/porto.wordcamp.org\/2024\/files\/2024\/05\/Mauricio-Dinarte-Version-control-for-WordPress-with-and-without-Composer.pdf\" type=\"application\/pdf\" style=\"width:100%;height:600px\" aria-label=\"Incorpora\u00e7\u00e3o de Mauricio Dinarte - Version control for WordPress with and without Composer.\"><\/object><a id=\"wp-block-file--media-07911073-ebef-427e-bd19-2e7412043d07\" href=\"https:\/\/porto.wordcamp.org\/2024\/files\/2024\/05\/Mauricio-Dinarte-Version-control-for-WordPress-with-and-without-Composer.pdf\">Mauricio Dinarte &#8211; Version control for WordPress with and without Composer<\/a><a href=\"https:\/\/porto.wordcamp.org\/2024\/files\/2024\/05\/Mauricio-Dinarte-Version-control-for-WordPress-with-and-without-Composer.pdf\" class=\"wp-block-file__button wp-element-button\" download aria-describedby=\"wp-block-file--media-07911073-ebef-427e-bd19-2e7412043d07\">Descarregar<\/a><\/div>\n\n\n\n<p class=\"wp-block-paragraph\"><strong>Miguel Santareno <\/strong>&#8211; Hunting Zero-days on WordPress plugins and making profit<\/p>\n\n\n\n<div data-wp-interactive=\"core\/file\" class=\"wp-block-file\"><object data-wp-bind--hidden=\"!state.hasPdfPreview\" hidden class=\"wp-block-file__embed\" data=\"https:\/\/porto.wordcamp.org\/2024\/files\/2024\/05\/Miguel-Santareno-0days-1.pdf\" type=\"application\/pdf\" style=\"width:100%;height:600px\" aria-label=\"Incorpora\u00e7\u00e3o de Miguel Santareno-0days-1.\"><\/object><a id=\"wp-block-file--media-f3dde4c3-6113-43ce-a308-a9bcfe930e17\" href=\"https:\/\/porto.wordcamp.org\/2024\/files\/2024\/05\/Miguel-Santareno-0days-1.pdf\">Miguel Santareno-0days-1<\/a><a href=\"https:\/\/porto.wordcamp.org\/2024\/files\/2024\/05\/Miguel-Santareno-0days-1.pdf\" class=\"wp-block-file__button wp-element-button\" download aria-describedby=\"wp-block-file--media-f3dde4c3-6113-43ce-a308-a9bcfe930e17\">Descarregar<\/a><\/div>\n\n\n\n<p class=\"wp-block-paragraph\"><strong>Pedro Carvalho<\/strong> &#8211; Git branch strategies: \u2018Commit\u2019ed to the flow\u2019<\/p>\n\n\n\n<div data-wp-interactive=\"core\/file\" class=\"wp-block-file\"><object data-wp-bind--hidden=\"!state.hasPdfPreview\" hidden class=\"wp-block-file__embed\" data=\"https:\/\/porto.wordcamp.org\/2024\/files\/2024\/05\/pedro-carvalho-Git-branch-strategies-WIP.pdf\" type=\"application\/pdf\" style=\"width:100%;height:600px\" aria-label=\"Incorpora\u00e7\u00e3o de pedro carvalho - Git branch strategies - WIP.\"><\/object><a id=\"wp-block-file--media-35165c0e-9c23-4829-b06d-1db3a4594f0f\" href=\"https:\/\/porto.wordcamp.org\/2024\/files\/2024\/05\/pedro-carvalho-Git-branch-strategies-WIP.pdf\">pedro carvalho &#8211; Git branch strategies &#8211; WIP<\/a><a href=\"https:\/\/porto.wordcamp.org\/2024\/files\/2024\/05\/pedro-carvalho-Git-branch-strategies-WIP.pdf\" class=\"wp-block-file__button wp-element-button\" download aria-describedby=\"wp-block-file--media-35165c0e-9c23-4829-b06d-1db3a4594f0f\">Descarregar<\/a><\/div>\n\n\n\n<p class=\"wp-block-paragraph\"><strong>Pekka Kortelainen<\/strong> &#8211; The power is nothing without controls \u2013 let Linux tools and WP-CLI do the work for you<\/p>\n\n\n\n<div data-wp-interactive=\"core\/file\" class=\"wp-block-file\"><object data-wp-bind--hidden=\"!state.hasPdfPreview\" hidden class=\"wp-block-file__embed\" data=\"https:\/\/porto.wordcamp.org\/2024\/files\/2024\/05\/Pekka-Kortelainen-WC-Porto-2024-Pekka-Kortelainen-1.pdf\" type=\"application\/pdf\" style=\"width:100%;height:600px\" aria-label=\"Incorpora\u00e7\u00e3o de Pekka Kortelainen - WC Porto 2024 - Pekka Kortelainen-1.\"><\/object><a id=\"wp-block-file--media-6288d643-79e4-40dc-a51b-2acf90f4ea3a\" href=\"https:\/\/porto.wordcamp.org\/2024\/files\/2024\/05\/Pekka-Kortelainen-WC-Porto-2024-Pekka-Kortelainen-1.pdf\">Pekka Kortelainen &#8211; WC Porto 2024 &#8211; Pekka Kortelainen-1<\/a><a href=\"https:\/\/porto.wordcamp.org\/2024\/files\/2024\/05\/Pekka-Kortelainen-WC-Porto-2024-Pekka-Kortelainen-1.pdf\" class=\"wp-block-file__button wp-element-button\" download aria-describedby=\"wp-block-file--media-6288d643-79e4-40dc-a51b-2acf90f4ea3a\">Descarregar<\/a><\/div>\n\n\n\n<p class=\"wp-block-paragraph\"><strong>S\u00e9rgio Silva<\/strong> &#8211; Como proteger o seu site contra as amea\u00e7as digitais<\/p>\n\n\n\n<div data-wp-interactive=\"core\/file\" class=\"wp-block-file\"><object data-wp-bind--hidden=\"!state.hasPdfPreview\" hidden class=\"wp-block-file__embed\" data=\"https:\/\/porto.wordcamp.org\/2024\/files\/2024\/05\/Sergio-Silva-Como-proteger-o-seu-site-contra-as-ameacas-digitais.pdf\" type=\"application\/pdf\" style=\"width:100%;height:600px\" aria-label=\"Incorpora\u00e7\u00e3o de Sergio Silva - Como proteger o seu site contra as amea\u00e7as digitais.\"><\/object><a id=\"wp-block-file--media-0872fe43-cd39-4e33-a7af-523836c2712b\" href=\"https:\/\/porto.wordcamp.org\/2024\/files\/2024\/05\/Sergio-Silva-Como-proteger-o-seu-site-contra-as-ameacas-digitais.pdf\">Sergio Silva &#8211; Como proteger o seu site contra as amea\u00e7as digitais<\/a><a href=\"https:\/\/porto.wordcamp.org\/2024\/files\/2024\/05\/Sergio-Silva-Como-proteger-o-seu-site-contra-as-ameacas-digitais.pdf\" class=\"wp-block-file__button wp-element-button\" download aria-describedby=\"wp-block-file--media-0872fe43-cd39-4e33-a7af-523836c2712b\">Descarregar<\/a><\/div>\n\n\n\n<p class=\"wp-block-paragraph\"><strong>Severo Coutinho<\/strong> &#8211; Freelancer em WordPress<\/p>\n\n\n\n<div data-wp-interactive=\"core\/file\" class=\"wp-block-file\"><object data-wp-bind--hidden=\"!state.hasPdfPreview\" hidden class=\"wp-block-file__embed\" data=\"https:\/\/porto.wordcamp.org\/2024\/files\/2024\/05\/Severo-Coutinho-Freelancer-em-WordPress.pdf\" type=\"application\/pdf\" style=\"width:100%;height:600px\" aria-label=\"Incorpora\u00e7\u00e3o de Severo Coutinho - Freelancer em WordPress.\"><\/object><a id=\"wp-block-file--media-2c5775f3-fd14-4f58-ba2f-9ea422d357c5\" href=\"https:\/\/porto.wordcamp.org\/2024\/files\/2024\/05\/Severo-Coutinho-Freelancer-em-WordPress.pdf\">Severo Coutinho &#8211; Freelancer em WordPress<\/a><a href=\"https:\/\/porto.wordcamp.org\/2024\/files\/2024\/05\/Severo-Coutinho-Freelancer-em-WordPress.pdf\" class=\"wp-block-file__button wp-element-button\" download aria-describedby=\"wp-block-file--media-2c5775f3-fd14-4f58-ba2f-9ea422d357c5\">Descarregar<\/a><\/div>\n\n\n\n<p class=\"wp-block-paragraph\"><strong>Torsten Landsiedel<\/strong> &#8211; How to manage an open source plugin<\/p>\n\n\n\n<div data-wp-interactive=\"core\/file\" class=\"wp-block-file\"><object data-wp-bind--hidden=\"!state.hasPdfPreview\" hidden class=\"wp-block-file__embed\" data=\"https:\/\/porto.wordcamp.org\/2024\/files\/2024\/05\/Torsten-Landsiedel-How-to-manage-an-open-source-plugin.pdf\" type=\"application\/pdf\" style=\"width:100%;height:600px\" aria-label=\"Incorpora\u00e7\u00e3o de Torsten Landsiedel - How to manage an open source plugin.\"><\/object><a id=\"wp-block-file--media-2e907a87-ea4f-4adc-a253-88587b3839fe\" href=\"https:\/\/porto.wordcamp.org\/2024\/files\/2024\/05\/Torsten-Landsiedel-How-to-manage-an-open-source-plugin.pdf\">Torsten Landsiedel &#8211; How to manage an open source plugin<\/a><a href=\"https:\/\/porto.wordcamp.org\/2024\/files\/2024\/05\/Torsten-Landsiedel-How-to-manage-an-open-source-plugin.pdf\" class=\"wp-block-file__button wp-element-button\" download aria-describedby=\"wp-block-file--media-2e907a87-ea4f-4adc-a253-88587b3839fe\">Descarregar<\/a><\/div>\n\n\n\n<p class=\"wp-block-paragraph\"><strong>Wendy Baltodano<\/strong> &#8211; \u00bfCu\u00e1les son las estrategias DevOps m\u00e1s efectivas para el desarrollo web en WordPress?<\/p>\n\n\n\n<div data-wp-interactive=\"core\/file\" class=\"wp-block-file\"><object data-wp-bind--hidden=\"!state.hasPdfPreview\" hidden class=\"wp-block-file__embed\" data=\"https:\/\/porto.wordcamp.org\/2024\/files\/2024\/05\/Wendy-Baltodano-Estrategias-DevOps-para-desarrollo-con-WordPress-WC-Porto-2024.pdf\" type=\"application\/pdf\" style=\"width:100%;height:600px\" aria-label=\"Incorpora\u00e7\u00e3o de Wendy Baltodano - Estrategias DevOps para desarrollo con WordPress - WC Porto 2024.\"><\/object><a id=\"wp-block-file--media-eebe5297-4097-4762-8cd7-b93766d6fda8\" href=\"https:\/\/porto.wordcamp.org\/2024\/files\/2024\/05\/Wendy-Baltodano-Estrategias-DevOps-para-desarrollo-con-WordPress-WC-Porto-2024.pdf\">Wendy Baltodano &#8211; Estrategias DevOps para desarrollo con WordPress &#8211; WC Porto 2024<\/a><a href=\"https:\/\/porto.wordcamp.org\/2024\/files\/2024\/05\/Wendy-Baltodano-Estrategias-DevOps-para-desarrollo-con-WordPress-WC-Porto-2024.pdf\" class=\"wp-block-file__button wp-element-button\" download aria-describedby=\"wp-block-file--media-eebe5297-4097-4762-8cd7-b93766d6fda8\">Descarregar<\/a><\/div>\n\n\n\n<h3 class=\"wp-block-heading\"><strong>Quem pode participar?<\/strong><\/h3>\n\n\n\n<p class=\"wp-block-paragraph\"><strong>Todos!<\/strong>&nbsp;<\/p>\n\n\n\n<p class=\"wp-block-paragraph\">Se j\u00e1 utilizaste o WordPress de alguma forma, certamente ter\u00e1s algo para contribuir. Desde tarefas t\u00e9cnicas como testar e reportar bugs, a desenvolver plugins ou temas, at\u00e9 atividades n\u00e3o t\u00e9cnicas como traduzir o WordPress ou melhorar a documenta\u00e7\u00e3o. H\u00e1 sempre algo para todos.<\/p>\n\n\n\n<p class=\"wp-block-paragraph\">Se \u00e9 a tua primeira vez a contribuir, n\u00e3o te preocupes! Estamos aqui para te orientar.<\/p>\n\n\n\n<h3 class=\"wp-block-heading\"><strong>O que precisas de trazer?<\/strong><\/h3>\n\n\n\n<ul class=\"wp-block-list\">\n<li><strong>O teu port\u00e1til<\/strong> para trabalhares nas tuas tarefas.<\/li>\n\n\n\n<li><strong>Boa disposi\u00e7\u00e3o<\/strong> para um dia produtivo e divertido.<\/li>\n<\/ul>\n\n\n\n<p class=\"wp-block-paragraph\">Aconselhamos tamb\u00e9m que te inscrevas em:<\/p>\n\n\n\n<ul class=\"wp-block-list\">\n<li>wordpress.org<\/li>\n\n\n\n<li>wp-portugal.slack.com para d\u00favidas com a comunidade portuguesa.<\/li>\n\n\n\n<li>wordpress.slack.com para contacto direto com as v\u00e1rias equipas do WordPress.<\/li>\n<\/ul>\n\n\n\n<h3 class=\"wp-block-heading\"><strong>Escolhe a tua Equipa<\/strong><\/h3>\n\n\n\n<p class=\"wp-block-paragraph\">Em cada equipa formada, haver\u00e1 algu\u00e9m respons\u00e1vel para ajudar no que for preciso, mas contamos com a experi\u00eancia e conhecimento de todos.<\/p>\n\n\n\n<p class=\"wp-block-paragraph\"><strong>Core e Gutenberg:<\/strong> Ideal para quem tem conhecimentos de programa\u00e7\u00e3o. Aqui, podes contribuir com a escrita de novo c\u00f3digo, a atualiza\u00e7\u00e3o do existente, ou a corre\u00e7\u00e3o de bugs. Existem tarefas para todos os n\u00edveis de experi\u00eancia.<\/p>\n\n\n\n<p class=\"wp-block-paragraph\"><strong>Poliglotas:<\/strong> Contribui para tornar o WordPress acess\u00edvel em mais l\u00ednguas, traduzindo n\u00e3o s\u00f3 o core, mas tamb\u00e9m temas e plugins.&nbsp;Mais uma novidade este ano, poder\u00e1s <a href=\"https:\/\/translate.wordpress.org\/events\/2024\/wordcamp-porto-portugal-2024-contributor-day\/\">inscrever-te neste link<\/a> para garantir que as tuas contribui\u00e7\u00f5es s\u00e3o contabilizadas durante este evento, por isso, clica no bot\u00e3o &#8220;Attend Event&#8221;.<\/p>\n\n\n\n<p class=\"wp-block-paragraph\"><strong>Temas<\/strong>: Para quem gosta de criar e otimizar temas. Junta-te e contribui para a diversidade do reposit\u00f3rio do WordPress.<\/p>\n\n\n\n<p class=\"wp-block-paragraph\">E lembra-te, o <strong>espa\u00e7o de Ajuda<\/strong> est\u00e1 sempre aberto para troca de conhecimentos e apoio m\u00fatuo.<\/p>\n\n\n\n<p class=\"wp-block-paragraph\">O ambiente neste dia \u00e9 bem descontra\u00eddo, e \u00f3ptimo para socializar e trocar ideias. N\u00e3o precisas de estar o tempo todo em frente ao computador! Se achares que podes contribuir de mais formas, muda de equipa. Toda a ajuda \u00e9 bem-vinda.<\/p>\n\n\n\n<p class=\"wp-block-paragraph\">No final do dia, os resultados das equipas ser\u00e3o apresentados.<\/p>\n\n\n\n<p class=\"wp-block-paragraph\">Poliglota, visita este link para te registares:<\/p>\n\n\n\n<figure class=\"wp-block-image size-medium\"><a href=\"https:\/\/translate.wordpress.org\/events\/2024\/wordcamp-porto-portugal-2024-contributor-day\/\"><img loading=\"lazy\" decoding=\"async\" width=\"244\" height=\"300\" src=\"https:\/\/porto.wordcamp.org\/2024\/files\/2024\/05\/image-244x300.png\" alt=\"\" class=\"wp-image-9163\" srcset=\"https:\/\/porto.wordcamp.org\/2024\/files\/2024\/05\/image-244x300.png 244w, https:\/\/porto.wordcamp.org\/2024\/files\/2024\/05\/image.png 303w\" sizes=\"auto, (max-width: 244px) 100vw, 244px\" \/><\/a><\/figure>\n\n\n\n<h3 class=\"wp-block-heading\"><strong>Participa e Faz a Diferen\u00e7a<\/strong><\/h3>\n\n\n\n<ul class=\"wp-block-list\">\n<li><strong>09:30<\/strong> | Registo &amp; Boas-vindas<\/li>\n\n\n\n<li><strong>10:00<\/strong> | In\u00edcio das Contribui\u00e7\u00f5es &amp; sess\u00f5es de Help Day<\/li>\n\n\n\n<li><strong>12:15<\/strong> | Foto de grupo<\/li>\n\n\n\n<li><strong>12:30<\/strong> | Almo\u00e7o<\/li>\n\n\n\n<li><strong>A partir das 14:00<\/strong> | Apresenta\u00e7\u00f5es ( lista abaixo ) &amp; continua\u00e7\u00e3o de contribui\u00e7\u00f5es<\/li>\n\n\n\n<li><strong>15:30<\/strong> | Coffee break<\/li>\n\n\n\n<li><strong>17:30<\/strong> | Encerramento<\/li>\n<\/ul>\n\n\n\n<p class=\"wp-block-paragraph\">O teu bilhete do WordCamp Porto garante acesso total ao <strong>Dia de Ajuda e Contribui\u00e7\u00e3o<\/strong>, sem custos adicionais.<\/p>\n\n\n\n<h2 class=\"wp-block-heading\">Programa de apresenta\u00e7\u00f5es<\/h2>\n\n\n\n<div class=\"wp-block-group has-global-padding is-layout-constrained wp-block-group-is-layout-constrained\">\n<div\n\tclass=\"wp-block-wordcamp-schedule alignwide is-loading\"\n\t\tdata-attributes=\"{&quot;__isStylesPreview&quot;:false,&quot;align&quot;:&quot;wide&quot;,&quot;chooseSpecificDays&quot;:true,&quot;chosenDays&quot;:[&quot;2024-05-17&quot;],&quot;chooseSpecificTracks&quot;:false,&quot;chosenTrackIds&quot;:[],&quot;showCategories&quot;:true,&quot;useClientTimezone&quot;:false}\"\n>\n\tA carregar&#8230;<\/div>\n\n\n\t<div class=\"email-form fav-session-email-form-hide\">\n\t\t<!-- Tab links -->\n\t\t<div class=\"fav-session-share-tab\">\n\t\t\t\t\t\t\t<div class=\"fav-session-tablinks\" id=\"fav-session-btn-email\">\n\t\t\t\t\tEmail\t\t\t\t<\/div>\n\t\t\t\n\t\t\t<div class=\"fav-session-tablinks\" id=\"fav-session-btn-link\">\n\t\t\t\tLiga\u00e7\u00e3o\t\t\t<\/div>\n\n\t\t\t<div class=\"fav-session-tablinks\" id=\"fav-session-btn-print\">\n\t\t\t\tImprimir\t\t\t<\/div>\n\t\t<\/div>\n\n\t\t<!-- Tab content -->\n\t\t\t\t\t<div id=\"fav-session-tab-email\" class=\"fav-session-share-tabcontent\">\n\t\t\t\t<div id=\"fav-session-email-form\">\n\t\t\t\t\tEnvie-me as minhas sess\u00f5es favoritas:\n\t\t\t\t\t<form id=\"fav-sessions-form\">\n\t\t\t\t\t\t<input\n\t\t\t\t\t\t\ttype=\"text\"\n\t\t\t\t\t\t\tname=\"email_address\"\n\t\t\t\t\t\t\tid=\"fav-sessions-email-address\"\n\t\t\t\t\t\t\tplaceholder=\"me@protonmail.com\"\n\t\t\t\t\t\t\/>\n\t\t\t\t\t\t<input type=\"submit\" value=\"Enviar\" \/>\n\t\t\t\t\t<\/form>\n\t\t\t\t<\/div>\n\n\t\t\t\t<div class=\"fav-session-email-wait-spinner\"><\/div>\n\t\t\t\t<div class=\"fav-session-email-result\"><\/div>\n\t\t\t<\/div>\n\t\t\n\t\t<div id=\"fav-session-tab-link\" class=\"fav-session-share-tabcontent\">\n\t\t\tShareable link:\t\t\t<br \/>\n\t\t\t<a id=\"fav-sessions-link\" href=\"\"><\/a>\n\t\t<\/div>\n\n\t\t<div id=\"fav-session-tab-print\" class=\"fav-session-share-tabcontent\">\n\t\t\t<button id=\"fav-session-print\">\n\t\t\t\tPrint favorite sessions\t\t\t<\/button>\n\t\t<\/div>\n\t<\/div>\n\n\t<a class=\"show-email-form\" href=\"javascript:\">\n\t\t<span class=\"dashicons dashicons-star-filled\"><\/span>\n\t\t<span class=\"dashicons dashicons-email-alt\"><\/span>\n\t<\/a>\n\n\t<\/div>\n\n\n\n<h3 class=\"wp-block-heading\"><strong>Vem Melhorar o WordPress Connosco<\/strong><\/h3>\n\n\n\n<p class=\"wp-block-paragraph\">Este \u00e9 o teu momento para deixar uma marca no WordPress. Aprende, partilha e colabora connosco para enriquecer a comunidade WordPress. Junta-te a n\u00f3s neste dia memor\u00e1vel de crescimento conjunto e contributo valioso.<\/p>\n\n\n\n<p class=\"wp-block-paragraph\">Se ainda n\u00e3o garantiste o teu bilhete, <a href=\"https:\/\/porto.wordcamp.org\/2024\/tickets\/\">certifica-te de o fazer aqui<\/a> para participares nesta experi\u00eancia enriquecedora.<\/p>\n\n\n\n<h3 class=\"wp-block-heading\"><strong>Localiza\u00e7\u00e3o<\/strong><\/h3>\n\n\n\n<figure class=\"wp-block-image size-full\"><img loading=\"lazy\" decoding=\"async\" width=\"766\" height=\"623\" src=\"https:\/\/porto.wordcamp.org\/2024\/files\/2024\/04\/facm-piso0-dir.png\" alt=\"\" class=\"wp-image-6021\" srcset=\"https:\/\/porto.wordcamp.org\/2024\/files\/2024\/04\/facm-piso0-dir.png 766w, https:\/\/porto.wordcamp.org\/2024\/files\/2024\/04\/facm-piso0-dir-300x244.png 300w, https:\/\/porto.wordcamp.org\/2024\/files\/2024\/04\/facm-piso0-dir-369x300.png 369w\" sizes=\"auto, (max-width: 766px) 100vw, 766px\" \/><\/figure>\n","protected":false},"excerpt":{"rendered":"<p>(For english visit&nbsp;Help and Contributors Day) O Dia de Ajuda e Contribui\u00e7\u00e3o acontecer\u00e1 no dia 17 de Maio de 2024. Um projeto como o WordPress, comunit\u00e1rio e de c\u00f3digo aberto, vive da colabora\u00e7\u00e3o de pessoas de todo o mundo, nas mais diversas \u00e1reas: programadores, designers, tradutores, gestores de projetos, criadores de conte\u00fado e muito mais. [&hellip;]<\/p>\n","protected":false},"author":14841532,"featured_media":4400,"parent":0,"menu_order":0,"comment_status":"closed","ping_status":"closed","template":"","meta":{"_crdt_document":"","jetpack_post_was_ever_published":false,"footnotes":""},"class_list":["post-4301","page","type-page","status-publish","has-post-thumbnail","hentry"],"jetpack_sharing_enabled":true,"_links":{"self":[{"href":"https:\/\/porto.wordcamp.org\/2024\/wp-json\/wp\/v2\/pages\/4301","targetHints":{"allow":["GET"]}}],"collection":[{"href":"https:\/\/porto.wordcamp.org\/2024\/wp-json\/wp\/v2\/pages"}],"about":[{"href":"https:\/\/porto.wordcamp.org\/2024\/wp-json\/wp\/v2\/types\/page"}],"author":[{"embeddable":true,"href":"https:\/\/porto.wordcamp.org\/2024\/wp-json\/wp\/v2\/users\/14841532"}],"replies":[{"embeddable":true,"href":"https:\/\/porto.wordcamp.org\/2024\/wp-json\/wp\/v2\/comments?post=4301"}],"version-history":[{"count":22,"href":"https:\/\/porto.wordcamp.org\/2024\/wp-json\/wp\/v2\/pages\/4301\/revisions"}],"predecessor-version":[{"id":9215,"href":"https:\/\/porto.wordcamp.org\/2024\/wp-json\/wp\/v2\/pages\/4301\/revisions\/9215"}],"wp:featuredmedia":[{"embeddable":true,"href":"https:\/\/porto.wordcamp.org\/2024\/wp-json\/wp\/v2\/media\/4400"}],"wp:attachment":[{"href":"https:\/\/porto.wordcamp.org\/2024\/wp-json\/wp\/v2\/media?parent=4301"}],"curies":[{"name":"wp","href":"https:\/\/api.w.org\/{rel}","templated":true}]}}