{"id":589,"date":"2024-01-11T15:47:52","date_gmt":"2024-01-11T15:47:52","guid":{"rendered":"https:\/\/porto.wordcamp.org\/2024\/?page_id=589"},"modified":"2024-04-30T11:00:39","modified_gmt":"2024-04-30T10:00:39","slug":"patrocinador-mecenas","status":"publish","type":"page","link":"https:\/\/porto.wordcamp.org\/2024\/patrocinador-mecenas\/","title":{"rendered":"Patrocinador Mecenas"},"content":{"rendered":"\n<p class=\"wp-block-paragraph\">[<a href=\"https:\/\/porto.wordcamp.org\/2024\/patron-sponsorship-level\/\">English version<\/a>]<\/p>\n\n\n\n<p class=\"wp-block-paragraph\">Ser um patrocinador Mecenas \u00e9 uma forma de ajudar a nossa equipa de volunt\u00e1rios a criar um evento melhor e, ao mesmo tempo, ajudar algu\u00e9m de um grupo sub-representado ou com dificuldades econ\u00f3micas a participar do evento.<\/p>\n\n\n\n<p class=\"wp-block-paragraph\">O valor do bilhete de 150\u20ac \u00e9 aproximadamente o valor real que um participante custa \u00e0 organiza\u00e7\u00e3o, que \u00e9 gerida por volunt\u00e1rios. Esta ajuda \u00e9 extremamente \u00fatil e importante para n\u00f3s, pois permite-nos trazer participantes que normalmente n\u00e3o estariam no evento e ao mesmo tempo ajudar-nos a atingir as nossas necessidades or\u00e7amentais.<\/p>\n\n\n\n<p class=\"wp-block-paragraph\">Se estiver a planear ser um microsponsor, mas n\u00e3o estar\u00e1 no evento e mesmo assim quer ajudar, pode faze-lo <strong>comprando o bilhete de patrocinador Mecenas que ir\u00e1 ser atribu\u00eddo a algu\u00e9m<\/strong>.<\/p>\n\n\n\n<p class=\"wp-block-paragraph\">Patrocinadores Mecenas:<\/p>\n\n\n\n<div class=\"wp-block-group has-global-padding is-layout-constrained wp-block-group-is-layout-constrained\">\n<div class=\"wp-block-group is-nowrap is-layout-flex wp-container-core-group-is-layout-3a88641f wp-block-group-is-layout-flex\">\n<p class=\"wp-block-paragraph\"><a href=\"https:\/\/www.seopress.org\/\" target=\"_blank\" rel=\"noreferrer noopener\">SEOPress<\/a><\/p>\n\n\n\n<p class=\"wp-block-paragraph\"><a href=\"https:\/\/wpconnect.co\/\" target=\"_blank\" rel=\"noreferrer noopener\">WP connect<\/a><\/p>\n\n\n\n<p class=\"wp-block-paragraph\"><a href=\"https:\/\/pluginslab.com\/\" target=\"_blank\" rel=\"noreferrer noopener\">pluginslab<\/a><\/p>\n<\/div>\n<\/div>\n\n\n\n<p class=\"wp-block-paragraph\"><\/p>\n\n\n\n<div class=\"wp-block-group has-base-2-background-color has-background has-large-font-size has-global-padding is-layout-constrained wp-container-core-group-is-layout-34a480d6 wp-block-group-is-layout-constrained\" style=\"padding-top:var(--wp--preset--spacing--20);padding-right:var(--wp--preset--spacing--20);padding-bottom:var(--wp--preset--spacing--20);padding-left:var(--wp--preset--spacing--20)\">\n<p class=\"has-large-font-size wp-block-paragraph\"><a href=\"https:\/\/porto.wordcamp.org\/2024\/bilhetes-mecenas\/\" data-type=\"page\" data-id=\"6578\">Potenciais candidatos a bilhete gratuito podem preencher aqui o formul\u00e1rio<\/a>.<\/p>\n<\/div>\n\n\n\n<p class=\"wp-block-paragraph\"><strong>Qual a diferen\u00e7a entre este bilhete\/n\u00edvel de patroc\u00ednio Mecenas e o Microsponsor?<\/strong><\/p>\n\n\n\n<p class=\"wp-block-paragraph\">Um microsponsor tamb\u00e9m est\u00e1 listado numa parte espec\u00edfica do nosso site, apenas o link, mas funciona como um bilhete que vai para o microsponsor que o adquiriu. \u00c9 uma forma de o participante pagar o custo real e ter o seu projecto ou empresa mencionado no nosso site. Eles compram o bilhete e est\u00e3o presentes no evento. O Mecenas compra o bilhete, tem os mesmos benef\u00edcios do Microsponsor, mas oferece o bilhete a outra pessoa, que de outra forma talvez n\u00e3o fosse ao evento.<\/p>\n\n\n\n<p class=\"wp-block-paragraph\"><strong>Porqu\u00ea pagar 150\u20ac pelo bilhete se eu tamb\u00e9m posso oferecer um bilhete por 35\u20ac?<\/strong><\/p>\n\n\n\n<p class=\"wp-block-paragraph\">Ao pagar 150\u20ac o Mecenas est\u00e1 tamb\u00e9m a ajudar a equipa de organiza\u00e7\u00e3o a atingir as suas necessidades or\u00e7amentais, uma vez que este seria o custo real de um participante. A equipa da organiza\u00e7\u00e3o \u00e9 formada por volunt\u00e1rios e contamos com patrocinadores para a realiza\u00e7\u00e3o do evento. Em troca ter\u00e1 tamb\u00e9m uma men\u00e7\u00e3o especial e link no nosso site.<\/p>\n\n\n\n<div class=\"wp-block-buttons is-content-justification-center is-layout-flex wp-container-core-buttons-is-layout-0aa01211 wp-block-buttons-is-layout-flex\">\n<div class=\"wp-block-button\"><a class=\"wp-block-button__link wp-element-button\" href=\"https:\/\/porto.wordcamp.org\/2024\/tickets\/\">Comprar Bilhete Patrocinador Mecenas<\/a><\/div>\n<\/div>\n","protected":false},"excerpt":{"rendered":"<p>[English version] Ser um patrocinador Mecenas \u00e9 uma forma de ajudar a nossa equipa de volunt\u00e1rios a criar um evento melhor e, ao mesmo tempo, ajudar algu\u00e9m de um grupo sub-representado ou com dificuldades econ\u00f3micas a participar do evento. O valor do bilhete de 150\u20ac \u00e9 aproximadamente o valor real que um participante custa \u00e0 [&hellip;]<\/p>\n","protected":false},"author":8433142,"featured_media":0,"parent":0,"menu_order":0,"comment_status":"closed","ping_status":"closed","template":"","meta":{"_crdt_document":"","jetpack_post_was_ever_published":false,"footnotes":""},"class_list":["post-589","page","type-page","status-publish","hentry"],"jetpack_sharing_enabled":true,"_links":{"self":[{"href":"https:\/\/porto.wordcamp.org\/2024\/wp-json\/wp\/v2\/pages\/589","targetHints":{"allow":["GET"]}}],"collection":[{"href":"https:\/\/porto.wordcamp.org\/2024\/wp-json\/wp\/v2\/pages"}],"about":[{"href":"https:\/\/porto.wordcamp.org\/2024\/wp-json\/wp\/v2\/types\/page"}],"author":[{"embeddable":true,"href":"https:\/\/porto.wordcamp.org\/2024\/wp-json\/wp\/v2\/users\/8433142"}],"replies":[{"embeddable":true,"href":"https:\/\/porto.wordcamp.org\/2024\/wp-json\/wp\/v2\/comments?post=589"}],"version-history":[{"count":6,"href":"https:\/\/porto.wordcamp.org\/2024\/wp-json\/wp\/v2\/pages\/589\/revisions"}],"predecessor-version":[{"id":6594,"href":"https:\/\/porto.wordcamp.org\/2024\/wp-json\/wp\/v2\/pages\/589\/revisions\/6594"}],"wp:attachment":[{"href":"https:\/\/porto.wordcamp.org\/2024\/wp-json\/wp\/v2\/media?parent=589"}],"curies":[{"name":"wp","href":"https:\/\/api.w.org\/{rel}","templated":true}]}}